{"id":76988,"date":"2026-04-09T14:28:04","date_gmt":"2026-04-09T12:28:04","guid":{"rendered":"https:\/\/www.fleurop-home.ch\/de-ch\/p\/gruenes-dekoband-geschenkband-aus-organza-6-x-2-m"},"modified":"2026-04-13T11:25:23","modified_gmt":"2026-04-13T09:25:23","slug":"gruenes-dekoband-geschenkband-aus-organza-6-x-2-m","status":"publish","type":"product","link":"https:\/\/www.fleurop-home.ch\/de-ch\/p\/gruenes-dekoband-geschenkband-aus-organza-6-x-2-m","title":{"rendered":"Gr\u00fcnes Dekoband \/ Geschenkband aus Organza 6 x 2 m"},"content":{"rendered":"<p>Das hochwertige und moderne Organzaband sollte bei den beliebten und verschiedenen Bastelarbeiten nicht fehlen! Es l\u00e4sst sich leicht und schnell f\u00fcr Dekorationszwecke oder beim Verpacken von Geschenken und anderen Gegenst\u00e4nden einsetzen.<\/p>\n<p>Abmessungen:<br \/>\n\u2022 4 mm x 2 m<br \/>\n\u2022 7 mm x 2 m<br \/>\n\u2022 10 mm x 2 m<br \/>\n\u2022 15 mm x 2 m<br \/>\n\u2022 20 mm x 2 m<br \/>\n\u2022 40 mm x 2 m<\/p>\n","protected":false},"excerpt":{"rendered":"<p>Organzaband, gr\u00fcn, 6&#215;2 m<\/p>\n","protected":false},"featured_media":76987,"template":"","meta":[],"product_brand":[],"product_cat":[1193,23,29],"product_tag":[324],"woo-feed-brand":[],"class_list":{"0":"post-76988","1":"product","2":"type-product","3":"status-publish","4":"has-post-thumbnail","6":"product_cat-baender-tueten","7":"product_cat-home-living","8":"product_cat-do-it-yourself","9":"product_tag-marein-ag","11":"first","12":"instock","13":"taxable","14":"shipping-taxable","15":"purchasable","16":"product-type-simple"},"_links":{"self":[{"href":"https:\/\/www.fleurop-home.ch\/de-ch\/wp-json\/wp\/v2\/product\/76988","targetHints":{"allow":["GET"]}}],"collection":[{"href":"https:\/\/www.fleurop-home.ch\/de-ch\/wp-json\/wp\/v2\/product"}],"about":[{"href":"https:\/\/www.fleurop-home.ch\/de-ch\/wp-json\/wp\/v2\/types\/product"}],"wp:featuredmedia":[{"embeddable":true,"href":"https:\/\/www.fleurop-home.ch\/de-ch\/wp-json\/wp\/v2\/media\/76987"}],"wp:attachment":[{"href":"https:\/\/www.fleurop-home.ch\/de-ch\/wp-json\/wp\/v2\/media?parent=76988"}],"wp:term":[{"taxonomy":"product_brand","embeddable":true,"href":"https:\/\/www.fleurop-home.ch\/de-ch\/wp-json\/wp\/v2\/product_brand?post=76988"},{"taxonomy":"product_cat","embeddable":true,"href":"https:\/\/www.fleurop-home.ch\/de-ch\/wp-json\/wp\/v2\/product_cat?post=76988"},{"taxonomy":"product_tag","embeddable":true,"href":"https:\/\/www.fleurop-home.ch\/de-ch\/wp-json\/wp\/v2\/product_tag?post=76988"},{"taxonomy":"woo-feed-brand","embeddable":true,"href":"https:\/\/www.fleurop-home.ch\/de-ch\/wp-json\/wp\/v2\/woo-feed-brand?post=76988"}],"curies":[{"name":"wp","href":"https:\/\/api.w.org\/{rel}","templated":true}]}}