{"id":76981,"date":"2026-04-09T14:27:48","date_gmt":"2026-04-09T12:27:48","guid":{"rendered":"https:\/\/www.fleurop-home.ch\/de-ch\/p\/gift-tags-geschenkanhaenger-fuer-pakete-assortiert-mit-zehn-bunten-mini-holzklammern-fuer-verpackungen-und-dekorationen-schwarz-weiss-4-x-7-cm-0-7-x-3-5-cm-40-tlg"},"modified":"2026-04-09T16:23:39","modified_gmt":"2026-04-09T14:23:39","slug":"gift-tags-schwarz-weiss-40-tlg","status":"publish","type":"product","link":"https:\/\/www.fleurop-home.ch\/de-ch\/p\/gift-tags-schwarz-weiss-40-tlg","title":{"rendered":"Gift Tags, schwarz\/weiss, 40 tlg."},"content":{"rendered":"<p>&nbsp;<\/p>\n<p>\u2022 30 Geschenkanh\u00e4nger, 4 x 7 cm<br \/>\n\u2022 10 Klammern, 0.7 x 3.5 cm<\/p>\n<p>Mit den 30 blanco Geschenkanh\u00e4ngern k\u00f6nnen Geschenkverpackungen stilvoll beschriftet werden. Im Set sind passende Holzklammern zur Befestigung der Karten an den Geschenken enthalten.<br \/>\nAuch f\u00fcr Feste lassen sich die h\u00fcbschen Etiketten mit den Miniholzklammern an Servietten geheftet f\u00fcr h\u00fcbsche Tischdekoration einsetzen.<\/p>\n<p>Anh\u00e4nger mit Schnur, Etiketten, mini Klammern, Holzklammern, W\u00e4scheklammern, Clips, Verpackungen, Dekorationen, Namenstafel, Namensetikett, Hochzeit, Geburtstag, Valentinstag, Muttertag, Taufe<\/p>\n","protected":false},"excerpt":{"rendered":"<p>Gift Tags, Geschenkanh\u00e4nger f\u00fcr Pakete assortiert mit zehn bunten mini Holzklammern f\u00fcr Verpackungen und Dekorationen, Schwarz &amp; Weiss, 4 x 7 cm &amp; 0.7 x 3.5 cm, 40 tlg.<\/p>\n","protected":false},"featured_media":76980,"template":"","meta":[],"product_brand":[],"product_cat":[1193,23,29],"product_tag":[324],"woo-feed-brand":[],"class_list":{"0":"post-76981","1":"product","2":"type-product","3":"status-publish","4":"has-post-thumbnail","6":"product_cat-baender-tueten","7":"product_cat-home-living","8":"product_cat-do-it-yourself","9":"product_tag-marein-ag","11":"first","12":"instock","13":"taxable","14":"shipping-taxable","15":"purchasable","16":"product-type-simple"},"_links":{"self":[{"href":"https:\/\/www.fleurop-home.ch\/de-ch\/wp-json\/wp\/v2\/product\/76981","targetHints":{"allow":["GET"]}}],"collection":[{"href":"https:\/\/www.fleurop-home.ch\/de-ch\/wp-json\/wp\/v2\/product"}],"about":[{"href":"https:\/\/www.fleurop-home.ch\/de-ch\/wp-json\/wp\/v2\/types\/product"}],"wp:featuredmedia":[{"embeddable":true,"href":"https:\/\/www.fleurop-home.ch\/de-ch\/wp-json\/wp\/v2\/media\/76980"}],"wp:attachment":[{"href":"https:\/\/www.fleurop-home.ch\/de-ch\/wp-json\/wp\/v2\/media?parent=76981"}],"wp:term":[{"taxonomy":"product_brand","embeddable":true,"href":"https:\/\/www.fleurop-home.ch\/de-ch\/wp-json\/wp\/v2\/product_brand?post=76981"},{"taxonomy":"product_cat","embeddable":true,"href":"https:\/\/www.fleurop-home.ch\/de-ch\/wp-json\/wp\/v2\/product_cat?post=76981"},{"taxonomy":"product_tag","embeddable":true,"href":"https:\/\/www.fleurop-home.ch\/de-ch\/wp-json\/wp\/v2\/product_tag?post=76981"},{"taxonomy":"woo-feed-brand","embeddable":true,"href":"https:\/\/www.fleurop-home.ch\/de-ch\/wp-json\/wp\/v2\/woo-feed-brand?post=76981"}],"curies":[{"name":"wp","href":"https:\/\/api.w.org\/{rel}","templated":true}]}}