{"id":76975,"date":"2026-04-09T14:27:42","date_gmt":"2026-04-09T12:27:42","guid":{"rendered":"https:\/\/www.fleurop-home.ch\/de-ch\/p\/geschenkanhaenger-gift-tags-naturtoene-24-stk"},"modified":"2026-04-15T12:22:12","modified_gmt":"2026-04-15T10:22:12","slug":"geschenkanhaenger-naturtoene-24-stk","status":"publish","type":"product","link":"https:\/\/www.fleurop-home.ch\/de-ch\/p\/geschenkanhaenger-naturtoene-24-stk","title":{"rendered":"Geschenkanh\u00e4nger, Naturt\u00f6ne, 24 Stk."},"content":{"rendered":"<p>Mit einem Geschenkanh\u00e4nger kannst du eine Geschenkverpackung stilvoll gestalten und dem oder der Beschenkten eine besondere Freude bereiten. Im Set ist eine passende Schnur zur Befestigung an Geschenken enthalten.<\/p>\n<p>\u2022 4 x 7.5 cm, inkl. 2 m Schnur<br \/>\n\u2022 6 Farben \u00e0 4 St\u00fcck<\/p>\n","protected":false},"excerpt":{"rendered":"<p>Tags, naturt\u00f6ne, 24 Stk. und 2 m Schnur<\/p>\n","protected":false},"featured_media":76974,"template":"","meta":[],"product_brand":[],"product_cat":[1193,23,29],"product_tag":[324],"woo-feed-brand":[],"class_list":{"0":"post-76975","1":"product","2":"type-product","3":"status-publish","4":"has-post-thumbnail","6":"product_cat-baender-tueten","7":"product_cat-home-living","8":"product_cat-do-it-yourself","9":"product_tag-marein-ag","11":"first","12":"instock","13":"taxable","14":"shipping-taxable","15":"purchasable","16":"product-type-simple"},"_links":{"self":[{"href":"https:\/\/www.fleurop-home.ch\/de-ch\/wp-json\/wp\/v2\/product\/76975","targetHints":{"allow":["GET"]}}],"collection":[{"href":"https:\/\/www.fleurop-home.ch\/de-ch\/wp-json\/wp\/v2\/product"}],"about":[{"href":"https:\/\/www.fleurop-home.ch\/de-ch\/wp-json\/wp\/v2\/types\/product"}],"wp:featuredmedia":[{"embeddable":true,"href":"https:\/\/www.fleurop-home.ch\/de-ch\/wp-json\/wp\/v2\/media\/76974"}],"wp:attachment":[{"href":"https:\/\/www.fleurop-home.ch\/de-ch\/wp-json\/wp\/v2\/media?parent=76975"}],"wp:term":[{"taxonomy":"product_brand","embeddable":true,"href":"https:\/\/www.fleurop-home.ch\/de-ch\/wp-json\/wp\/v2\/product_brand?post=76975"},{"taxonomy":"product_cat","embeddable":true,"href":"https:\/\/www.fleurop-home.ch\/de-ch\/wp-json\/wp\/v2\/product_cat?post=76975"},{"taxonomy":"product_tag","embeddable":true,"href":"https:\/\/www.fleurop-home.ch\/de-ch\/wp-json\/wp\/v2\/product_tag?post=76975"},{"taxonomy":"woo-feed-brand","embeddable":true,"href":"https:\/\/www.fleurop-home.ch\/de-ch\/wp-json\/wp\/v2\/woo-feed-brand?post=76975"}],"curies":[{"name":"wp","href":"https:\/\/api.w.org\/{rel}","templated":true}]}}