{"id":76963,"date":"2026-04-09T14:27:27","date_gmt":"2026-04-09T12:27:27","guid":{"rendered":"https:\/\/www.fleurop-home.ch\/de-ch\/p\/federnset-schmuckfedern-set-mit-naturfedern-und-papierfedern-mit-glitter-gold-bakers-twine-und-kleinen-etiketten-pastellfarben-gold-10-16-cm-22-tlg"},"modified":"2026-04-13T16:27:19","modified_gmt":"2026-04-13T14:27:19","slug":"schmuckfedern-set-gruen-gold","status":"publish","type":"product","link":"https:\/\/www.fleurop-home.ch\/de-ch\/p\/schmuckfedern-set-gruen-gold","title":{"rendered":"Schmuckfedern Set, gr\u00fcn &#038; gold"},"content":{"rendered":"<p>Federnset, Schmuckfedern Set mit Naturfedern und Papierfedern mit Glitter, Gold Bakers Twine und kleinen Etiketten, Pastellfarben &amp;amp; Gold, 10-16 cm, 22 tlg.<\/p>\n<p>Dieses Schmuckfedern Set wirkt durch die Veredelung mit dem goldenen Glitter sehr elegant und edel. Die h\u00fcbschen Federn eignen sich wunderbar f\u00fcr Verzierungen von Geschenken oder als Dekoration von Traumf\u00e4ngern, Karten, Deko- und Bastelarbeiten. Die schicke d\u00fcne Kordel mit Lurex Goldf\u00e4den gezwirnt kann als Geschenk- oder Dekoband eingesetzt werden. Passend dazu die kleinen Gold gepunkteten Geschenkanh\u00e4nger in Wimpelform. Damit wird jedes Geschenk zum Hingucker.<\/p>\n","protected":false},"excerpt":{"rendered":"<p>Federset, gr\u00fcn \/ gold, 22 tlg.<\/p>\n","protected":false},"featured_media":76962,"template":"","meta":[],"product_brand":[],"product_cat":[1196,23,29],"product_tag":[324],"woo-feed-brand":[],"class_list":{"0":"post-76963","1":"product","2":"type-product","3":"status-publish","4":"has-post-thumbnail","6":"product_cat-natur-deko","7":"product_cat-home-living","8":"product_cat-do-it-yourself","9":"product_tag-marein-ag","11":"first","12":"instock","13":"taxable","14":"shipping-taxable","15":"purchasable","16":"product-type-simple"},"_links":{"self":[{"href":"https:\/\/www.fleurop-home.ch\/de-ch\/wp-json\/wp\/v2\/product\/76963","targetHints":{"allow":["GET"]}}],"collection":[{"href":"https:\/\/www.fleurop-home.ch\/de-ch\/wp-json\/wp\/v2\/product"}],"about":[{"href":"https:\/\/www.fleurop-home.ch\/de-ch\/wp-json\/wp\/v2\/types\/product"}],"wp:featuredmedia":[{"embeddable":true,"href":"https:\/\/www.fleurop-home.ch\/de-ch\/wp-json\/wp\/v2\/media\/76962"}],"wp:attachment":[{"href":"https:\/\/www.fleurop-home.ch\/de-ch\/wp-json\/wp\/v2\/media?parent=76963"}],"wp:term":[{"taxonomy":"product_brand","embeddable":true,"href":"https:\/\/www.fleurop-home.ch\/de-ch\/wp-json\/wp\/v2\/product_brand?post=76963"},{"taxonomy":"product_cat","embeddable":true,"href":"https:\/\/www.fleurop-home.ch\/de-ch\/wp-json\/wp\/v2\/product_cat?post=76963"},{"taxonomy":"product_tag","embeddable":true,"href":"https:\/\/www.fleurop-home.ch\/de-ch\/wp-json\/wp\/v2\/product_tag?post=76963"},{"taxonomy":"woo-feed-brand","embeddable":true,"href":"https:\/\/www.fleurop-home.ch\/de-ch\/wp-json\/wp\/v2\/woo-feed-brand?post=76963"}],"curies":[{"name":"wp","href":"https:\/\/api.w.org\/{rel}","templated":true}]}}