{"id":76956,"date":"2026-04-09T14:27:14","date_gmt":"2026-04-09T12:27:14","guid":{"rendered":"https:\/\/www.fleurop-home.ch\/de-ch\/p\/dunkelrote-klappkarte-you-are-amazing-zum-aufstellen"},"modified":"2026-04-13T11:54:54","modified_gmt":"2026-04-13T09:54:54","slug":"dunkelrote-klappkarte-you-are-amazing","status":"publish","type":"product","link":"https:\/\/www.fleurop-home.ch\/de-ch\/p\/dunkelrote-klappkarte-you-are-amazing","title":{"rendered":"Dunkelrote Klappkarte \u201cyou are amazing.\u201d"},"content":{"rendered":"<p>Die ideale Klappkarte f\u00fcr eine herzliche Nachricht an deine Liebsten, passend f\u00fcr Gl\u00fcckw\u00fcnsche und Aufmunterungen.<\/p>\n<p>\u2022 Zweiseitige Klappkarte<br \/>\n\u2022 Blanko Innenseiten<br \/>\n\u2022 Hochwertiges, Matt-bedrucktes Naturpapier<br \/>\n\u2022 Satte Farben in hoher Druckaufl\u00f6sung<br \/>\n\u2022 Gl\u00e4nzender Folienprint in Gold<br \/>\n\u2022 Made in Germany<\/p>\n","protected":false},"excerpt":{"rendered":"<p>Die ideale Klappkarte f\u00fcr eine herzliche Nachricht an deine Liebsten, passend f\u00fcr Gl\u00fcckw\u00fcnsche und Aufmunterungen.<\/p>\n","protected":false},"featured_media":76955,"template":"","meta":[],"product_brand":[],"product_cat":[58,52],"product_tag":[324],"woo-feed-brand":[],"class_list":{"0":"post-76956","1":"product","2":"type-product","3":"status-publish","4":"has-post-thumbnail","6":"product_cat-grusskarten","7":"product_cat-geschenke","8":"product_tag-marein-ag","10":"first","11":"instock","12":"taxable","13":"shipping-taxable","14":"purchasable","15":"product-type-simple"},"_links":{"self":[{"href":"https:\/\/www.fleurop-home.ch\/de-ch\/wp-json\/wp\/v2\/product\/76956","targetHints":{"allow":["GET"]}}],"collection":[{"href":"https:\/\/www.fleurop-home.ch\/de-ch\/wp-json\/wp\/v2\/product"}],"about":[{"href":"https:\/\/www.fleurop-home.ch\/de-ch\/wp-json\/wp\/v2\/types\/product"}],"wp:featuredmedia":[{"embeddable":true,"href":"https:\/\/www.fleurop-home.ch\/de-ch\/wp-json\/wp\/v2\/media\/76955"}],"wp:attachment":[{"href":"https:\/\/www.fleurop-home.ch\/de-ch\/wp-json\/wp\/v2\/media?parent=76956"}],"wp:term":[{"taxonomy":"product_brand","embeddable":true,"href":"https:\/\/www.fleurop-home.ch\/de-ch\/wp-json\/wp\/v2\/product_brand?post=76956"},{"taxonomy":"product_cat","embeddable":true,"href":"https:\/\/www.fleurop-home.ch\/de-ch\/wp-json\/wp\/v2\/product_cat?post=76956"},{"taxonomy":"product_tag","embeddable":true,"href":"https:\/\/www.fleurop-home.ch\/de-ch\/wp-json\/wp\/v2\/product_tag?post=76956"},{"taxonomy":"woo-feed-brand","embeddable":true,"href":"https:\/\/www.fleurop-home.ch\/de-ch\/wp-json\/wp\/v2\/woo-feed-brand?post=76956"}],"curies":[{"name":"wp","href":"https:\/\/api.w.org\/{rel}","templated":true}]}}