{"id":76948,"date":"2026-04-09T14:26:54","date_gmt":"2026-04-09T12:26:54","guid":{"rendered":"https:\/\/www.fleurop-home.ch\/de-ch\/p\/doppelspitzen-marker-12-stk"},"modified":"2026-04-16T13:26:32","modified_gmt":"2026-04-16T11:26:32","slug":"doppelspitzen-marker-12-stk","status":"publish","type":"product","link":"https:\/\/www.fleurop-home.ch\/de-ch\/p\/doppelspitzen-marker-12-stk","title":{"rendered":"Doppelspitzen Marker, 12 Stk."},"content":{"rendered":"<p>Der farbstarke Doppelspitzen Marker eignet sich hervorragend f\u00fcr Handlettering, zum Zeichnen, Malen, Kolorieren und Illustrieren. Er verf\u00fcgt \u00fcber eine feine Stiftspitze an einem Ende und eine pinselartige Spitze f\u00fcr feine und breite Striche auf der anderen Seite. So ist es m\u00f6glich, verschiedene Techniken anzuwenden. Die pr\u00e4zisen Spitzen sorgen f\u00fcr exzellente Kantensch\u00e4rfe sowie f\u00fcr fliessend vriierende Strichbreiten und die 12 Farbt\u00f6nen erm\u00f6glichen eine fast undbegrenzte M\u00f6glichkeiten an Farbkompositionen.<\/p>\n<p>Strichbreite: ca. 0.3 bis 10 mm<br \/>\n\u2022 Gelb<br \/>\n\u2022 Orange<br \/>\n\u2022 Rot<br \/>\n\u2022 Pink<br \/>\n\u2022 Violett<br \/>\n\u2022 Hellblau<br \/>\n\u2022 Blau<br \/>\n\u2022 Hellgr\u00fcn<br \/>\n\u2022 Gr\u00fcn<br \/>\n\u2022 Braun<br \/>\n\u2022 Grau<br \/>\n\u2022 Schwarz<\/p>\n","protected":false},"excerpt":{"rendered":"<p>Dual Brush Pencils, wasserbasis, 12 Stk.<\/p>\n","protected":false},"featured_media":76947,"template":"","meta":[],"product_brand":[],"product_cat":[1195,23,1263,29],"product_tag":[324],"woo-feed-brand":[],"class_list":{"0":"post-76948","1":"product","2":"type-product","3":"status-publish","4":"has-post-thumbnail","6":"product_cat-dekogrundlagen","7":"product_cat-home-living","8":"product_cat-fleuropkids","9":"product_cat-do-it-yourself","10":"product_tag-marein-ag","12":"first","13":"instock","14":"taxable","15":"shipping-taxable","16":"purchasable","17":"product-type-simple"},"_links":{"self":[{"href":"https:\/\/www.fleurop-home.ch\/de-ch\/wp-json\/wp\/v2\/product\/76948","targetHints":{"allow":["GET"]}}],"collection":[{"href":"https:\/\/www.fleurop-home.ch\/de-ch\/wp-json\/wp\/v2\/product"}],"about":[{"href":"https:\/\/www.fleurop-home.ch\/de-ch\/wp-json\/wp\/v2\/types\/product"}],"wp:featuredmedia":[{"embeddable":true,"href":"https:\/\/www.fleurop-home.ch\/de-ch\/wp-json\/wp\/v2\/media\/76947"}],"wp:attachment":[{"href":"https:\/\/www.fleurop-home.ch\/de-ch\/wp-json\/wp\/v2\/media?parent=76948"}],"wp:term":[{"taxonomy":"product_brand","embeddable":true,"href":"https:\/\/www.fleurop-home.ch\/de-ch\/wp-json\/wp\/v2\/product_brand?post=76948"},{"taxonomy":"product_cat","embeddable":true,"href":"https:\/\/www.fleurop-home.ch\/de-ch\/wp-json\/wp\/v2\/product_cat?post=76948"},{"taxonomy":"product_tag","embeddable":true,"href":"https:\/\/www.fleurop-home.ch\/de-ch\/wp-json\/wp\/v2\/product_tag?post=76948"},{"taxonomy":"woo-feed-brand","embeddable":true,"href":"https:\/\/www.fleurop-home.ch\/de-ch\/wp-json\/wp\/v2\/woo-feed-brand?post=76948"}],"curies":[{"name":"wp","href":"https:\/\/api.w.org\/{rel}","templated":true}]}}