{"id":76943,"date":"2026-04-09T14:26:50","date_gmt":"2026-04-09T12:26:50","guid":{"rendered":"https:\/\/www.fleurop-home.ch\/de-ch\/p\/doppelseitiges-nano-klebeband-wasserdicht-20-mm-x-5m-2-stk"},"modified":"2026-04-15T13:45:06","modified_gmt":"2026-04-15T11:45:06","slug":"nano-klebeband-20mmx5m-2-stk","status":"publish","type":"product","link":"https:\/\/www.fleurop-home.ch\/de-ch\/p\/nano-klebeband-20mmx5m-2-stk","title":{"rendered":"Nano Klebeband 20mmx5m, 2 Stk."},"content":{"rendered":"<p>Kaufe jetzt unser (2er Set) doppelseitiges Nano Klebeband und fixiere bspw. kleine Bilderrahmen, eine Wanduhr, einen Handtuchhalter bzw. eine Hakenleiste f\u00fcr K\u00fcchenutensilien einfach an der Wand und zwar ohne m\u00fchsames und aufwendiges Bohren. Aber auch f\u00fcr den B\u00fcrobedarf ist das Nano Klebeband vielseitig einsetzbar, so lassen sich Stifte und andere Schreibger\u00e4te, B\u00fcroheftger\u00e4te usw. kinderleicht und nahezu allen glatten Oberfl\u00e4chen montieren.<\/p>\n<p>Das wiederverwendbare, doppelseitige Nano Klebeband passt sich jeder Form und jedem Gegenstand an. Dank des umweltfreundlichem Nano Klebestoffes h\u00e4lt dieses Tape auf glatten Oberfl\u00e4chen wie, Keramikfliesen, Marmor, Glas, etc. Der Klebstoff hat eine gute Dehnbarkeit, ist UV-best\u00e4ndig und h\u00e4lt Gegenst\u00e4nde bis zu 1 kg. Zudem kannst Du es r\u00fcckstandslos von den genannten Oberfl\u00e4chen entfernen und es wieder verwenden.<\/p>\n<p>Reinige den Untergrund, um mit dem Montage Tape h\u00f6chste Tragekraft zu erreichen.<\/p>\n<p>HINWEIS: Auf rauen und nassen, sowie unebenen Oberfl\u00e4chen haftet das Nano Tape nicht. Nano Tape auf Oberfl\u00e4chen welche beschichtet, lackiert, o.\u00c4. sind, wie bspw. Holz, vorsichtig\/langsam abl\u00f6sen\/entfernen, um Besch\u00e4digungen zu vermeiden. Die beste Klebkraft des Klebebands liegt bei einer Temperatur zwischen 20 \u2013 35 Grad und ist hitzebest\u00e4ndig bis 100 Grad.<\/p>\n<p>Wasserdichtes, wiederverwendbares und doppelseitiges Nano-Klebeband:<\/p>\n<p>\u2022 Starke Viskosit\u00e4t<br \/>\n\u2022 Waschbar und wiederverwendbar<br \/>\n\u2022 Doppelseitiges Nano-Material<br \/>\n\u2022 Einfach zu schneiden \/ montieren<br \/>\n\u2022 Spurlos abl\u00f6sbar<br \/>\n\u2022 Fixierung s\u00e4mtlicher Gegenst\u00e4nde<br \/>\n\u2022 Anwendbar auf s\u00e4mtlichen glatten Oberfl\u00e4chen<br \/>\n\u2022 Farbe: Transparent<br \/>\n\u2022 Material: PVC-Kunststoff<br \/>\n\u2022 Gr\u00f6sse: ca. 20mm x 5m<br \/>\n\u2022 Dicke: 1mm<br \/>\n\u2022 Gewicht: ca. 88g<br \/>\n\u2022 Tragbarkeit: 1 kg<\/p>\n","protected":false},"excerpt":{"rendered":"<p>(2er Set) 20mmx5m Doppelseitiges Nano Klebeband Wasserdicht \/ Wiedervewendbar<\/p>\n","protected":false},"featured_media":76942,"template":"","meta":[],"product_brand":[],"product_cat":[1195,23,29],"product_tag":[324],"woo-feed-brand":[],"class_list":{"0":"post-76943","1":"product","2":"type-product","3":"status-publish","4":"has-post-thumbnail","6":"product_cat-dekogrundlagen","7":"product_cat-home-living","8":"product_cat-do-it-yourself","9":"product_tag-marein-ag","11":"first","12":"instock","13":"taxable","14":"shipping-taxable","15":"purchasable","16":"product-type-simple"},"_links":{"self":[{"href":"https:\/\/www.fleurop-home.ch\/de-ch\/wp-json\/wp\/v2\/product\/76943","targetHints":{"allow":["GET"]}}],"collection":[{"href":"https:\/\/www.fleurop-home.ch\/de-ch\/wp-json\/wp\/v2\/product"}],"about":[{"href":"https:\/\/www.fleurop-home.ch\/de-ch\/wp-json\/wp\/v2\/types\/product"}],"wp:featuredmedia":[{"embeddable":true,"href":"https:\/\/www.fleurop-home.ch\/de-ch\/wp-json\/wp\/v2\/media\/76942"}],"wp:attachment":[{"href":"https:\/\/www.fleurop-home.ch\/de-ch\/wp-json\/wp\/v2\/media?parent=76943"}],"wp:term":[{"taxonomy":"product_brand","embeddable":true,"href":"https:\/\/www.fleurop-home.ch\/de-ch\/wp-json\/wp\/v2\/product_brand?post=76943"},{"taxonomy":"product_cat","embeddable":true,"href":"https:\/\/www.fleurop-home.ch\/de-ch\/wp-json\/wp\/v2\/product_cat?post=76943"},{"taxonomy":"product_tag","embeddable":true,"href":"https:\/\/www.fleurop-home.ch\/de-ch\/wp-json\/wp\/v2\/product_tag?post=76943"},{"taxonomy":"woo-feed-brand","embeddable":true,"href":"https:\/\/www.fleurop-home.ch\/de-ch\/wp-json\/wp\/v2\/woo-feed-brand?post=76943"}],"curies":[{"name":"wp","href":"https:\/\/api.w.org\/{rel}","templated":true}]}}