{"id":76933,"date":"2026-04-09T14:26:39","date_gmt":"2026-04-09T12:26:39","guid":{"rendered":"https:\/\/www.fleurop-home.ch\/de-ch\/p\/dekobaender-geschenkbaender-in-verschiedenen-ausfuehrungen-fuer-geschenke-und-zum-basteln-weiss-15-mm-x-2-m-5-motive-assortiert"},"modified":"2026-04-10T08:38:54","modified_gmt":"2026-04-10T06:38:54","slug":"dekoband-5-x-2-m-weiss","status":"publish","type":"product","link":"https:\/\/www.fleurop-home.ch\/de-ch\/p\/dekoband-5-x-2-m-weiss","title":{"rendered":"Dekoband, 5 x 2 m, weiss"},"content":{"rendered":"<p>Ob f\u00fcr feine Dekorationszwecke oder zum Verpacken von Geschenken, unsere Dekob\u00e4nder veredeln jedes Objekt.<\/p>\n<p>\u2022 15 mm x 2 m<br \/>\n\u2022 5 Motive<\/p>\n","protected":false},"excerpt":{"rendered":"<p>Dekob\u00e4nder, Geschenkb\u00e4nder in verschiedenen Ausf\u00fchrungen f\u00fcr Geschenke und zum Basteln, Weiss, 15 mm x 2 m, 5 Motive assortiert<\/p>\n","protected":false},"featured_media":76932,"template":"","meta":[],"product_brand":[],"product_cat":[1193,23,29],"product_tag":[324],"woo-feed-brand":[],"class_list":{"0":"post-76933","1":"product","2":"type-product","3":"status-publish","4":"has-post-thumbnail","6":"product_cat-baender-tueten","7":"product_cat-home-living","8":"product_cat-do-it-yourself","9":"product_tag-marein-ag","11":"first","12":"instock","13":"taxable","14":"shipping-taxable","15":"purchasable","16":"product-type-simple"},"_links":{"self":[{"href":"https:\/\/www.fleurop-home.ch\/de-ch\/wp-json\/wp\/v2\/product\/76933","targetHints":{"allow":["GET"]}}],"collection":[{"href":"https:\/\/www.fleurop-home.ch\/de-ch\/wp-json\/wp\/v2\/product"}],"about":[{"href":"https:\/\/www.fleurop-home.ch\/de-ch\/wp-json\/wp\/v2\/types\/product"}],"wp:featuredmedia":[{"embeddable":true,"href":"https:\/\/www.fleurop-home.ch\/de-ch\/wp-json\/wp\/v2\/media\/76932"}],"wp:attachment":[{"href":"https:\/\/www.fleurop-home.ch\/de-ch\/wp-json\/wp\/v2\/media?parent=76933"}],"wp:term":[{"taxonomy":"product_brand","embeddable":true,"href":"https:\/\/www.fleurop-home.ch\/de-ch\/wp-json\/wp\/v2\/product_brand?post=76933"},{"taxonomy":"product_cat","embeddable":true,"href":"https:\/\/www.fleurop-home.ch\/de-ch\/wp-json\/wp\/v2\/product_cat?post=76933"},{"taxonomy":"product_tag","embeddable":true,"href":"https:\/\/www.fleurop-home.ch\/de-ch\/wp-json\/wp\/v2\/product_tag?post=76933"},{"taxonomy":"woo-feed-brand","embeddable":true,"href":"https:\/\/www.fleurop-home.ch\/de-ch\/wp-json\/wp\/v2\/woo-feed-brand?post=76933"}],"curies":[{"name":"wp","href":"https:\/\/api.w.org\/{rel}","templated":true}]}}