{"id":76930,"date":"2026-04-09T14:26:36","date_gmt":"2026-04-09T12:26:36","guid":{"rendered":"https:\/\/www.fleurop-home.ch\/de-ch\/p\/blumentopf-blechtopf-in-mattem-pastellton-und-huebschem-rillenmuster-fuer-pflanzen-oder-als-dekobehaelter-rosa-o-16-x-15-cm"},"modified":"2026-04-16T13:25:35","modified_gmt":"2026-04-16T11:25:35","slug":"blechtopf-rosa-o-16-x-15-cm","status":"publish","type":"product","link":"https:\/\/www.fleurop-home.ch\/de-ch\/p\/blechtopf-rosa-o-16-x-15-cm","title":{"rendered":"Blechtopf rosa, \u00f8 16 x 15 cm"},"content":{"rendered":"<p>Blumentopf, Blechtopf in mattem Pastellton und h\u00fcbschem Rillenmuster f\u00fcr Pflanzen oder als Dekobeh\u00e4lter, Rosa, \u00f8 16 x 15 cm<\/p>\n<p>Dieser wundersch\u00f6ne Blumentopf mit seinem sch\u00f6nen Muster ist ein h\u00fcbscher Blickfang. Er kann beliebig mit diversen K\u00fcchenkr\u00e4utern, Orchideen, Kakteen und anderen Zimmerpflanzen bepflanzt werden. Auch als Dekobeh\u00e4lter f\u00fcr Stifte, Pinsel, Scheren, allerlei Kleinkram usw. ist er bestens geeignet.<\/p>\n<p>\u2022 Inhalt: 1 St\u00fcck | Gr\u00f6sse: \u00f8 16 x 15 cm<br \/>\n\u2022 Farbe: Rosa| Material: Metall<br \/>\n\u2022 Matte Pastellfarbe<br \/>\n\u2022 Dekoratives Rillenmuster<br \/>\n\u2022 Als Pflanzen- und Kakteentopf<br \/>\n\u2022 Auch als Aufbewahrung f\u00fcr Stifte und Co.<br \/>\n\u2022 Shabby Chic- und Landhausstil<\/p>\n","protected":false},"excerpt":{"rendered":"<p>Blumentopf, matt rosa, 15cm<\/p>\n","protected":false},"featured_media":76929,"template":"","meta":[],"product_brand":[],"product_cat":[23,1263,1198,27,34,40],"product_tag":[324],"woo-feed-brand":[],"class_list":{"0":"post-76930","1":"product","2":"type-product","3":"status-publish","4":"has-post-thumbnail","6":"product_cat-home-living","7":"product_cat-fleuropkids","8":"product_cat-toepfe","9":"product_cat-vasen-gefaesse","10":"product_cat-garten-balkon","11":"product_cat-uebertoepfe","12":"product_tag-marein-ag","14":"first","15":"instock","16":"taxable","17":"shipping-taxable","18":"purchasable","19":"product-type-simple"},"_links":{"self":[{"href":"https:\/\/www.fleurop-home.ch\/de-ch\/wp-json\/wp\/v2\/product\/76930","targetHints":{"allow":["GET"]}}],"collection":[{"href":"https:\/\/www.fleurop-home.ch\/de-ch\/wp-json\/wp\/v2\/product"}],"about":[{"href":"https:\/\/www.fleurop-home.ch\/de-ch\/wp-json\/wp\/v2\/types\/product"}],"wp:featuredmedia":[{"embeddable":true,"href":"https:\/\/www.fleurop-home.ch\/de-ch\/wp-json\/wp\/v2\/media\/76929"}],"wp:attachment":[{"href":"https:\/\/www.fleurop-home.ch\/de-ch\/wp-json\/wp\/v2\/media?parent=76930"}],"wp:term":[{"taxonomy":"product_brand","embeddable":true,"href":"https:\/\/www.fleurop-home.ch\/de-ch\/wp-json\/wp\/v2\/product_brand?post=76930"},{"taxonomy":"product_cat","embeddable":true,"href":"https:\/\/www.fleurop-home.ch\/de-ch\/wp-json\/wp\/v2\/product_cat?post=76930"},{"taxonomy":"product_tag","embeddable":true,"href":"https:\/\/www.fleurop-home.ch\/de-ch\/wp-json\/wp\/v2\/product_tag?post=76930"},{"taxonomy":"woo-feed-brand","embeddable":true,"href":"https:\/\/www.fleurop-home.ch\/de-ch\/wp-json\/wp\/v2\/woo-feed-brand?post=76930"}],"curies":[{"name":"wp","href":"https:\/\/api.w.org\/{rel}","templated":true}]}}