{"id":76902,"date":"2026-04-09T14:25:38","date_gmt":"2026-04-09T12:25:38","guid":{"rendered":"https:\/\/www.fleurop-home.ch\/de-ch\/p\/baender-in-box-geschenkbaender-in-praktischer-aufbewahrungsbox-mit-assortieren-baendern-softfarben-10-mm-x-3-m-5-motive"},"modified":"2026-04-10T08:42:26","modified_gmt":"2026-04-10T06:42:26","slug":"baender-box-15-mm-x-3-m-bunt","status":"publish","type":"product","link":"https:\/\/www.fleurop-home.ch\/de-ch\/p\/baender-box-15-mm-x-3-m-bunt","title":{"rendered":"B\u00e4nder Box, 15 mm x 3 m, bunt"},"content":{"rendered":"<p>Die f\u00fcnf assortierten Geschenkb\u00e4nder in Pastell T\u00f6nen machen jedes Geschenk zum Hingucker. Zudem eignen sie sich wunderbar f\u00fcr sch\u00f6ne Bastelarbeiten. Durch die praktische Aufbewahrungsbox verheddern sich die sch\u00f6nen B\u00e4nder nicht und k\u00f6nnen wunderbar verstaut werden.<\/p>\n<p>Geschenkb\u00e4nder, Bord\u00fcren, DIY, Geschenke, einpacken, Satinband, Bord\u00fcren, Taufe, Hochzeit, Geburtstag.<\/p>\n<p>\u2022 10 mm x 3 m<br \/>\n\u2022 5 Motive<\/p>\n","protected":false},"excerpt":{"rendered":"<p>B\u00e4nder in Box, Geschenkb\u00e4nder in praktischer Aufbewahrungsbox mit assortieren B\u00e4ndern, Softfarben, 10 mm x 3 m, 5 Motive<\/p>\n","protected":false},"featured_media":76901,"template":"","meta":[],"product_brand":[],"product_cat":[1193,23,29],"product_tag":[324],"woo-feed-brand":[],"class_list":{"0":"post-76902","1":"product","2":"type-product","3":"status-publish","4":"has-post-thumbnail","6":"product_cat-baender-tueten","7":"product_cat-home-living","8":"product_cat-do-it-yourself","9":"product_tag-marein-ag","11":"first","12":"instock","13":"taxable","14":"shipping-taxable","15":"purchasable","16":"product-type-simple"},"_links":{"self":[{"href":"https:\/\/www.fleurop-home.ch\/de-ch\/wp-json\/wp\/v2\/product\/76902","targetHints":{"allow":["GET"]}}],"collection":[{"href":"https:\/\/www.fleurop-home.ch\/de-ch\/wp-json\/wp\/v2\/product"}],"about":[{"href":"https:\/\/www.fleurop-home.ch\/de-ch\/wp-json\/wp\/v2\/types\/product"}],"wp:featuredmedia":[{"embeddable":true,"href":"https:\/\/www.fleurop-home.ch\/de-ch\/wp-json\/wp\/v2\/media\/76901"}],"wp:attachment":[{"href":"https:\/\/www.fleurop-home.ch\/de-ch\/wp-json\/wp\/v2\/media?parent=76902"}],"wp:term":[{"taxonomy":"product_brand","embeddable":true,"href":"https:\/\/www.fleurop-home.ch\/de-ch\/wp-json\/wp\/v2\/product_brand?post=76902"},{"taxonomy":"product_cat","embeddable":true,"href":"https:\/\/www.fleurop-home.ch\/de-ch\/wp-json\/wp\/v2\/product_cat?post=76902"},{"taxonomy":"product_tag","embeddable":true,"href":"https:\/\/www.fleurop-home.ch\/de-ch\/wp-json\/wp\/v2\/product_tag?post=76902"},{"taxonomy":"woo-feed-brand","embeddable":true,"href":"https:\/\/www.fleurop-home.ch\/de-ch\/wp-json\/wp\/v2\/woo-feed-brand?post=76902"}],"curies":[{"name":"wp","href":"https:\/\/api.w.org\/{rel}","templated":true}]}}