{"id":76895,"date":"2026-04-09T14:25:24","date_gmt":"2026-04-09T12:25:24","guid":{"rendered":"https:\/\/www.fleurop-home.ch\/de-ch\/p\/bakers-twine-baumwollschnur-zum-basteln-und-geschenke-verpacken-gold-silber-2mm-x-10-m-2-stueck"},"modified":"2026-04-10T08:35:37","modified_gmt":"2026-04-10T06:35:37","slug":"bakers-twine-luxury-2-x-10-m","status":"publish","type":"product","link":"https:\/\/www.fleurop-home.ch\/de-ch\/p\/bakers-twine-luxury-2-x-10-m","title":{"rendered":"Bakers Twine, Luxury 2 x 10 m"},"content":{"rendered":"<p>Das B\u00e4cker Garn ist ein zeitloser Evergreen und l\u00e4sst sich vielseitig einsetzen: ob f\u00fcr minimalistisch verpackte Pr\u00e4sente oder zur Verzierung Kreativer Arbeiten, darf es in keinem Haushalt fehlen.<\/p>\n<p>\u2022 2 mm x 10 m<br \/>\n\u2022 2 St\u00fcck<\/p>\n","protected":false},"excerpt":{"rendered":"<p>Bakers Twine, Baumwollschnur zum Basteln und Geschenke verpacken, Gold &amp; Silber, 2mm x 10 m, 2 St\u00fcck<\/p>\n","protected":false},"featured_media":76894,"template":"","meta":[],"product_brand":[],"product_cat":[1193,23,1195,29],"product_tag":[324],"woo-feed-brand":[],"class_list":{"0":"post-76895","1":"product","2":"type-product","3":"status-publish","4":"has-post-thumbnail","6":"product_cat-baender-tueten","7":"product_cat-home-living","8":"product_cat-dekogrundlagen","9":"product_cat-do-it-yourself","10":"product_tag-marein-ag","12":"first","13":"instock","14":"taxable","15":"shipping-taxable","16":"purchasable","17":"product-type-simple"},"_links":{"self":[{"href":"https:\/\/www.fleurop-home.ch\/de-ch\/wp-json\/wp\/v2\/product\/76895","targetHints":{"allow":["GET"]}}],"collection":[{"href":"https:\/\/www.fleurop-home.ch\/de-ch\/wp-json\/wp\/v2\/product"}],"about":[{"href":"https:\/\/www.fleurop-home.ch\/de-ch\/wp-json\/wp\/v2\/types\/product"}],"wp:featuredmedia":[{"embeddable":true,"href":"https:\/\/www.fleurop-home.ch\/de-ch\/wp-json\/wp\/v2\/media\/76894"}],"wp:attachment":[{"href":"https:\/\/www.fleurop-home.ch\/de-ch\/wp-json\/wp\/v2\/media?parent=76895"}],"wp:term":[{"taxonomy":"product_brand","embeddable":true,"href":"https:\/\/www.fleurop-home.ch\/de-ch\/wp-json\/wp\/v2\/product_brand?post=76895"},{"taxonomy":"product_cat","embeddable":true,"href":"https:\/\/www.fleurop-home.ch\/de-ch\/wp-json\/wp\/v2\/product_cat?post=76895"},{"taxonomy":"product_tag","embeddable":true,"href":"https:\/\/www.fleurop-home.ch\/de-ch\/wp-json\/wp\/v2\/product_tag?post=76895"},{"taxonomy":"woo-feed-brand","embeddable":true,"href":"https:\/\/www.fleurop-home.ch\/de-ch\/wp-json\/wp\/v2\/woo-feed-brand?post=76895"}],"curies":[{"name":"wp","href":"https:\/\/api.w.org\/{rel}","templated":true}]}}