{"id":76880,"date":"2026-04-09T14:24:51","date_gmt":"2026-04-09T12:24:51","guid":{"rendered":"https:\/\/www.fleurop-home.ch\/de-ch\/p\/automatischer-schaumseifenspender-fuer-kinder-giraffe"},"modified":"2026-04-13T14:40:20","modified_gmt":"2026-04-13T12:40:20","slug":"schaumseifenspender-giraffe","status":"publish","type":"product","link":"https:\/\/www.fleurop-home.ch\/de-ch\/p\/schaumseifenspender-giraffe","title":{"rendered":"Schaumseifenspender Giraffe"},"content":{"rendered":"<p>Mit unserem niedlichen, ber\u00fchrungsfreien automatischen Schaumseifenspender in Giraffenform wird das H\u00e4ndewaschen zu einem kinderleichten und spasssigen Erlebnis.<\/p>\n<p>Unser Schaumseifenspender wurde speziell f\u00fcr Kinder entwickelt und erm\u00f6glicht es ihnen, ganz einfach und hygienisch Seife zu entnehmen, ohne die Oberfl\u00e4che ber\u00fchren zu m\u00fcssen.<\/p>\n<p>Durch die Verwendung von Schaumseife wird nicht nur Seife gespart, sondern auch Wasser, da sich der Schaum leicht absp\u00fclen l\u00e4sst. Der langlebige Motor sorgt f\u00fcr eine zuverl\u00e4ssige Leistung und eine schnelle Reaktionszeit.<br \/>\nMit einem grossz\u00fcgigen Fassungsverm\u00f6gen von 350 ml muss der Seifenspender nicht st\u00e4ndig nachgef\u00fcllt werden. Die Installation ist einfach, und der Spender verwendet 4 AA-Batterien (nicht enthalten), um einen langen Betrieb zu gew\u00e4hrleisten.<\/p>\n<p>\u2022 Ber\u00fchrungsfreier, automatischer Seifenspender<br \/>\n\u2022 S\u00fcsses Giraffendesign, speziell konzipiert f\u00fcr Kinder<br \/>\n\u2022 F\u00fcr alle Fl\u00fcssigseifen geeignet \u2013 Spart Seife<br \/>\n\u2022 Langlebiger Motor<br \/>\n\u2022 Schnell Reaktionszeit<br \/>\n\u2022 350 ml Fassungsverm\u00f6gen<br \/>\n\u2022 Batterietyp: 4 x AA Batterien (nicht enthalten)<\/p>\n","protected":false},"excerpt":{"rendered":"<p>Auto Schaumseifenspender, Giraffe<\/p>\n","protected":false},"featured_media":76879,"template":"","meta":[],"product_brand":[],"product_cat":[939,48,49,59],"product_tag":[324],"woo-feed-brand":[],"class_list":{"0":"post-76880","1":"product","2":"type-product","3":"status-publish","4":"has-post-thumbnail","6":"product_cat-kindergeschenke","7":"product_cat-bad-wellness","8":"product_cat-seifen","9":"product_cat-kids","10":"product_tag-marein-ag","12":"first","13":"instock","14":"taxable","15":"shipping-taxable","16":"purchasable","17":"product-type-simple"},"_links":{"self":[{"href":"https:\/\/www.fleurop-home.ch\/de-ch\/wp-json\/wp\/v2\/product\/76880","targetHints":{"allow":["GET"]}}],"collection":[{"href":"https:\/\/www.fleurop-home.ch\/de-ch\/wp-json\/wp\/v2\/product"}],"about":[{"href":"https:\/\/www.fleurop-home.ch\/de-ch\/wp-json\/wp\/v2\/types\/product"}],"wp:featuredmedia":[{"embeddable":true,"href":"https:\/\/www.fleurop-home.ch\/de-ch\/wp-json\/wp\/v2\/media\/76879"}],"wp:attachment":[{"href":"https:\/\/www.fleurop-home.ch\/de-ch\/wp-json\/wp\/v2\/media?parent=76880"}],"wp:term":[{"taxonomy":"product_brand","embeddable":true,"href":"https:\/\/www.fleurop-home.ch\/de-ch\/wp-json\/wp\/v2\/product_brand?post=76880"},{"taxonomy":"product_cat","embeddable":true,"href":"https:\/\/www.fleurop-home.ch\/de-ch\/wp-json\/wp\/v2\/product_cat?post=76880"},{"taxonomy":"product_tag","embeddable":true,"href":"https:\/\/www.fleurop-home.ch\/de-ch\/wp-json\/wp\/v2\/product_tag?post=76880"},{"taxonomy":"woo-feed-brand","embeddable":true,"href":"https:\/\/www.fleurop-home.ch\/de-ch\/wp-json\/wp\/v2\/woo-feed-brand?post=76880"}],"curies":[{"name":"wp","href":"https:\/\/api.w.org\/{rel}","templated":true}]}}