{"id":76865,"date":"2026-04-09T14:24:17","date_gmt":"2026-04-09T12:24:17","guid":{"rendered":"https:\/\/www.fleurop-home.ch\/de-ch\/p\/6-fineliner-stifte-in-verschiedenen-staerken"},"modified":"2026-04-13T14:57:52","modified_gmt":"2026-04-13T12:57:52","slug":"6-fineliner-stifte-in-verschiedenen-staerken","status":"publish","type":"product","link":"https:\/\/www.fleurop-home.ch\/de-ch\/p\/6-fineliner-stifte-in-verschiedenen-staerken","title":{"rendered":"6 Fineliner Stifte in verschiedenen St\u00e4rken"},"content":{"rendered":"<p>Die Fineliner kommen in sechs verschiedenen Strichst\u00e4rken und k\u00f6nnen f\u00fcr K\u00fcnstler- wie auch Kreativarbeiten eingesetzt werden. Die formstabile H\u00fclle bietet angenehmen Halt. Dank der Kennzeichnung auf dem luftdichten Deckel, kann die Strichbreite schnell zugeordnet werden.<\/p>\n<p>Inhalt:<br \/>\nje 1x Fineliner in der Strichst\u00e4rke von: 0.05, 0.1, 0.2, 0.3, 0.5, 0.8<\/p>\n","protected":false},"excerpt":{"rendered":"<p>Fineliner Set, 6 Stk.<\/p>\n","protected":false},"featured_media":76864,"template":"","meta":[],"product_brand":[],"product_cat":[1195,23,29],"product_tag":[324],"woo-feed-brand":[],"class_list":{"0":"post-76865","1":"product","2":"type-product","3":"status-publish","4":"has-post-thumbnail","6":"product_cat-dekogrundlagen","7":"product_cat-home-living","8":"product_cat-do-it-yourself","9":"product_tag-marein-ag","11":"first","12":"instock","13":"taxable","14":"shipping-taxable","15":"purchasable","16":"product-type-simple"},"_links":{"self":[{"href":"https:\/\/www.fleurop-home.ch\/de-ch\/wp-json\/wp\/v2\/product\/76865","targetHints":{"allow":["GET"]}}],"collection":[{"href":"https:\/\/www.fleurop-home.ch\/de-ch\/wp-json\/wp\/v2\/product"}],"about":[{"href":"https:\/\/www.fleurop-home.ch\/de-ch\/wp-json\/wp\/v2\/types\/product"}],"wp:featuredmedia":[{"embeddable":true,"href":"https:\/\/www.fleurop-home.ch\/de-ch\/wp-json\/wp\/v2\/media\/76864"}],"wp:attachment":[{"href":"https:\/\/www.fleurop-home.ch\/de-ch\/wp-json\/wp\/v2\/media?parent=76865"}],"wp:term":[{"taxonomy":"product_brand","embeddable":true,"href":"https:\/\/www.fleurop-home.ch\/de-ch\/wp-json\/wp\/v2\/product_brand?post=76865"},{"taxonomy":"product_cat","embeddable":true,"href":"https:\/\/www.fleurop-home.ch\/de-ch\/wp-json\/wp\/v2\/product_cat?post=76865"},{"taxonomy":"product_tag","embeddable":true,"href":"https:\/\/www.fleurop-home.ch\/de-ch\/wp-json\/wp\/v2\/product_tag?post=76865"},{"taxonomy":"woo-feed-brand","embeddable":true,"href":"https:\/\/www.fleurop-home.ch\/de-ch\/wp-json\/wp\/v2\/woo-feed-brand?post=76865"}],"curies":[{"name":"wp","href":"https:\/\/api.w.org\/{rel}","templated":true}]}}