{"id":76783,"date":"2026-04-07T14:18:31","date_gmt":"2026-04-07T12:18:31","guid":{"rendered":"https:\/\/www.fleurop-home.ch\/de-ch\/?post_type=product&#038;p=76783"},"modified":"2026-04-08T07:47:05","modified_gmt":"2026-04-08T05:47:05","slug":"kinder-werkzeug-set-tiere","status":"publish","type":"product","link":"https:\/\/www.fleurop-home.ch\/de-ch\/p\/kinder-werkzeug-set-tiere","title":{"rendered":"Kinder Werkzeug Set &#8211; Tiere"},"content":{"rendered":"<p>Mit diesem robusten 3er-Garten-Set aus Metall sind kleine Nachwuchsg\u00e4rtner bestens ausger\u00fcstet. Die Werkzeuge verf\u00fcgen \u00fcber extra kurze Holzgriffe, die perfekt auf Kinderh\u00e4nde abgestimmt sind und eine einfache Handhabung erm\u00f6glichen. Bestehend aus einer Schaufel, einer Harke und einer viereckigen Schaufel bietet das Set alles N\u00f6tige f\u00fcr spielerisches Helfen im Garten.<\/p>\n","protected":false},"excerpt":{"rendered":"<p>Mit diesem robusten 3er-Garten-Set aus Metall sind kleine Nachwuchsg\u00e4rtner bestens ausger\u00fcstet.<\/p>\n","protected":false},"featured_media":76796,"template":"","meta":[],"product_brand":[],"product_cat":[62,34,1062,39,1122,59,132],"product_tag":[973],"woo-feed-brand":[],"class_list":{"0":"post-76783","1":"product","2":"type-product","3":"status-publish","4":"has-post-thumbnail","6":"product_cat-spielzeug","7":"product_cat-garten-balkon","8":"product_cat-gartenwerkzeug","9":"product_cat-gartenzubehoer","10":"product_cat-kids-im-gruenen","11":"product_cat-kids","12":"product_cat-neu","13":"product_tag-samen-mauser","15":"first","16":"instock","17":"taxable","18":"shipping-taxable","19":"purchasable","20":"product-type-simple"},"_links":{"self":[{"href":"https:\/\/www.fleurop-home.ch\/de-ch\/wp-json\/wp\/v2\/product\/76783","targetHints":{"allow":["GET"]}}],"collection":[{"href":"https:\/\/www.fleurop-home.ch\/de-ch\/wp-json\/wp\/v2\/product"}],"about":[{"href":"https:\/\/www.fleurop-home.ch\/de-ch\/wp-json\/wp\/v2\/types\/product"}],"wp:featuredmedia":[{"embeddable":true,"href":"https:\/\/www.fleurop-home.ch\/de-ch\/wp-json\/wp\/v2\/media\/76796"}],"wp:attachment":[{"href":"https:\/\/www.fleurop-home.ch\/de-ch\/wp-json\/wp\/v2\/media?parent=76783"}],"wp:term":[{"taxonomy":"product_brand","embeddable":true,"href":"https:\/\/www.fleurop-home.ch\/de-ch\/wp-json\/wp\/v2\/product_brand?post=76783"},{"taxonomy":"product_cat","embeddable":true,"href":"https:\/\/www.fleurop-home.ch\/de-ch\/wp-json\/wp\/v2\/product_cat?post=76783"},{"taxonomy":"product_tag","embeddable":true,"href":"https:\/\/www.fleurop-home.ch\/de-ch\/wp-json\/wp\/v2\/product_tag?post=76783"},{"taxonomy":"woo-feed-brand","embeddable":true,"href":"https:\/\/www.fleurop-home.ch\/de-ch\/wp-json\/wp\/v2\/woo-feed-brand?post=76783"}],"curies":[{"name":"wp","href":"https:\/\/api.w.org\/{rel}","templated":true}]}}