{"id":76739,"date":"2026-04-05T22:09:00","date_gmt":"2026-04-05T20:09:00","guid":{"rendered":"https:\/\/www.fleurop-home.ch\/de-ch\/?post_type=product&#038;p=76739"},"modified":"2026-04-07T08:05:54","modified_gmt":"2026-04-07T06:05:54","slug":"duftkerze-in-geschenkverpackung-eine-ist-die-beste","status":"publish","type":"product","link":"https:\/\/www.fleurop-home.ch\/de-ch\/p\/duftkerze-in-geschenkverpackung-eine-ist-die-beste","title":{"rendered":"Duftkerze in Geschenkverpackung \u201eEine ist die Beste\u201c"},"content":{"rendered":"<p>Das perfekte, individuelle Geschenk!<\/p>\n<p>Eine nachhaltige, vegane in der Schweiz hergestellte Kerze. Individuelle Spr\u00fcche f\u00fcr jede Gelegenheit. Wir verwenden f\u00fcr die Kerzen reines Rapswachs. Kein Paraffin, kein Plastik, kein Soja. Ohne Tierversuche. Der Docht und Deckel wird im selben Dorf aus Schweizer Holz hergestellt. Der Holzdocht erzeugt eine tolle Lagerfeuerstimmung.<\/p>\n<p>Edle, 100% nat\u00fcrliche Duftkerze (Rapswachs) mit Schweizer Holzdocht und Schweizer Holzdeckel aus der Dorfschreinerei.<\/p>\n<p><strong>Duftrichtungen:<\/strong><\/p>\n<ul>\n<li>Cosy Home Duftmischung (Nelken, Zimt, Cassis, Mandarine, usw.),<\/li>\n<li>sonnengek\u00fcsste Zitrone (Zitrone \/ Lemongras),<\/li>\n<li>Waldluft (<span class=\"OYPEnA font-feature-liga-off font-feature-clig-off font-feature-calt-off text-decoration-none text-strikethrough-none\">Elemi-Bl\u00e4tter, Gew\u00fcrznelke, Zirbelkiefer, Geranie, Sandelholz, Zedernholz)<\/span><\/li>\n<\/ul>\n<p>&nbsp;<\/p>\n<p>280 ml<br \/>\nBrenndauer: ca. 40-50 h<\/p>\n<p>Die Geschenkverpackung ist wiederverwendbar. (ohne Firma Branding)<\/p>\n","protected":false},"excerpt":{"rendered":"<p>Duftkerze in 3 verschiedenen Duftrichtungen mit edler, schwarzmatter Geschenkverpackung mit Satinschleife und transportsicherem Inlay.<\/p>\n","protected":false},"featured_media":76743,"template":"","meta":[],"product_brand":[],"product_cat":[99,23,1023,797,28,52,1223,53],"product_tag":[313],"woo-feed-brand":[],"class_list":{"0":"post-76739","1":"product","2":"type-product","3":"status-publish","4":"has-post-thumbnail","6":"product_cat-duftkerzen","7":"product_cat-home-living","8":"product_cat-fuer-mama","9":"product_cat-muttertag","10":"product_cat-kerzen-lichter","11":"product_cat-geschenke","12":"product_cat-anlaesse","13":"product_cat-geschenksets","14":"product_tag-chruterei-klg","16":"first","17":"instock","18":"taxable","19":"shipping-taxable","20":"purchasable","21":"product-type-variable","22":"has-default-attributes"},"_links":{"self":[{"href":"https:\/\/www.fleurop-home.ch\/de-ch\/wp-json\/wp\/v2\/product\/76739","targetHints":{"allow":["GET"]}}],"collection":[{"href":"https:\/\/www.fleurop-home.ch\/de-ch\/wp-json\/wp\/v2\/product"}],"about":[{"href":"https:\/\/www.fleurop-home.ch\/de-ch\/wp-json\/wp\/v2\/types\/product"}],"wp:featuredmedia":[{"embeddable":true,"href":"https:\/\/www.fleurop-home.ch\/de-ch\/wp-json\/wp\/v2\/media\/76743"}],"wp:attachment":[{"href":"https:\/\/www.fleurop-home.ch\/de-ch\/wp-json\/wp\/v2\/media?parent=76739"}],"wp:term":[{"taxonomy":"product_brand","embeddable":true,"href":"https:\/\/www.fleurop-home.ch\/de-ch\/wp-json\/wp\/v2\/product_brand?post=76739"},{"taxonomy":"product_cat","embeddable":true,"href":"https:\/\/www.fleurop-home.ch\/de-ch\/wp-json\/wp\/v2\/product_cat?post=76739"},{"taxonomy":"product_tag","embeddable":true,"href":"https:\/\/www.fleurop-home.ch\/de-ch\/wp-json\/wp\/v2\/product_tag?post=76739"},{"taxonomy":"woo-feed-brand","embeddable":true,"href":"https:\/\/www.fleurop-home.ch\/de-ch\/wp-json\/wp\/v2\/woo-feed-brand?post=76739"}],"curies":[{"name":"wp","href":"https:\/\/api.w.org\/{rel}","templated":true}]}}