{"id":76471,"date":"2026-03-31T09:08:22","date_gmt":"2026-03-31T07:08:22","guid":{"rendered":"https:\/\/www.fleurop-home.ch\/?post_type=product&#038;p=76471"},"modified":"2026-03-31T09:10:25","modified_gmt":"2026-03-31T07:10:25","slug":"hauswurz-sempervivum-hybrida-19","status":"publish","type":"product","link":"https:\/\/www.fleurop-home.ch\/de-ch\/p\/hauswurz-sempervivum-hybrida-19","title":{"rendered":"Hauswurz &#8211; Sempervivum Hybrida"},"content":{"rendered":"<p>Robuster, anspruchsloser Dickblattgew\u00e4chs zur Verwendung in Steing\u00e4rten, in Trockenmauern, auf Gr\u00e4bern, sowie in diversen Pflanzgef\u00e4ssen.<\/p>\n<p>H\u00f6he: 10 cm<br \/>\nTopf Gr\u00f6sse: 14 er Topf<br \/>\nWinterh\u00e4rte: winterhart<br \/>\nLicht: sonnig<br \/>\nBl\u00fctezeit: Juni bis August<br \/>\nBoden: durchl\u00e4ssig<\/p>\n","protected":false},"excerpt":{"rendered":"<p>Der robuste Hauswurz &#8211; Sempervivum Arctic White<\/p>\n","protected":false},"featured_media":76473,"template":"","meta":[],"product_brand":[],"product_cat":[109,34,41],"product_tag":[299],"woo-feed-brand":[],"class_list":{"0":"post-76471","1":"product","2":"type-product","3":"status-publish","4":"has-post-thumbnail","6":"product_cat-saisonale-pflanzen","7":"product_cat-garten-balkon","8":"product_cat-outdoorpflanzen","9":"product_tag-santispracht","11":"first","12":"instock","13":"taxable","14":"shipping-taxable","15":"purchasable","16":"product-type-simple"},"_links":{"self":[{"href":"https:\/\/www.fleurop-home.ch\/de-ch\/wp-json\/wp\/v2\/product\/76471","targetHints":{"allow":["GET"]}}],"collection":[{"href":"https:\/\/www.fleurop-home.ch\/de-ch\/wp-json\/wp\/v2\/product"}],"about":[{"href":"https:\/\/www.fleurop-home.ch\/de-ch\/wp-json\/wp\/v2\/types\/product"}],"wp:featuredmedia":[{"embeddable":true,"href":"https:\/\/www.fleurop-home.ch\/de-ch\/wp-json\/wp\/v2\/media\/76473"}],"wp:attachment":[{"href":"https:\/\/www.fleurop-home.ch\/de-ch\/wp-json\/wp\/v2\/media?parent=76471"}],"wp:term":[{"taxonomy":"product_brand","embeddable":true,"href":"https:\/\/www.fleurop-home.ch\/de-ch\/wp-json\/wp\/v2\/product_brand?post=76471"},{"taxonomy":"product_cat","embeddable":true,"href":"https:\/\/www.fleurop-home.ch\/de-ch\/wp-json\/wp\/v2\/product_cat?post=76471"},{"taxonomy":"product_tag","embeddable":true,"href":"https:\/\/www.fleurop-home.ch\/de-ch\/wp-json\/wp\/v2\/product_tag?post=76471"},{"taxonomy":"woo-feed-brand","embeddable":true,"href":"https:\/\/www.fleurop-home.ch\/de-ch\/wp-json\/wp\/v2\/woo-feed-brand?post=76471"}],"curies":[{"name":"wp","href":"https:\/\/api.w.org\/{rel}","templated":true}]}}