{"id":7622,"date":"2021-04-12T08:59:15","date_gmt":"2021-04-12T06:59:15","guid":{"rendered":"https:\/\/www.fleurop-home.ch\/?product=gottlieber-schatzkistli-etter-rum"},"modified":"2026-02-05T14:35:10","modified_gmt":"2026-02-05T13:35:10","slug":"gottlieber-schatzkistli-etter-rum","status":"publish","type":"product","link":"https:\/\/www.fleurop-home.ch\/de-ch\/p\/gottlieber-schatzkistli-etter-rum","title":{"rendered":"Gottlieber Schatzkistli \u00abEtter Rum\u00bb"},"content":{"rendered":"<div class=\"description\">\n<p>Ein wahrer Genuss. Das Schatzkistli enth\u00e4lt gleich zwei Geschenkb\u00f6xli, gef\u00fcllt mit knusprigen Mini-H\u00fcppen der Traditions- und der Classicmischung. Dazu passend und sieben Jahre lang sorgf\u00e4ltig herangereift: Der RUM1823 der <a href=\"https:\/\/www.etter-distillerie.ch\/de\/\" target=\"_blank\" rel=\"noopener\">Etter Soehne AG<\/a>\u00a0sorgt f\u00fcr Genuss und Entspannung pur.\u00a0In Kombination wird der Genuss umso mehr intensiviert.<\/p>\n<p><strong>Tradition:<\/strong>\u00a0Pralin\u00e9, Mocca, Gianduja<\/p>\n<p><strong>Classic:<\/strong>\u00a0Vanille, Caramel, Mandel<\/p>\n<p>Zur Herstellung des RUM1823 verwendet die Etter Soehne AG goldbraune, nat\u00fcrlich aromatische Zuckerrohrmelasse von einem kleinen Zuckerrohrproduzenten aus Jamaika. Die Zuckerrohrmelasse wird fermentiert und der dabei entstandene Alkohol wird \u00fcber den Destillationsprozess konzentriert. Anschliessend erfolgt die Reifung w\u00e4hrend mehreren Jahren in gebrauchten amerikanischen Bourbon Holzf\u00e4ssern. Dadurch erh\u00e4lt er seinen unverwechselbaren Geschmack und die sch\u00f6ne Farbe. In den Tropfsteinh\u00f6hlen der H\u00f6llgrotten in Baar sorgt die Natur f\u00fcr eines der reinsten Wasser der Schweiz. Dieses Urquellwasser veredelt den RUM1823.<\/p>\n<p>Das Gottlieber Schatzkistli \u00abEtter Rum\u00bb ist im eleganten, schwarz-weissen Klappbox aus festem Karton mit Magnetverschluss verpackt (wiederverwendbar).<\/p>\n<\/div>\n<dl class=\"product-attributes\">\n<dt class=\"label\"><strong>Inhalt<\/strong><\/dt>\n<dt class=\"label\"><\/dt>\n<dt class=\"label\"><\/dt>\n<dt class=\"label\">1 Geschenkb\u00f6xli Classic, ca. 22 Mini-H\u00fcppen, 85 g<br \/>\n1 Geschenkb\u00f6xli Tradition, ca. 22 Mini-H\u00fcppen, 85 g<br \/>\n1 Etter RUM1823, Swiss Rum, 40% Vol., 70cl<\/dt>\n<\/dl>\n<p><strong>Masse<\/strong><br \/>\n220 x 300 x 110 mm<\/p>\n<dl class=\"product-attributes\">\n<dt class=\"label\"><\/dt>\n<dt class=\"label\"><\/dt>\n<dt class=\"label\"><\/dt>\n<dt class=\"label\"><\/dt>\n<dt class=\"label\"><\/dt>\n<dt class=\"label\"><\/dt>\n<dt class=\"label\"><\/dt>\n<dt class=\"label\"><\/dt>\n<dt class=\"label\"><a href=\"https:\/\/www.gottlieber.ch\/de\/online-shop\/naehrwertinformationen\" target=\"_blank\" rel=\"noopener\">N\u00e4hrwertinformationen und Allergikerhinweise<\/a><\/dt>\n<dt class=\"label\"><\/dt>\n<dd class=\"value\"><\/dd>\n<dd class=\"value\"><\/dd>\n<dd class=\"value\"><\/dd>\n<dd class=\"value\"><\/dd>\n<dd class=\"value\"><\/dd>\n<dd class=\"value\"><\/dd>\n<dd class=\"value\"><\/dd>\n<dd class=\"value\"><\/dd>\n<\/dl>\n","protected":false},"excerpt":{"rendered":"<p>Der RUM1823 der Etter Soehne AG sorgt f\u00fcr Genuss und Entspannung pur. Um denn Genuss zu intensivieren enth\u00e4lt das Schatzkistli zwei Geschenkb\u00f6xli, gef\u00fcllt mit knusprigen Mini-H\u00fcppen der Traditions- und der Classicmischung.<\/p>\n","protected":false},"featured_media":7623,"template":"","meta":[],"product_brand":[],"product_cat":[53,1090,910,984,993,1088,909,916,42,115,114,885,52,1225],"product_tag":[147,286],"woo-feed-brand":[],"class_list":{"0":"post-7622","1":"product","2":"type-product","3":"status-publish","4":"has-post-thumbnail","6":"product_cat-geschenksets","7":"product_cat-geniesser","8":"product_cat-geschenkideen","9":"product_cat-silvester","10":"product_cat-silvestergeschenke","11":"product_cat-vatertag","12":"product_cat-weihnachten","13":"product_cat-praesente","14":"product_cat-kueche","15":"product_cat-spirituosen","16":"product_cat-schokolade-sweets","17":"product_cat-koestlichkeiten","18":"product_cat-geschenke","19":"product_cat-genuss","20":"product_tag-alkohol","21":"product_tag-gottlieber-spezialitaten-ag","23":"first","24":"instock","25":"taxable","26":"shipping-taxable","27":"purchasable","28":"product-type-simple"},"_links":{"self":[{"href":"https:\/\/www.fleurop-home.ch\/de-ch\/wp-json\/wp\/v2\/product\/7622","targetHints":{"allow":["GET"]}}],"collection":[{"href":"https:\/\/www.fleurop-home.ch\/de-ch\/wp-json\/wp\/v2\/product"}],"about":[{"href":"https:\/\/www.fleurop-home.ch\/de-ch\/wp-json\/wp\/v2\/types\/product"}],"wp:featuredmedia":[{"embeddable":true,"href":"https:\/\/www.fleurop-home.ch\/de-ch\/wp-json\/wp\/v2\/media\/7623"}],"wp:attachment":[{"href":"https:\/\/www.fleurop-home.ch\/de-ch\/wp-json\/wp\/v2\/media?parent=7622"}],"wp:term":[{"taxonomy":"product_brand","embeddable":true,"href":"https:\/\/www.fleurop-home.ch\/de-ch\/wp-json\/wp\/v2\/product_brand?post=7622"},{"taxonomy":"product_cat","embeddable":true,"href":"https:\/\/www.fleurop-home.ch\/de-ch\/wp-json\/wp\/v2\/product_cat?post=7622"},{"taxonomy":"product_tag","embeddable":true,"href":"https:\/\/www.fleurop-home.ch\/de-ch\/wp-json\/wp\/v2\/product_tag?post=7622"},{"taxonomy":"woo-feed-brand","embeddable":true,"href":"https:\/\/www.fleurop-home.ch\/de-ch\/wp-json\/wp\/v2\/woo-feed-brand?post=7622"}],"curies":[{"name":"wp","href":"https:\/\/api.w.org\/{rel}","templated":true}]}}