{"id":75699,"date":"2026-03-12T21:24:05","date_gmt":"2026-03-12T20:24:05","guid":{"rendered":"https:\/\/www.fleurop-home.ch\/fr-ch\/?post_type=product&#038;p=75699"},"modified":"2026-03-13T09:26:10","modified_gmt":"2026-03-13T08:26:10","slug":"blumenarrangement-le-soleil-de-lete","status":"publish","type":"product","link":"https:\/\/www.fleurop-home.ch\/de-ch\/p\/blumenarrangement-le-soleil-de-lete","title":{"rendered":"Blumenarrangement &#171;Le soleil de l&#8217;\u00e9t\u00e9&#187;"},"content":{"rendered":"<p>Ein h\u00fcbsches Arrangement, das ein wenig Sonnenschein in dein Zuhause oder das deiber Lieben bringt, keinerlei Pflege ben\u00f6tigt und mehrere Jahre h\u00e4lt.<br \/>\nTopf mit einem Durchmesser von ca. 12 cm und einer H\u00f6he von ca. 9 cm.<\/p>\n","protected":false},"excerpt":{"rendered":"<p>Topf in Gelb- und Gr\u00fcnt\u00f6nen mit gelben Rosen.<\/p>\n","protected":false},"featured_media":75691,"template":"","meta":[],"product_brand":[],"product_cat":[102,23,26,132],"product_tag":[1135],"woo-feed-brand":[],"class_list":{"0":"post-75699","1":"product","2":"type-product","3":"status-publish","4":"has-post-thumbnail","6":"product_cat-infinity-rosen","7":"product_cat-home-living","8":"product_cat-blumen-pflanzen","9":"product_cat-neu","10":"product_tag-mon-reve-fleuri","12":"first","13":"instock","14":"taxable","15":"shipping-taxable","16":"purchasable","17":"product-type-simple"},"_links":{"self":[{"href":"https:\/\/www.fleurop-home.ch\/de-ch\/wp-json\/wp\/v2\/product\/75699","targetHints":{"allow":["GET"]}}],"collection":[{"href":"https:\/\/www.fleurop-home.ch\/de-ch\/wp-json\/wp\/v2\/product"}],"about":[{"href":"https:\/\/www.fleurop-home.ch\/de-ch\/wp-json\/wp\/v2\/types\/product"}],"wp:featuredmedia":[{"embeddable":true,"href":"https:\/\/www.fleurop-home.ch\/de-ch\/wp-json\/wp\/v2\/media\/75691"}],"wp:attachment":[{"href":"https:\/\/www.fleurop-home.ch\/de-ch\/wp-json\/wp\/v2\/media?parent=75699"}],"wp:term":[{"taxonomy":"product_brand","embeddable":true,"href":"https:\/\/www.fleurop-home.ch\/de-ch\/wp-json\/wp\/v2\/product_brand?post=75699"},{"taxonomy":"product_cat","embeddable":true,"href":"https:\/\/www.fleurop-home.ch\/de-ch\/wp-json\/wp\/v2\/product_cat?post=75699"},{"taxonomy":"product_tag","embeddable":true,"href":"https:\/\/www.fleurop-home.ch\/de-ch\/wp-json\/wp\/v2\/product_tag?post=75699"},{"taxonomy":"woo-feed-brand","embeddable":true,"href":"https:\/\/www.fleurop-home.ch\/de-ch\/wp-json\/wp\/v2\/woo-feed-brand?post=75699"}],"curies":[{"name":"wp","href":"https:\/\/api.w.org\/{rel}","templated":true}]}}