{"id":75642,"date":"2026-03-10T13:44:48","date_gmt":"2026-03-10T12:44:48","guid":{"rendered":"https:\/\/www.fleurop-home.ch\/de-ch\/?post_type=product&#038;p=75642"},"modified":"2026-03-10T14:20:35","modified_gmt":"2026-03-10T13:20:35","slug":"doppelkarte-tortenstueck","status":"publish","type":"product","link":"https:\/\/www.fleurop-home.ch\/de-ch\/p\/doppelkarte-tortenstueck","title":{"rendered":"Doppelkarte | Tortenst\u00fcck"},"content":{"rendered":"<ul class=\"ul1\">\n<li class=\"li2\"><span class=\"s1\">12 x 17cm<\/span><\/li>\n<li class=\"li2\"><span class=\"s1\">Folienpr\u00e4gung<\/span><\/li>\n<li class=\"li2\"><span class=\"s1\">Papierformat: B6<\/span><\/li>\n<li>mit farblich passendem Couvert<\/li>\n<\/ul>\n<p class=\"p2\"><span class=\"s1\">Die Innenseite der Karte ist unbeschriftet, sodass gen\u00fcgend Platz f\u00fcr pers\u00f6nliche Gl\u00fcckw\u00fcnsche bleibt. <\/span><\/p>\n","protected":false},"excerpt":{"rendered":"<p><span class=\"s2\">Die Innenseite der Karte ist unbeschriftet, sodass gen\u00fcgend Platz f\u00fcr pers\u00f6nliche Gl\u00fcckw\u00fcnsche bleibt.<\/span><\/p>\n","protected":false},"featured_media":75643,"template":"","meta":[],"product_brand":[],"product_cat":[58,52,132],"product_tag":[1168],"woo-feed-brand":[],"class_list":{"0":"post-75642","1":"product","2":"type-product","3":"status-publish","4":"has-post-thumbnail","6":"product_cat-grusskarten","7":"product_cat-geschenke","8":"product_cat-neu","9":"product_tag-melia-atelier","11":"first","12":"instock","13":"taxable","14":"shipping-taxable","15":"purchasable","16":"product-type-simple"},"_links":{"self":[{"href":"https:\/\/www.fleurop-home.ch\/de-ch\/wp-json\/wp\/v2\/product\/75642","targetHints":{"allow":["GET"]}}],"collection":[{"href":"https:\/\/www.fleurop-home.ch\/de-ch\/wp-json\/wp\/v2\/product"}],"about":[{"href":"https:\/\/www.fleurop-home.ch\/de-ch\/wp-json\/wp\/v2\/types\/product"}],"wp:featuredmedia":[{"embeddable":true,"href":"https:\/\/www.fleurop-home.ch\/de-ch\/wp-json\/wp\/v2\/media\/75643"}],"wp:attachment":[{"href":"https:\/\/www.fleurop-home.ch\/de-ch\/wp-json\/wp\/v2\/media?parent=75642"}],"wp:term":[{"taxonomy":"product_brand","embeddable":true,"href":"https:\/\/www.fleurop-home.ch\/de-ch\/wp-json\/wp\/v2\/product_brand?post=75642"},{"taxonomy":"product_cat","embeddable":true,"href":"https:\/\/www.fleurop-home.ch\/de-ch\/wp-json\/wp\/v2\/product_cat?post=75642"},{"taxonomy":"product_tag","embeddable":true,"href":"https:\/\/www.fleurop-home.ch\/de-ch\/wp-json\/wp\/v2\/product_tag?post=75642"},{"taxonomy":"woo-feed-brand","embeddable":true,"href":"https:\/\/www.fleurop-home.ch\/de-ch\/wp-json\/wp\/v2\/woo-feed-brand?post=75642"}],"curies":[{"name":"wp","href":"https:\/\/api.w.org\/{rel}","templated":true}]}}