{"id":75567,"date":"2026-03-09T14:57:49","date_gmt":"2026-03-09T13:57:49","guid":{"rendered":"https:\/\/www.fleurop-home.ch\/?post_type=product&#038;p=75567"},"modified":"2026-03-10T08:42:16","modified_gmt":"2026-03-10T07:42:16","slug":"silikon-duschabzieher-grau","status":"publish","type":"product","link":"https:\/\/www.fleurop-home.ch\/de-ch\/p\/silikon-duschabzieher-grau","title":{"rendered":"Silikon Duschabzieher, grau"},"content":{"rendered":"<p>Streifenfreie Fenster und Duschw\u00e4nde Dank unseres ultraleichten Fenster- und Duschabziehers, welcher auch bei Herunterfallen keinen Schaden in den Fliesen und B\u00f6den anrichtet. Das schlichte und h\u00fcbsche Design steht f\u00fcr Dezenz und ist gleichzeitig ergonomisch geformt, sodass ein fester Griff gew\u00e4hrleistet ist. L\u00e4sst sich auch wunderbar f\u00fcr weitere Haushaltsoberfl\u00e4chen, Spiegel und Autoscheiben verwenden. Der Silikon Halter l\u00e4sst sich ganz einfach an das Glas h\u00e4ngen, ohne mit Schrauben und D\u00fcbel montiert werden zu m\u00fcssen.<\/p>\n<p>\u2022 Ideal f\u00fcr Gl\u00e4ser und Fliesen<br \/>\n\u2022 Vermeidet Sch\u00e4den bei Herunterfallen<br \/>\n\u2022 Antibakteriell &amp; hygienisch<br \/>\n\u2022 Aus hochwertigem, BPA freiem Silikon, welches Bruchsch\u00e4den bei Herunterfallen vermeidet<br \/>\n\u2022 Schlichtes &amp; Ergonomisches Design<br \/>\n\u2022 Streifenfreue Sauberkeit<br \/>\n\u2022 Rutschfester Griff &amp; leichtes Gewicht<br \/>\n\u2022 Inkl. Silikon Halterung, zur einfachen Montage ohne Schrauben<\/p>\n","protected":false},"excerpt":{"rendered":"<p>Duschabzieher \/ Fensterwischer aus Silikon f\u00fcr streifenfreies Glas, Fenster, Fliesen oder Dusche, antibakteriell, ideal f\u00fcr Badezimmer, weiss, 21x19x3cm<\/p>\n","protected":false},"featured_media":75601,"template":"","meta":[],"product_brand":[],"product_cat":[50,48],"product_tag":[324],"woo-feed-brand":[],"class_list":{"0":"post-75567","1":"product","2":"type-product","3":"status-publish","4":"has-post-thumbnail","6":"product_cat-badezubehoer","7":"product_cat-bad-wellness","8":"product_tag-marein-ag","10":"first","11":"instock","12":"taxable","13":"shipping-taxable","14":"purchasable","15":"product-type-simple"},"_links":{"self":[{"href":"https:\/\/www.fleurop-home.ch\/de-ch\/wp-json\/wp\/v2\/product\/75567","targetHints":{"allow":["GET"]}}],"collection":[{"href":"https:\/\/www.fleurop-home.ch\/de-ch\/wp-json\/wp\/v2\/product"}],"about":[{"href":"https:\/\/www.fleurop-home.ch\/de-ch\/wp-json\/wp\/v2\/types\/product"}],"wp:featuredmedia":[{"embeddable":true,"href":"https:\/\/www.fleurop-home.ch\/de-ch\/wp-json\/wp\/v2\/media\/75601"}],"wp:attachment":[{"href":"https:\/\/www.fleurop-home.ch\/de-ch\/wp-json\/wp\/v2\/media?parent=75567"}],"wp:term":[{"taxonomy":"product_brand","embeddable":true,"href":"https:\/\/www.fleurop-home.ch\/de-ch\/wp-json\/wp\/v2\/product_brand?post=75567"},{"taxonomy":"product_cat","embeddable":true,"href":"https:\/\/www.fleurop-home.ch\/de-ch\/wp-json\/wp\/v2\/product_cat?post=75567"},{"taxonomy":"product_tag","embeddable":true,"href":"https:\/\/www.fleurop-home.ch\/de-ch\/wp-json\/wp\/v2\/product_tag?post=75567"},{"taxonomy":"woo-feed-brand","embeddable":true,"href":"https:\/\/www.fleurop-home.ch\/de-ch\/wp-json\/wp\/v2\/woo-feed-brand?post=75567"}],"curies":[{"name":"wp","href":"https:\/\/api.w.org\/{rel}","templated":true}]}}