{"id":75469,"date":"2026-03-05T12:57:20","date_gmt":"2026-03-05T11:57:20","guid":{"rendered":"https:\/\/www.fleurop-home.ch\/?post_type=product&#038;p=75469"},"modified":"2026-03-05T14:44:17","modified_gmt":"2026-03-05T13:44:17","slug":"keramik-kerzenstaender-hellgruen-mit-schwarzen-sprenkeln","status":"publish","type":"product","link":"https:\/\/www.fleurop-home.ch\/de-ch\/p\/keramik-kerzenstaender-hellgruen-mit-schwarzen-sprenkeln","title":{"rendered":"Keramik Kerzenst\u00e4nder, hellgr\u00fcn mit schwarzen Sprenkeln"},"content":{"rendered":"<p>Verleihe deinem Zuhause eine warme Atmosph\u00e4re mit unserem stilvollen Kerzenst\u00e4nder aus hellgr\u00fcner Keramik mit schwarzen Sprenkeln. Dieser einzigartige Kerzenst\u00e4nder ist die perfekte Erg\u00e4nzung f\u00fcr dein Wohnambiente.<\/p>\n<p>Mit einer H\u00f6he von 6,5 cm und einem Durchmesser von 5 cm bietet er eine ideale Passform f\u00fcr Stabkerzen mit einem Durchmesser von 2 cm. Handgefertigt und mit Liebe zum Detail gestaltet, bringt dieser trendy Kerzenst\u00e4nder Stil in deine R\u00e4ume.<\/p>\n","protected":false},"excerpt":{"rendered":"<p>Masse: H\u00f6he 6.5 cm x Durchmesser 5 cm \/ F\u00fcr Stabkerzen mit einem Durchmesser von 2 cm<\/p>\n","protected":false},"featured_media":75472,"template":"","meta":[],"product_brand":[],"product_cat":[104,23,1021,1018,28,132],"product_tag":[324],"woo-feed-brand":[],"class_list":{"0":"post-75469","1":"product","2":"type-product","3":"status-publish","4":"has-post-thumbnail","6":"product_cat-kerzenhalter","7":"product_cat-home-living","8":"product_cat-osterdeko","9":"product_cat-ostern","10":"product_cat-kerzen-lichter","11":"product_cat-neu","12":"product_tag-marein-ag","14":"first","15":"instock","16":"taxable","17":"shipping-taxable","18":"purchasable","19":"product-type-simple"},"_links":{"self":[{"href":"https:\/\/www.fleurop-home.ch\/de-ch\/wp-json\/wp\/v2\/product\/75469","targetHints":{"allow":["GET"]}}],"collection":[{"href":"https:\/\/www.fleurop-home.ch\/de-ch\/wp-json\/wp\/v2\/product"}],"about":[{"href":"https:\/\/www.fleurop-home.ch\/de-ch\/wp-json\/wp\/v2\/types\/product"}],"wp:featuredmedia":[{"embeddable":true,"href":"https:\/\/www.fleurop-home.ch\/de-ch\/wp-json\/wp\/v2\/media\/75472"}],"wp:attachment":[{"href":"https:\/\/www.fleurop-home.ch\/de-ch\/wp-json\/wp\/v2\/media?parent=75469"}],"wp:term":[{"taxonomy":"product_brand","embeddable":true,"href":"https:\/\/www.fleurop-home.ch\/de-ch\/wp-json\/wp\/v2\/product_brand?post=75469"},{"taxonomy":"product_cat","embeddable":true,"href":"https:\/\/www.fleurop-home.ch\/de-ch\/wp-json\/wp\/v2\/product_cat?post=75469"},{"taxonomy":"product_tag","embeddable":true,"href":"https:\/\/www.fleurop-home.ch\/de-ch\/wp-json\/wp\/v2\/product_tag?post=75469"},{"taxonomy":"woo-feed-brand","embeddable":true,"href":"https:\/\/www.fleurop-home.ch\/de-ch\/wp-json\/wp\/v2\/woo-feed-brand?post=75469"}],"curies":[{"name":"wp","href":"https:\/\/api.w.org\/{rel}","templated":true}]}}