{"id":75461,"date":"2026-03-05T12:52:07","date_gmt":"2026-03-05T11:52:07","guid":{"rendered":"https:\/\/www.fleurop-home.ch\/?post_type=product&#038;p=75461"},"modified":"2026-03-05T14:44:17","modified_gmt":"2026-03-05T13:44:17","slug":"keramik-kerzenstaender-weiss-mit-schwarzen-pinseleffekten","status":"publish","type":"product","link":"https:\/\/www.fleurop-home.ch\/de-ch\/p\/keramik-kerzenstaender-weiss-mit-schwarzen-pinseleffekten","title":{"rendered":"Keramik Kerzenst\u00e4nder, weiss mit schwarzen Pinseleffekten"},"content":{"rendered":"<p>Setze einen trendigen und frischen Akzent in deinem Raum mit unserem Kerzenst\u00e4nder f\u00fcr Stabkerzen aus weisser Keramik, verziert mit coolen schwarzen Pinseleffekten. Dieser Kerzenst\u00e4nder ist nicht nur funktional, sondern auch ein echtes Kunstwerk.<\/p>\n<p>Sein schlichtes und dennoch markantes Design f\u00fcgt sich nahtlos in jede moderne Einrichtung ein. Hergestellt aus hochwertiger Keramik und mit handwerklicher Pr\u00e4zision gefertigt, ist er nicht nur ein stilvolles Accessoire, sondern auch \u00e4usserst langlebig.<\/p>\n","protected":false},"excerpt":{"rendered":"<p>Masse: H\u00f6he 6.5 cm x Durchmesser 5 cm \/ F\u00fcr Stabkerzen mit einem Durchmesser von 2 cm<\/p>\n","protected":false},"featured_media":75463,"template":"","meta":[],"product_brand":[],"product_cat":[104,23,1021,1018,28,132],"product_tag":[324],"woo-feed-brand":[],"class_list":{"0":"post-75461","1":"product","2":"type-product","3":"status-publish","4":"has-post-thumbnail","6":"product_cat-kerzenhalter","7":"product_cat-home-living","8":"product_cat-osterdeko","9":"product_cat-ostern","10":"product_cat-kerzen-lichter","11":"product_cat-neu","12":"product_tag-marein-ag","14":"first","15":"instock","16":"taxable","17":"shipping-taxable","18":"purchasable","19":"product-type-simple"},"_links":{"self":[{"href":"https:\/\/www.fleurop-home.ch\/de-ch\/wp-json\/wp\/v2\/product\/75461","targetHints":{"allow":["GET"]}}],"collection":[{"href":"https:\/\/www.fleurop-home.ch\/de-ch\/wp-json\/wp\/v2\/product"}],"about":[{"href":"https:\/\/www.fleurop-home.ch\/de-ch\/wp-json\/wp\/v2\/types\/product"}],"wp:featuredmedia":[{"embeddable":true,"href":"https:\/\/www.fleurop-home.ch\/de-ch\/wp-json\/wp\/v2\/media\/75463"}],"wp:attachment":[{"href":"https:\/\/www.fleurop-home.ch\/de-ch\/wp-json\/wp\/v2\/media?parent=75461"}],"wp:term":[{"taxonomy":"product_brand","embeddable":true,"href":"https:\/\/www.fleurop-home.ch\/de-ch\/wp-json\/wp\/v2\/product_brand?post=75461"},{"taxonomy":"product_cat","embeddable":true,"href":"https:\/\/www.fleurop-home.ch\/de-ch\/wp-json\/wp\/v2\/product_cat?post=75461"},{"taxonomy":"product_tag","embeddable":true,"href":"https:\/\/www.fleurop-home.ch\/de-ch\/wp-json\/wp\/v2\/product_tag?post=75461"},{"taxonomy":"woo-feed-brand","embeddable":true,"href":"https:\/\/www.fleurop-home.ch\/de-ch\/wp-json\/wp\/v2\/woo-feed-brand?post=75461"}],"curies":[{"name":"wp","href":"https:\/\/api.w.org\/{rel}","templated":true}]}}