{"id":75412,"date":"2026-03-05T10:50:37","date_gmt":"2026-03-05T09:50:37","guid":{"rendered":"https:\/\/www.fleurop-home.ch\/?post_type=product&#038;p=75412"},"modified":"2026-05-12T09:37:18","modified_gmt":"2026-05-12T07:37:18","slug":"hauswurz-sempervivum-hybrida-13","status":"publish","type":"product","link":"https:\/\/www.fleurop-home.ch\/de-ch\/p\/hauswurz-sempervivum-hybrida-13","title":{"rendered":"Hauswurz &#8211; Sempervivum Hybrida"},"content":{"rendered":"<p>Diese gr\u00fcne Staude ist ein echtes Dickblattgew\u00e4chs und besticht durch ihre anspruchslose Pflege. Hauswurz Reinhart bevorzugt einen sonnigen Standort und gedeiht am besten in durchl\u00e4ssigem Boden. Die wasserspeichernden Bl\u00e4tter machen ihn zu einem idealen Begleiter f\u00fcr trockene Standorte wie Steing\u00e4rten, Trockenmauern oder auch Gr\u00e4ber. Die Bl\u00fctezeit reicht von Juni bis August. Die 20er Tonschale enth\u00e4lt kr\u00e4ftige Pflanzen aus 100 % Schweizer Produktion, deren Winterh\u00e4rte besonders gesch\u00e4tzt wird. Mit ihrer nat\u00fcrlichen Wuchskraft und den dekorativen Rosetten bringt die Pflanze das ganze Jahr hindurch Struktur in verschiedene Gef\u00e4sse und Gartenbereiche.<\/p>\n<p>H\u00f6he: 10 cm<br \/>\nTopf Gr\u00f6sse: 20 er Schale<br \/>\nWinterh\u00e4rte: winterhart<br \/>\nLicht: sonnig<br \/>\nBl\u00fctezeit: Juni bis August<br \/>\nBoden: durchl\u00e4ssig<\/p>\n","protected":false},"excerpt":{"rendered":"<p>Hauswurz Reinhart in Tonschale \u2013 robustes Dickblattgew\u00e4chs aus Schweizer Anbau<\/p>\n","protected":false},"featured_media":75414,"template":"","meta":[],"product_brand":[],"product_cat":[109,34,41],"product_tag":[299],"woo-feed-brand":[],"class_list":{"0":"post-75412","1":"product","2":"type-product","3":"status-publish","4":"has-post-thumbnail","6":"product_cat-saisonale-pflanzen","7":"product_cat-garten-balkon","8":"product_cat-outdoorpflanzen","9":"product_tag-santispracht","11":"first","12":"instock","13":"taxable","14":"shipping-taxable","15":"purchasable","16":"product-type-simple"},"_links":{"self":[{"href":"https:\/\/www.fleurop-home.ch\/de-ch\/wp-json\/wp\/v2\/product\/75412","targetHints":{"allow":["GET"]}}],"collection":[{"href":"https:\/\/www.fleurop-home.ch\/de-ch\/wp-json\/wp\/v2\/product"}],"about":[{"href":"https:\/\/www.fleurop-home.ch\/de-ch\/wp-json\/wp\/v2\/types\/product"}],"wp:featuredmedia":[{"embeddable":true,"href":"https:\/\/www.fleurop-home.ch\/de-ch\/wp-json\/wp\/v2\/media\/75414"}],"wp:attachment":[{"href":"https:\/\/www.fleurop-home.ch\/de-ch\/wp-json\/wp\/v2\/media?parent=75412"}],"wp:term":[{"taxonomy":"product_brand","embeddable":true,"href":"https:\/\/www.fleurop-home.ch\/de-ch\/wp-json\/wp\/v2\/product_brand?post=75412"},{"taxonomy":"product_cat","embeddable":true,"href":"https:\/\/www.fleurop-home.ch\/de-ch\/wp-json\/wp\/v2\/product_cat?post=75412"},{"taxonomy":"product_tag","embeddable":true,"href":"https:\/\/www.fleurop-home.ch\/de-ch\/wp-json\/wp\/v2\/product_tag?post=75412"},{"taxonomy":"woo-feed-brand","embeddable":true,"href":"https:\/\/www.fleurop-home.ch\/de-ch\/wp-json\/wp\/v2\/woo-feed-brand?post=75412"}],"curies":[{"name":"wp","href":"https:\/\/api.w.org\/{rel}","templated":true}]}}