{"id":75403,"date":"2026-03-05T10:39:36","date_gmt":"2026-03-05T09:39:36","guid":{"rendered":"https:\/\/www.fleurop-home.ch\/?post_type=product&#038;p=75403"},"modified":"2026-05-12T09:38:05","modified_gmt":"2026-05-12T07:38:05","slug":"hauswurz-sempervivum-hybrida-16","status":"publish","type":"product","link":"https:\/\/www.fleurop-home.ch\/de-ch\/p\/hauswurz-sempervivum-hybrida-16","title":{"rendered":"Hauswurz &#8211; Sempervivum Hybrida"},"content":{"rendered":"<p>Hauswurz Coconut Crystal bringt als anspruchslose und \u00e4usserst widerstandsf\u00e4hige Staude nat\u00fcrliche Akzente in deinen Steingarten, auf Trockenmauern oder auf Gr\u00e4ber. Dank ihrer kompakten Wuchsform und dem dekorativen roten Laub ist sie auch die ideale Wahl f\u00fcr Pflanzgef\u00e4sse. Sie bevorzugt einen vollsonnigen Platz, ben\u00f6tigt nur wenig Wasser und kommt mit durchl\u00e4ssigen, eher mageren B\u00f6den bestens zurecht. Dieses Dickblattgew\u00e4chs \u00fcberzeugt mit Schweizer Qualit\u00e4t und bleibt das ganze Jahr \u00fcber attraktiv, auch bei rauen Wetterbedingungen. Genieesse langlebige Blumenpracht aus Urkraft mit dem Hauswurz Coconut Crystal.<\/p>\n<p>H\u00f6he: 10 cm<br \/>\nTopf Gr\u00f6sse: 30 er Schale<br \/>\nWinterh\u00e4rte: winterhart<br \/>\nLicht: sonnig<br \/>\nBl\u00fctezeit: Juni bis August<br \/>\nBoden: durchl\u00e4ssig<\/p>\n","protected":false},"excerpt":{"rendered":"<p>Hauswurz Coconut Crystal in Tonschale \u2013 robustes Dickblattgew\u00e4chs aus Schweizer Produktion<\/p>\n","protected":false},"featured_media":75405,"template":"","meta":[],"product_brand":[],"product_cat":[109,34,41],"product_tag":[299],"woo-feed-brand":[],"class_list":{"0":"post-75403","1":"product","2":"type-product","3":"status-publish","4":"has-post-thumbnail","6":"product_cat-saisonale-pflanzen","7":"product_cat-garten-balkon","8":"product_cat-outdoorpflanzen","9":"product_tag-santispracht","11":"first","12":"instock","13":"taxable","14":"shipping-taxable","15":"purchasable","16":"product-type-simple"},"_links":{"self":[{"href":"https:\/\/www.fleurop-home.ch\/de-ch\/wp-json\/wp\/v2\/product\/75403","targetHints":{"allow":["GET"]}}],"collection":[{"href":"https:\/\/www.fleurop-home.ch\/de-ch\/wp-json\/wp\/v2\/product"}],"about":[{"href":"https:\/\/www.fleurop-home.ch\/de-ch\/wp-json\/wp\/v2\/types\/product"}],"wp:featuredmedia":[{"embeddable":true,"href":"https:\/\/www.fleurop-home.ch\/de-ch\/wp-json\/wp\/v2\/media\/75405"}],"wp:attachment":[{"href":"https:\/\/www.fleurop-home.ch\/de-ch\/wp-json\/wp\/v2\/media?parent=75403"}],"wp:term":[{"taxonomy":"product_brand","embeddable":true,"href":"https:\/\/www.fleurop-home.ch\/de-ch\/wp-json\/wp\/v2\/product_brand?post=75403"},{"taxonomy":"product_cat","embeddable":true,"href":"https:\/\/www.fleurop-home.ch\/de-ch\/wp-json\/wp\/v2\/product_cat?post=75403"},{"taxonomy":"product_tag","embeddable":true,"href":"https:\/\/www.fleurop-home.ch\/de-ch\/wp-json\/wp\/v2\/product_tag?post=75403"},{"taxonomy":"woo-feed-brand","embeddable":true,"href":"https:\/\/www.fleurop-home.ch\/de-ch\/wp-json\/wp\/v2\/woo-feed-brand?post=75403"}],"curies":[{"name":"wp","href":"https:\/\/api.w.org\/{rel}","templated":true}]}}