{"id":75151,"date":"2026-02-24T20:35:19","date_gmt":"2026-02-24T19:35:19","guid":{"rendered":"https:\/\/www.fleurop-home.ch\/de-ch\/?post_type=product&#038;p=75151"},"modified":"2026-03-18T13:46:19","modified_gmt":"2026-03-18T12:46:19","slug":"oceanetagere-blau-einstoeckig","status":"publish","type":"product","link":"https:\/\/www.fleurop-home.ch\/de-ch\/p\/oceanetagere-blau-einstoeckig","title":{"rendered":"Oceanetagere blau, einst\u00f6ckig"},"content":{"rendered":"<p>Meeresfeeling f\u00fcr Zuhause &#8211; perfekt als Geschenkidee oder Dekoration.<br \/>\nDas Oceandesign besteht aus Epoxidharz und wird in Handarbeit gestaltet. Die Etagere ist lebensmittelecht und \u00fcberzeugt mit bester Qualit\u00e4t.<\/p>\n","protected":false},"excerpt":{"rendered":"<p>Jedes St\u00fcck ist ein handgemachtes Unikat, inspiriert von den Wellen des Meeres. Die Farben und Muster k\u00f6nnen variieren und machen jede Etagere zu etwas ganz Besonderem. Ideal geeignet f\u00fcr S\u00fcssigkeiten, Dessert oder Schmuck.<\/p>\n","protected":false},"featured_media":75069,"template":"","meta":[],"product_brand":[],"product_cat":[1107,23,1190,1019,1018,30,42,1104,43],"product_tag":[1147],"woo-feed-brand":[],"class_list":{"0":"post-75151","1":"product","2":"type-product","3":"status-publish","4":"has-post-thumbnail","6":"product_cat-etageren","7":"product_cat-home-living","8":"product_cat-dekoobjekte","9":"product_cat-osterbrunch","10":"product_cat-ostern","11":"product_cat-deko-accessoires","12":"product_cat-kueche","13":"product_cat-tischakzente","14":"product_cat-gedeckter-tisch","15":"product_tag-handmade-by-selina","17":"first","18":"instock","19":"taxable","20":"shipping-taxable","21":"purchasable","22":"product-type-simple"},"_links":{"self":[{"href":"https:\/\/www.fleurop-home.ch\/de-ch\/wp-json\/wp\/v2\/product\/75151","targetHints":{"allow":["GET"]}}],"collection":[{"href":"https:\/\/www.fleurop-home.ch\/de-ch\/wp-json\/wp\/v2\/product"}],"about":[{"href":"https:\/\/www.fleurop-home.ch\/de-ch\/wp-json\/wp\/v2\/types\/product"}],"wp:featuredmedia":[{"embeddable":true,"href":"https:\/\/www.fleurop-home.ch\/de-ch\/wp-json\/wp\/v2\/media\/75069"}],"wp:attachment":[{"href":"https:\/\/www.fleurop-home.ch\/de-ch\/wp-json\/wp\/v2\/media?parent=75151"}],"wp:term":[{"taxonomy":"product_brand","embeddable":true,"href":"https:\/\/www.fleurop-home.ch\/de-ch\/wp-json\/wp\/v2\/product_brand?post=75151"},{"taxonomy":"product_cat","embeddable":true,"href":"https:\/\/www.fleurop-home.ch\/de-ch\/wp-json\/wp\/v2\/product_cat?post=75151"},{"taxonomy":"product_tag","embeddable":true,"href":"https:\/\/www.fleurop-home.ch\/de-ch\/wp-json\/wp\/v2\/product_tag?post=75151"},{"taxonomy":"woo-feed-brand","embeddable":true,"href":"https:\/\/www.fleurop-home.ch\/de-ch\/wp-json\/wp\/v2\/woo-feed-brand?post=75151"}],"curies":[{"name":"wp","href":"https:\/\/api.w.org\/{rel}","templated":true}]}}