{"id":74932,"date":"2026-02-20T12:22:29","date_gmt":"2026-02-20T11:22:29","guid":{"rendered":"https:\/\/www.fleurop-home.ch\/de-ch\/?post_type=product&#038;p=74932"},"modified":"2026-04-01T13:36:35","modified_gmt":"2026-04-01T11:36:35","slug":"holzkistli-brunch","status":"publish","type":"product","link":"https:\/\/www.fleurop-home.ch\/de-ch\/p\/holzkistli-brunch","title":{"rendered":"Holzkistli \u00abBrunch\u00bb"},"content":{"rendered":"<div class=\"description\">\n<p>Das besondere Holzkistli \u00abBrunch\u00bb ist gef\u00fcllt mit feinen \u00dcberraschungen f\u00fcr einen genussvollen Brunch, inkl. Zopf-Rezeptkarte im Deckel.<\/p>\n<p>Enthalten sind unser feiner Fr\u00fcchtetee \u00abFr\u00fcchterevolution\u00bb sowie unsere beliebten H\u00fcppen der Traditionsmischung Pralin\u00e9, Mocca, Gianduja als Minis. Ebenfalls im Holzkistli verpackt ist unsere hausgemachte Pralin\u00e9cr\u00e8me \u00abMorgens\u00fcnde\u00bb. Der feine Brotaufstrich mit knusprigen H\u00fcppenst\u00fcckchen aus unserer Gottlieber Manufaktur sollte auf keinem Brunch-Tisch fehlen. Alle Produkte im Holzkistli sind vegan und palm\u00f6lfrei.<\/p>\n<p>Ein sch\u00f6nes Geschenk f\u00fcr Geniesser, H\u00fcppen-Liebhaber und das ideale Mitbringsel zu jeder Brunch-Einladung.<\/p>\n<p><strong>Inhalt<\/strong><\/p>\n<\/div>\n<dl class=\"product-attributes\">\n<dt class=\"label\">1 Packung Tradition, 37 Mini-H\u00fcppen, 150 g<br \/>\n1 Glas Brotaufstrich \u00abMorgens\u00fcnde\u00bb, 300 g<br \/>\n1 Dose Fr\u00fcchtetee \u00abFr\u00fcchterevolution\u00bb, 100 g<\/dt>\n<dt><\/dt>\n<dt><\/dt>\n<dt><\/dt>\n<dt><\/dt>\n<dt class=\"label\"><strong>Masse<\/strong><\/dt>\n<\/dl>\n<dl class=\"product-attributes\">\n<dt class=\"label\">220 x 300 x 110 mm<\/dt>\n<dt><\/dt>\n<dt><\/dt>\n<dt class=\"label\"><a href=\"https:\/\/www.gottlieber.ch\/de\/online-shop\/naehrwertinformationen\" target=\"_blank\" rel=\"noopener\">N\u00e4hrwertinformationen<\/a><\/dt>\n<dt><\/dt>\n<\/dl>\n<div class=\"product-meta-information__additional\"><\/div>\n","protected":false},"excerpt":{"rendered":"<div class=\"product-teaser\">\n<div class=\"product-teaser\">Gottlieber \u00abHolzkistli\u00bb gef\u00fcllt mit einem Brotaufstrich, Fr\u00fcchtetee und Gottlieber Mini-H\u00fcppen.<\/div>\n<\/div>\n","protected":false},"featured_media":74933,"template":"","meta":[],"product_brand":[],"product_cat":[114,1022,1023,797,1019,1020,1018,42,885,52,1225,53,132],"product_tag":[286],"woo-feed-brand":[],"class_list":{"0":"post-74932","1":"product","2":"type-product","3":"status-publish","4":"has-post-thumbnail","6":"product_cat-schokolade-sweets","7":"product_cat-brunch","8":"product_cat-fuer-mama","9":"product_cat-muttertag","10":"product_cat-osterbrunch","11":"product_cat-ostergeschenke","12":"product_cat-ostern","13":"product_cat-kueche","14":"product_cat-koestlichkeiten","15":"product_cat-geschenke","16":"product_cat-genuss","17":"product_cat-geschenksets","18":"product_cat-neu","19":"product_tag-gottlieber-spezialitaten-ag","21":"first","22":"instock","23":"taxable","24":"shipping-taxable","25":"purchasable","26":"product-type-simple"},"_links":{"self":[{"href":"https:\/\/www.fleurop-home.ch\/de-ch\/wp-json\/wp\/v2\/product\/74932","targetHints":{"allow":["GET"]}}],"collection":[{"href":"https:\/\/www.fleurop-home.ch\/de-ch\/wp-json\/wp\/v2\/product"}],"about":[{"href":"https:\/\/www.fleurop-home.ch\/de-ch\/wp-json\/wp\/v2\/types\/product"}],"wp:featuredmedia":[{"embeddable":true,"href":"https:\/\/www.fleurop-home.ch\/de-ch\/wp-json\/wp\/v2\/media\/74933"}],"wp:attachment":[{"href":"https:\/\/www.fleurop-home.ch\/de-ch\/wp-json\/wp\/v2\/media?parent=74932"}],"wp:term":[{"taxonomy":"product_brand","embeddable":true,"href":"https:\/\/www.fleurop-home.ch\/de-ch\/wp-json\/wp\/v2\/product_brand?post=74932"},{"taxonomy":"product_cat","embeddable":true,"href":"https:\/\/www.fleurop-home.ch\/de-ch\/wp-json\/wp\/v2\/product_cat?post=74932"},{"taxonomy":"product_tag","embeddable":true,"href":"https:\/\/www.fleurop-home.ch\/de-ch\/wp-json\/wp\/v2\/product_tag?post=74932"},{"taxonomy":"woo-feed-brand","embeddable":true,"href":"https:\/\/www.fleurop-home.ch\/de-ch\/wp-json\/wp\/v2\/woo-feed-brand?post=74932"}],"curies":[{"name":"wp","href":"https:\/\/api.w.org\/{rel}","templated":true}]}}