{"id":7491,"date":"2021-02-15T22:05:29","date_gmt":"2021-02-15T22:05:29","guid":{"rendered":"https:\/\/www.fleurop-home.ch\/?product=multikraft-roots-1-liter"},"modified":"2025-05-12T14:32:24","modified_gmt":"2025-05-12T12:32:24","slug":"multikraft-roots-1-liter","status":"publish","type":"product","link":"https:\/\/www.fleurop-home.ch\/de-ch\/p\/multikraft-roots-1-liter","title":{"rendered":"Multikraft Roots 1 Liter"},"content":{"rendered":"<div class=\"product-description activetab\">\n<p><strong>Pflanzenst\u00e4rkungs-Pr\u00e4parate in dieser Art, werden bereits seit vielen Jahren erfolgreich im professionellen Gartenbau und in der Bio-Landwirtschaft eingesetzt. Mit Multikraft Roots gibt es zum ersten Mal ein All-in-One Produkt f\u00fcr den Hobbyg\u00e4rtner.<\/strong><\/p>\n<\/div>\n<p><strong>Wie wird Multikraft Roots angewendet?<\/strong><br \/>\nDie Anwendung ist sehr einfach.<br \/>\n\u00abMultikraft Roots\u00bb wird direkt mit dem Giesswasser ausgebracht: Pflanzen setzen und angiessen: 10 ml Multikraft Roots (1 Verschlusskappe) pro Liter Giesswasser, Pflanzen durchdringend angiessen.<br \/>\nRegelm\u00e4ssig giessen: 10 ml Multikraft Roots (1 Verschlusskappe) auf 10 Liter Giesswasser.<br \/>\n<strong><br \/>\nMultikraft Roots f\u00fcr gesunde Wurzeln!<\/strong><br \/>\nF\u00fcr eine gute und gesunde Pflanzenentwicklung sind Wurzeln entscheidend. Wurzeln versorgen die ganze Pflanze mit Wasser und N\u00e4hrstoffen. Ein gesundes Wurzelwerk macht die Pflanzen stresstoleranter und widerstandsf\u00e4hig gegen\u00fcber Krankheiten und Sch\u00e4dlingen.<\/p>\n<p style=\"text-align: left\">Das Produkt ist gem\u00e4ss der FiBL Betriebsmittelliste f\u00fcr den biologischen Landbau zugelassen!<\/p>\n<p><strong>Was sind Effektive Mikroorganismen (EM)?<\/strong><br \/>\nEffektive Mikroorganismen \u2013 auch EM genannt \u2013 sind eine fl\u00fcssige Mischkultur aus Mikroorganismen, die urspr\u00fcnglich als Bodenhilfsstoff zum Einsatz kamen. Die Haupteigenschaft der EM besteht darin, F\u00e4ulnis und die dabei entstehenden giftigen Stoffwechselendprodukte zu unterbinden und regenerative Prozesse zu unterst\u00fctzen. Daraus ergibt sich eine gro\u00dfe Bandbreite von Anwendungsm\u00f6glichkeiten: So wird nicht nur das Bodenleben und damit einhergehend die Pflanzengesundheit gef\u00f6rdert, Multikraft-Produkte k\u00f6nnen auch im Bereich der Tierhaltung, der Kompostierung, der Behandlung von Gew\u00e4ssern angewendet werden.<br \/>\n<strong><br \/>\nWirkungsweise der Effektiven Mikroorganismen\u00a0<\/strong><br \/>\nEs gibt im Allgemeinen drei Arten von Mikroorganismen:<br \/>\n\u2022 abbauende\/degenerative\/f\u00e4ulnisbildende Mikroorganismen<br \/>\n\u2022 neutrale\/opportunistische Mikroorganismen<br \/>\n\u2022 aufbauende\/regenerative\/fermentaktive Mikroorganismen<br \/>\nEffektive Mikroorganismen lassen sich unter dem regenerativen Typus zusammenfassen. Sie k\u00f6nnen bei organischen Substanzen F\u00e4ulnis verhindern und somit Fauna &amp; Flora gesund erhalten. Der degenerative Typus der Mikroorganismen verh\u00e4lt sich genau entgegengesetzt zum Regenerativen. Die neutralen Mikroorganismen bilden die gr\u00f6\u00dfte Gruppe und folgen nach dem sogenannten Dominanzprinzip jener Gruppe, die in einem System vorherrschend ist. Wenn wir also ein Milieu schaffen, in dem die positiven Mikroorganismen vorherrschend sind, folgen diese Neutralen dem Aufbauprozess. Der Einsatz von Effektiven Mikroorganismen er\u00f6ffnet daher in vielen Lebensbereichen v\u00f6llig neue Dimensionen.<\/p>\n<p><strong>Was bewirken Die Mikrosorgansimen in der Pflanzen- und Gartenwelt?<\/strong><br \/>\nEffektive Mikroorganismen reichern das mikrobielle Bodenleben an und machen N\u00e4hrstoffe besser pflanzenverf\u00fcgbar. Der Boden wird fruchtbarer, lockerer und kann Wasser besser speichern, es entsteht ein Milieu, in dem sich Sch\u00e4dlinge schlechter entwickeln k\u00f6nnen. Durch EM-Anwendungen entsteht im Garten ein Mileu, das f\u00e4ulniserregende Prozesse \u2013 vor allem im Kompost \u2013 unterdr\u00fcckt. Die Pflanzen werden durch den Einsatz von Effektiven Mikroorganismen gest\u00e4rkt, das Wurzelwachstum angeregt und so ihr nat\u00fcrliches Abwehrsystem gesteigert. So k\u00f6nnen sie auf ganz nat\u00fcrliche Weise besser keimen, bl\u00fchen, fruchten und reifen. Selbstverst\u00e4ndlich d\u00fcrfen die N\u00e4hrstoffe nicht vergessen werden. Eine ausgewogenen D\u00fcngung\u00a0der Pflanzen ist trotzdem n\u00f6tig!<\/p>\n<p>Auch in der Wohlf\u00fchl-Oase Garten ist es m\u00f6glich, nat\u00fcrliche Kreisl\u00e4ufe zu unterst\u00fctzen und daraus Vorteile zu ziehen. Denn Obst und Gem\u00fcse, aus eigenem Anbau mit Effektiven Mikroorganismen, schmecken einfach besser, sehen auch besser aus und sogar die Lagerf\u00e4higkeit wird erh\u00f6ht. Dass man mit Multikraft-Produkten an D\u00fcngekosten und an eigenem Arbeitsaufwand spart, ist dabei ein angenehmer Nebeneffekt.<\/p>\n","protected":false},"excerpt":{"rendered":"<p>\u00abMultikraft Roots\u00bb ist ein nat\u00fcrliches Mikroorganismen-Pr\u00e4parat mit verschiedenen pflanzlichen Extrakten und organischen S\u00e4uren. Es besteht ausschliesslich aus nat\u00fcrlichen Inhaltsstoffen und wird \u00fcber das Giesswasser ausgebracht.<\/p>\n","protected":false},"featured_media":7492,"template":"","meta":[],"product_brand":[],"product_cat":[39,1089,1088,34],"product_tag":[287],"woo-feed-brand":[],"class_list":{"0":"post-7491","1":"product","2":"type-product","3":"status-publish","4":"has-post-thumbnail","6":"product_cat-gartenzubehoer","7":"product_cat-hobbygaertner","8":"product_cat-vatertag","9":"product_cat-garten-balkon","10":"product_tag-urbangardeningshop-ch","12":"first","13":"instock","14":"taxable","15":"shipping-taxable","16":"purchasable","17":"product-type-simple"},"_links":{"self":[{"href":"https:\/\/www.fleurop-home.ch\/de-ch\/wp-json\/wp\/v2\/product\/7491","targetHints":{"allow":["GET"]}}],"collection":[{"href":"https:\/\/www.fleurop-home.ch\/de-ch\/wp-json\/wp\/v2\/product"}],"about":[{"href":"https:\/\/www.fleurop-home.ch\/de-ch\/wp-json\/wp\/v2\/types\/product"}],"wp:featuredmedia":[{"embeddable":true,"href":"https:\/\/www.fleurop-home.ch\/de-ch\/wp-json\/wp\/v2\/media\/7492"}],"wp:attachment":[{"href":"https:\/\/www.fleurop-home.ch\/de-ch\/wp-json\/wp\/v2\/media?parent=7491"}],"wp:term":[{"taxonomy":"product_brand","embeddable":true,"href":"https:\/\/www.fleurop-home.ch\/de-ch\/wp-json\/wp\/v2\/product_brand?post=7491"},{"taxonomy":"product_cat","embeddable":true,"href":"https:\/\/www.fleurop-home.ch\/de-ch\/wp-json\/wp\/v2\/product_cat?post=7491"},{"taxonomy":"product_tag","embeddable":true,"href":"https:\/\/www.fleurop-home.ch\/de-ch\/wp-json\/wp\/v2\/product_tag?post=7491"},{"taxonomy":"woo-feed-brand","embeddable":true,"href":"https:\/\/www.fleurop-home.ch\/de-ch\/wp-json\/wp\/v2\/woo-feed-brand?post=7491"}],"curies":[{"name":"wp","href":"https:\/\/api.w.org\/{rel}","templated":true}]}}