{"id":74832,"date":"2026-02-19T07:47:08","date_gmt":"2026-02-19T06:47:08","guid":{"rendered":"https:\/\/www.fleurop-home.ch\/de-ch\/?post_type=product&#038;p=74832"},"modified":"2026-02-19T08:25:47","modified_gmt":"2026-02-19T07:25:47","slug":"solar-antic-sombra-laterne-18x16cm-schwarz","status":"publish","type":"product","link":"https:\/\/www.fleurop-home.ch\/de-ch\/p\/solar-antic-sombra-laterne-18x16cm-schwarz","title":{"rendered":"Solar Antic Sombra Laterne 18x16cm schwarz"},"content":{"rendered":"<p><strong>STT Solar Antik Laterne MINI Sombra \u2013 Kompakte Solarlaterne im Vintage-Look<\/strong><\/p>\n<p><strong>Stimmungsvolle Lichtakzente f\u00fcr Garten, Terrasse &amp; Balkon<\/strong><\/p>\n<p>Die MINI Sombra vereint antiken Charme mit moderner Solartechnik und sorgt trotz ihrer kompakten Gr\u00f6sse f\u00fcr ein warmes, dekoratives Lichtspiel. Das filigran durchbrochene Metallgeh\u00e4use setzt stilvolle Akzente und schafft eine einladende Atmosph\u00e4re \u2013 komplett kabellos und automatisch gesteuert.<\/p>\n<h3><\/h3>\n<h3>Highlights<\/h3>\n<ul>\n<li>Warmweisse LED f\u00fcr ein gem\u00fctliches, atmosph\u00e4risches Licht<\/li>\n<li>Solarbetrieben \u2013 l\u00e4dt sich tags\u00fcber selbstst\u00e4ndig auf<\/li>\n<li>Twilight Switch: schaltet bei D\u00e4mmerung automatisch ein<\/li>\n<li>Wetterfest und ideal f\u00fcr den Aussenbereich<\/li>\n<li>Antik-Weiss f\u00fcr einen eleganten Vintage-Look<\/li>\n<li>Inkl. Akku (1\u00d7 ICR 14500, 600 mAh)<\/li>\n<\/ul>\n<h3><\/h3>\n<h3>Masse<\/h3>\n<ul>\n<li><strong>18 \u00d7 16 cm<\/strong><\/li>\n<\/ul>\n","protected":false},"excerpt":{"rendered":"<p>Solar Antic Sombra Laterne 18x16cm schwarz<\/p>\n","protected":false},"featured_media":74834,"template":"","meta":[],"product_brand":[],"product_cat":[35,23,108,28,34,132],"product_tag":[983],"woo-feed-brand":[],"class_list":{"0":"post-74832","1":"product","2":"type-product","3":"status-publish","4":"has-post-thumbnail","6":"product_cat-gartendeko","7":"product_cat-home-living","8":"product_cat-lichterketten-laternen","9":"product_cat-kerzen-lichter","10":"product_cat-garten-balkon","11":"product_cat-neu","12":"product_tag-selection-by-fleurophome","14":"first","15":"instock","16":"taxable","17":"shipping-taxable","18":"purchasable","19":"product-type-simple"},"_links":{"self":[{"href":"https:\/\/www.fleurop-home.ch\/de-ch\/wp-json\/wp\/v2\/product\/74832","targetHints":{"allow":["GET"]}}],"collection":[{"href":"https:\/\/www.fleurop-home.ch\/de-ch\/wp-json\/wp\/v2\/product"}],"about":[{"href":"https:\/\/www.fleurop-home.ch\/de-ch\/wp-json\/wp\/v2\/types\/product"}],"wp:featuredmedia":[{"embeddable":true,"href":"https:\/\/www.fleurop-home.ch\/de-ch\/wp-json\/wp\/v2\/media\/74834"}],"wp:attachment":[{"href":"https:\/\/www.fleurop-home.ch\/de-ch\/wp-json\/wp\/v2\/media?parent=74832"}],"wp:term":[{"taxonomy":"product_brand","embeddable":true,"href":"https:\/\/www.fleurop-home.ch\/de-ch\/wp-json\/wp\/v2\/product_brand?post=74832"},{"taxonomy":"product_cat","embeddable":true,"href":"https:\/\/www.fleurop-home.ch\/de-ch\/wp-json\/wp\/v2\/product_cat?post=74832"},{"taxonomy":"product_tag","embeddable":true,"href":"https:\/\/www.fleurop-home.ch\/de-ch\/wp-json\/wp\/v2\/product_tag?post=74832"},{"taxonomy":"woo-feed-brand","embeddable":true,"href":"https:\/\/www.fleurop-home.ch\/de-ch\/wp-json\/wp\/v2\/woo-feed-brand?post=74832"}],"curies":[{"name":"wp","href":"https:\/\/api.w.org\/{rel}","templated":true}]}}