{"id":74824,"date":"2026-02-19T07:31:49","date_gmt":"2026-02-19T06:31:49","guid":{"rendered":"https:\/\/www.fleurop-home.ch\/de-ch\/?post_type=product&#038;p=74824"},"modified":"2026-04-06T09:44:59","modified_gmt":"2026-04-06T07:44:59","slug":"solar-antic-sombra-laterne-20x32-5cm-schwarz","status":"publish","type":"product","link":"https:\/\/www.fleurop-home.ch\/de-ch\/p\/solar-antic-sombra-laterne-20x32-5cm-schwarz","title":{"rendered":"Solar Antic Sombra Laterne 20&#215;32.5cm schwarz"},"content":{"rendered":"<p><strong>STT Solar Antik Laterne Sombra \u2013 Stilvolle Solarlaterne im Vintage-Look<\/strong><\/p>\n<p>Warme Lichtakzente f\u00fcr Garten, Terrasse &amp; Balkon<\/p>\n<p>Die Sombra Laterne vereint antiken Charme mit moderner Solartechnik und sorgt f\u00fcr ein stimmungsvolles Lichtspiel im Aussenbereich. Das kunstvoll gestaltete Metallgeh\u00e4use in Antik-Weiss setzt dekorative Highlights und schafft eine einladende Atmosph\u00e4re \u2013 komplett kabellos und automatisch gesteuert.<\/p>\n<p><strong>Highlights<\/strong><\/p>\n<ul>\n<li><strong>Warmweisse LED<\/strong> f\u00fcr ein angenehmes, atmosph\u00e4risches Licht<\/li>\n<li><strong>Solarbetrieben<\/strong> \u2013 l\u00e4dt sich tags\u00fcber selbstst\u00e4ndig auf<\/li>\n<li><strong>Twilight Switch<\/strong>: schaltet bei D\u00e4mmerung automatisch ein<\/li>\n<li><strong>Wetterfest<\/strong> und robust f\u00fcr den Aussenbereich<\/li>\n<li><strong>Antik-Weiss<\/strong> f\u00fcr einen stilvollen Vintage-Effekt<\/li>\n<li><strong>Inkl. Akku<\/strong> (1\u00d7 ICR 18650, 2000 mAh)<\/li>\n<\/ul>\n<p><strong>Masse<\/strong><br \/>\n20 \u00d7 32.5 cm<\/p>\n","protected":false},"excerpt":{"rendered":"<p>Solar Antic Sombra Laterne 20&#215;32.5cm schwarz<\/p>\n","protected":false},"featured_media":74826,"template":"","meta":[],"product_brand":[],"product_cat":[35,23,108,28,34,132],"product_tag":[983],"woo-feed-brand":[],"class_list":{"0":"post-74824","1":"product","2":"type-product","3":"status-publish","4":"has-post-thumbnail","6":"product_cat-gartendeko","7":"product_cat-home-living","8":"product_cat-lichterketten-laternen","9":"product_cat-kerzen-lichter","10":"product_cat-garten-balkon","11":"product_cat-neu","12":"product_tag-selection-by-fleurophome","14":"first","15":"instock","16":"taxable","17":"shipping-taxable","18":"purchasable","19":"product-type-simple"},"_links":{"self":[{"href":"https:\/\/www.fleurop-home.ch\/de-ch\/wp-json\/wp\/v2\/product\/74824","targetHints":{"allow":["GET"]}}],"collection":[{"href":"https:\/\/www.fleurop-home.ch\/de-ch\/wp-json\/wp\/v2\/product"}],"about":[{"href":"https:\/\/www.fleurop-home.ch\/de-ch\/wp-json\/wp\/v2\/types\/product"}],"wp:featuredmedia":[{"embeddable":true,"href":"https:\/\/www.fleurop-home.ch\/de-ch\/wp-json\/wp\/v2\/media\/74826"}],"wp:attachment":[{"href":"https:\/\/www.fleurop-home.ch\/de-ch\/wp-json\/wp\/v2\/media?parent=74824"}],"wp:term":[{"taxonomy":"product_brand","embeddable":true,"href":"https:\/\/www.fleurop-home.ch\/de-ch\/wp-json\/wp\/v2\/product_brand?post=74824"},{"taxonomy":"product_cat","embeddable":true,"href":"https:\/\/www.fleurop-home.ch\/de-ch\/wp-json\/wp\/v2\/product_cat?post=74824"},{"taxonomy":"product_tag","embeddable":true,"href":"https:\/\/www.fleurop-home.ch\/de-ch\/wp-json\/wp\/v2\/product_tag?post=74824"},{"taxonomy":"woo-feed-brand","embeddable":true,"href":"https:\/\/www.fleurop-home.ch\/de-ch\/wp-json\/wp\/v2\/woo-feed-brand?post=74824"}],"curies":[{"name":"wp","href":"https:\/\/api.w.org\/{rel}","templated":true}]}}