{"id":74800,"date":"2026-02-18T17:43:50","date_gmt":"2026-02-18T16:43:50","guid":{"rendered":"https:\/\/www.fleurop-home.ch\/fr-ch\/?post_type=product&#038;p=74800"},"modified":"2026-04-15T16:33:01","modified_gmt":"2026-04-15T14:33:01","slug":"bilderrahmen-cadre-fleuri-et-papillons","status":"publish","type":"product","link":"https:\/\/www.fleurop-home.ch\/de-ch\/p\/bilderrahmen-cadre-fleuri-et-papillons","title":{"rendered":"Bilderrahmen &#171;Cadre fleuri et papillons&#187;"},"content":{"rendered":"<p>Dieser wundersch\u00f6ne Blumenrahmen zum Aufh\u00e4ngen in Rot- und Weisst\u00f6nen ist ein wundersch\u00f6nes Geschenk und pflegeleicht.<\/p>\n","protected":false},"excerpt":{"rendered":"<p>Weisser Rahmen mit stabilisierten Rosen und Trockenpflanzen<\/p>\n","protected":false},"featured_media":74794,"template":"","meta":[],"product_brand":[],"product_cat":[102,23,26],"product_tag":[1135],"woo-feed-brand":[],"class_list":{"0":"post-74800","1":"product","2":"type-product","3":"status-publish","4":"has-post-thumbnail","6":"product_cat-infinity-rosen","7":"product_cat-home-living","8":"product_cat-blumen-pflanzen","9":"product_tag-mon-reve-fleuri","11":"first","12":"instock","13":"taxable","14":"shipping-taxable","15":"purchasable","16":"product-type-simple"},"_links":{"self":[{"href":"https:\/\/www.fleurop-home.ch\/de-ch\/wp-json\/wp\/v2\/product\/74800","targetHints":{"allow":["GET"]}}],"collection":[{"href":"https:\/\/www.fleurop-home.ch\/de-ch\/wp-json\/wp\/v2\/product"}],"about":[{"href":"https:\/\/www.fleurop-home.ch\/de-ch\/wp-json\/wp\/v2\/types\/product"}],"wp:featuredmedia":[{"embeddable":true,"href":"https:\/\/www.fleurop-home.ch\/de-ch\/wp-json\/wp\/v2\/media\/74794"}],"wp:attachment":[{"href":"https:\/\/www.fleurop-home.ch\/de-ch\/wp-json\/wp\/v2\/media?parent=74800"}],"wp:term":[{"taxonomy":"product_brand","embeddable":true,"href":"https:\/\/www.fleurop-home.ch\/de-ch\/wp-json\/wp\/v2\/product_brand?post=74800"},{"taxonomy":"product_cat","embeddable":true,"href":"https:\/\/www.fleurop-home.ch\/de-ch\/wp-json\/wp\/v2\/product_cat?post=74800"},{"taxonomy":"product_tag","embeddable":true,"href":"https:\/\/www.fleurop-home.ch\/de-ch\/wp-json\/wp\/v2\/product_tag?post=74800"},{"taxonomy":"woo-feed-brand","embeddable":true,"href":"https:\/\/www.fleurop-home.ch\/de-ch\/wp-json\/wp\/v2\/woo-feed-brand?post=74800"}],"curies":[{"name":"wp","href":"https:\/\/api.w.org\/{rel}","templated":true}]}}