{"id":74799,"date":"2026-02-18T17:15:14","date_gmt":"2026-02-18T16:15:14","guid":{"rendered":"https:\/\/www.fleurop-home.ch\/fr-ch\/?post_type=product&#038;p=74799"},"modified":"2026-04-15T16:32:55","modified_gmt":"2026-04-15T14:32:55","slug":"blumearragement-la-douceur-dun-coeur-saumon","status":"publish","type":"product","link":"https:\/\/www.fleurop-home.ch\/de-ch\/p\/blumearragement-la-douceur-dun-coeur-saumon","title":{"rendered":"Blumearragement &#171;La douceur d&#8217;un coeur saumon&#187;"},"content":{"rendered":"<p>Dieses wundersch\u00f6ne rosa Herz, bestehend aus einer konservierten helllachsfarbenen Rose und getrockneten Pflanzen, ist ein wundersch\u00f6nes Geschenk zum Muttertag und zu allen anderen Anl\u00e4ssen.<br \/>\nPflegeleicht und etwa 15 cm hoch und 18 cm breit.<\/p>\n","protected":false},"excerpt":{"rendered":"<p>S\u00fcsses rosa Herz zum Aufh\u00e4ngen.<\/p>\n","protected":false},"featured_media":74791,"template":"","meta":[],"product_brand":[],"product_cat":[102,23,1023,797,26],"product_tag":[1135],"woo-feed-brand":[],"class_list":{"0":"post-74799","1":"product","2":"type-product","3":"status-publish","4":"has-post-thumbnail","6":"product_cat-infinity-rosen","7":"product_cat-home-living","8":"product_cat-fuer-mama","9":"product_cat-muttertag","10":"product_cat-blumen-pflanzen","11":"product_tag-mon-reve-fleuri","13":"first","14":"instock","15":"taxable","16":"shipping-taxable","17":"purchasable","18":"product-type-simple"},"_links":{"self":[{"href":"https:\/\/www.fleurop-home.ch\/de-ch\/wp-json\/wp\/v2\/product\/74799","targetHints":{"allow":["GET"]}}],"collection":[{"href":"https:\/\/www.fleurop-home.ch\/de-ch\/wp-json\/wp\/v2\/product"}],"about":[{"href":"https:\/\/www.fleurop-home.ch\/de-ch\/wp-json\/wp\/v2\/types\/product"}],"wp:featuredmedia":[{"embeddable":true,"href":"https:\/\/www.fleurop-home.ch\/de-ch\/wp-json\/wp\/v2\/media\/74791"}],"wp:attachment":[{"href":"https:\/\/www.fleurop-home.ch\/de-ch\/wp-json\/wp\/v2\/media?parent=74799"}],"wp:term":[{"taxonomy":"product_brand","embeddable":true,"href":"https:\/\/www.fleurop-home.ch\/de-ch\/wp-json\/wp\/v2\/product_brand?post=74799"},{"taxonomy":"product_cat","embeddable":true,"href":"https:\/\/www.fleurop-home.ch\/de-ch\/wp-json\/wp\/v2\/product_cat?post=74799"},{"taxonomy":"product_tag","embeddable":true,"href":"https:\/\/www.fleurop-home.ch\/de-ch\/wp-json\/wp\/v2\/product_tag?post=74799"},{"taxonomy":"woo-feed-brand","embeddable":true,"href":"https:\/\/www.fleurop-home.ch\/de-ch\/wp-json\/wp\/v2\/woo-feed-brand?post=74799"}],"curies":[{"name":"wp","href":"https:\/\/api.w.org\/{rel}","templated":true}]}}