{"id":74671,"date":"2026-02-17T15:50:13","date_gmt":"2026-02-17T14:50:13","guid":{"rendered":"https:\/\/www.fleurop-home.ch\/?post_type=product&#038;p=74671"},"modified":"2026-02-17T16:12:24","modified_gmt":"2026-02-17T15:12:24","slug":"herzgefaess-aus-muehlenbeckia-25cm-x-8cm-2","status":"publish","type":"product","link":"https:\/\/www.fleurop-home.ch\/de-ch\/p\/herzgefaess-aus-muehlenbeckia-25cm-x-8cm-2","title":{"rendered":"Herzgef\u00e4ss aus M\u00fchlenbeckia, 25cm x 8cm"},"content":{"rendered":"<p>Dieses sch\u00f6ne Herzgef\u00e4ss aus M\u00fchlenbeckia kannst du saisonal bepflanzen, es mit Blumen bef\u00fcllen und als Herzgesteck verschenken oder ganz einfach als Geschenkkorb f\u00fcr jeden Anlass nutzen.<\/p>\n","protected":false},"excerpt":{"rendered":"<p>Herzgef\u00e4ss aus M\u00fchlenbeckia, 25cm x 8cm<\/p>\n","protected":false},"featured_media":74672,"template":"","meta":[],"product_brand":[],"product_cat":[1195,23,1200,29,27],"product_tag":[282],"woo-feed-brand":[],"class_list":{"0":"post-74671","1":"product","2":"type-product","3":"status-publish","4":"has-post-thumbnail","6":"product_cat-dekogrundlagen","7":"product_cat-home-living","8":"product_cat-gefaesse","9":"product_cat-do-it-yourself","10":"product_cat-vasen-gefaesse","11":"product_tag-fleurop-interflora","13":"first","14":"instock","15":"taxable","16":"shipping-taxable","17":"purchasable","18":"product-type-simple"},"_links":{"self":[{"href":"https:\/\/www.fleurop-home.ch\/de-ch\/wp-json\/wp\/v2\/product\/74671","targetHints":{"allow":["GET"]}}],"collection":[{"href":"https:\/\/www.fleurop-home.ch\/de-ch\/wp-json\/wp\/v2\/product"}],"about":[{"href":"https:\/\/www.fleurop-home.ch\/de-ch\/wp-json\/wp\/v2\/types\/product"}],"wp:featuredmedia":[{"embeddable":true,"href":"https:\/\/www.fleurop-home.ch\/de-ch\/wp-json\/wp\/v2\/media\/74672"}],"wp:attachment":[{"href":"https:\/\/www.fleurop-home.ch\/de-ch\/wp-json\/wp\/v2\/media?parent=74671"}],"wp:term":[{"taxonomy":"product_brand","embeddable":true,"href":"https:\/\/www.fleurop-home.ch\/de-ch\/wp-json\/wp\/v2\/product_brand?post=74671"},{"taxonomy":"product_cat","embeddable":true,"href":"https:\/\/www.fleurop-home.ch\/de-ch\/wp-json\/wp\/v2\/product_cat?post=74671"},{"taxonomy":"product_tag","embeddable":true,"href":"https:\/\/www.fleurop-home.ch\/de-ch\/wp-json\/wp\/v2\/product_tag?post=74671"},{"taxonomy":"woo-feed-brand","embeddable":true,"href":"https:\/\/www.fleurop-home.ch\/de-ch\/wp-json\/wp\/v2\/woo-feed-brand?post=74671"}],"curies":[{"name":"wp","href":"https:\/\/api.w.org\/{rel}","templated":true}]}}