{"id":74637,"date":"2026-02-17T11:22:45","date_gmt":"2026-02-17T10:22:45","guid":{"rendered":"https:\/\/www.fleurop-home.ch\/?post_type=product&#038;p=74637"},"modified":"2026-05-12T09:38:29","modified_gmt":"2026-05-12T07:38:29","slug":"hauswurz-sempervivum-hybrida-17","status":"publish","type":"product","link":"https:\/\/www.fleurop-home.ch\/de-ch\/p\/hauswurz-sempervivum-hybrida-17","title":{"rendered":"Hauswurz &#8211; Sempervivum Hybrida"},"content":{"rendered":"<p>Der Hauswurz Reinhart vereint Robustheit und Anspruchslosigkeit in einem kompakten Wuchs. Diese winterharte Staude gedeiht besonders gut an vollsonnigen Standorten und bevorzugt durchl\u00e4ssigen, eher kargen Boden. Sie kommt mit wenig Wasser aus und ben\u00f6tigt kaum Pflege, was sie zur idealen Wahl f\u00fcr Steing\u00e4rten, Trockenmauern oder Gr\u00e4ber macht. Auch in unterschiedlichen Pflanzgef\u00e4ssen setzt sie naturnahe Akzente. Produziert in 100 % Schweizer Produktion nach Suisse Garantie \u2013 so profitierst du von langlebiger Pflanzenqualit\u00e4t f\u00fcr naturnahe Begr\u00fcnung.<\/p>\n<p>H\u00f6he: 10 cm<br \/>\nTopf Gr\u00f6sse: 30 er Schale<br \/>\nWinterh\u00e4rte: winterhart<br \/>\nLicht: sonnig<br \/>\nBl\u00fctezeit: Juni bis August<br \/>\nBoden: durchl\u00e4ssig<\/p>\n","protected":false},"excerpt":{"rendered":"<p>Hauswurz Sempervivum Reinhart in Tonschale \u2013 robust und winterhart<\/p>\n","protected":false},"featured_media":74639,"template":"","meta":[],"product_brand":[],"product_cat":[109,34,41],"product_tag":[299],"woo-feed-brand":[],"class_list":{"0":"post-74637","1":"product","2":"type-product","3":"status-publish","4":"has-post-thumbnail","6":"product_cat-saisonale-pflanzen","7":"product_cat-garten-balkon","8":"product_cat-outdoorpflanzen","9":"product_tag-santispracht","11":"first","12":"instock","13":"taxable","14":"shipping-taxable","15":"purchasable","16":"product-type-simple"},"_links":{"self":[{"href":"https:\/\/www.fleurop-home.ch\/de-ch\/wp-json\/wp\/v2\/product\/74637","targetHints":{"allow":["GET"]}}],"collection":[{"href":"https:\/\/www.fleurop-home.ch\/de-ch\/wp-json\/wp\/v2\/product"}],"about":[{"href":"https:\/\/www.fleurop-home.ch\/de-ch\/wp-json\/wp\/v2\/types\/product"}],"wp:featuredmedia":[{"embeddable":true,"href":"https:\/\/www.fleurop-home.ch\/de-ch\/wp-json\/wp\/v2\/media\/74639"}],"wp:attachment":[{"href":"https:\/\/www.fleurop-home.ch\/de-ch\/wp-json\/wp\/v2\/media?parent=74637"}],"wp:term":[{"taxonomy":"product_brand","embeddable":true,"href":"https:\/\/www.fleurop-home.ch\/de-ch\/wp-json\/wp\/v2\/product_brand?post=74637"},{"taxonomy":"product_cat","embeddable":true,"href":"https:\/\/www.fleurop-home.ch\/de-ch\/wp-json\/wp\/v2\/product_cat?post=74637"},{"taxonomy":"product_tag","embeddable":true,"href":"https:\/\/www.fleurop-home.ch\/de-ch\/wp-json\/wp\/v2\/product_tag?post=74637"},{"taxonomy":"woo-feed-brand","embeddable":true,"href":"https:\/\/www.fleurop-home.ch\/de-ch\/wp-json\/wp\/v2\/woo-feed-brand?post=74637"}],"curies":[{"name":"wp","href":"https:\/\/api.w.org\/{rel}","templated":true}]}}