{"id":74581,"date":"2026-02-15T10:54:53","date_gmt":"2026-02-15T09:54:53","guid":{"rendered":"https:\/\/www.fleurop-home.ch\/fr-ch\/?post_type=product&#038;p=74581"},"modified":"2026-04-15T16:32:10","modified_gmt":"2026-04-15T14:32:10","slug":"stabilisierter-bonsai-la-beaute-dun-bonsai","status":"publish","type":"product","link":"https:\/\/www.fleurop-home.ch\/de-ch\/p\/stabilisierter-bonsai-la-beaute-dun-bonsai","title":{"rendered":"Stabilisierter Bonsai &#171;La beaut\u00e9 d&#8217;un bonsa\u00ef&#187;"},"content":{"rendered":"<p>Dieser wundersch\u00f6ne Bonsai ist ein stabilisierter Wacholder, der pflegefrei ist und mehrere Jahre h\u00e4lt. Er wird von stabilisiertem Moos begleitet, ist handgefertigt und ein Unikat, dass dein Zuhause versch\u00f6nert oder ein wundersch\u00f6nes Geschenk f\u00fcr deine Lieben ist.<\/p>\n<p>Er ist etwa 43 cm hoch, 80 cm breit und hat einen Durchmesser von etwa 32 cm.<\/p>\n","protected":false},"excerpt":{"rendered":"<p>Dieser Bonsai ist ein Unikat.<\/p>\n","protected":false},"featured_media":74582,"template":"","meta":[],"product_brand":[],"product_cat":[107,23,26],"product_tag":[1135],"woo-feed-brand":[],"class_list":{"0":"post-74581","1":"product","2":"type-product","3":"status-publish","4":"has-post-thumbnail","6":"product_cat-kunstblumen","7":"product_cat-home-living","8":"product_cat-blumen-pflanzen","9":"product_tag-mon-reve-fleuri","11":"first","12":"instock","13":"taxable","14":"shipping-taxable","15":"purchasable","16":"product-type-simple"},"_links":{"self":[{"href":"https:\/\/www.fleurop-home.ch\/de-ch\/wp-json\/wp\/v2\/product\/74581","targetHints":{"allow":["GET"]}}],"collection":[{"href":"https:\/\/www.fleurop-home.ch\/de-ch\/wp-json\/wp\/v2\/product"}],"about":[{"href":"https:\/\/www.fleurop-home.ch\/de-ch\/wp-json\/wp\/v2\/types\/product"}],"wp:featuredmedia":[{"embeddable":true,"href":"https:\/\/www.fleurop-home.ch\/de-ch\/wp-json\/wp\/v2\/media\/74582"}],"wp:attachment":[{"href":"https:\/\/www.fleurop-home.ch\/de-ch\/wp-json\/wp\/v2\/media?parent=74581"}],"wp:term":[{"taxonomy":"product_brand","embeddable":true,"href":"https:\/\/www.fleurop-home.ch\/de-ch\/wp-json\/wp\/v2\/product_brand?post=74581"},{"taxonomy":"product_cat","embeddable":true,"href":"https:\/\/www.fleurop-home.ch\/de-ch\/wp-json\/wp\/v2\/product_cat?post=74581"},{"taxonomy":"product_tag","embeddable":true,"href":"https:\/\/www.fleurop-home.ch\/de-ch\/wp-json\/wp\/v2\/product_tag?post=74581"},{"taxonomy":"woo-feed-brand","embeddable":true,"href":"https:\/\/www.fleurop-home.ch\/de-ch\/wp-json\/wp\/v2\/woo-feed-brand?post=74581"}],"curies":[{"name":"wp","href":"https:\/\/api.w.org\/{rel}","templated":true}]}}