{"id":74577,"date":"2026-02-15T10:45:17","date_gmt":"2026-02-15T09:45:17","guid":{"rendered":"https:\/\/www.fleurop-home.ch\/fr-ch\/?post_type=product&#038;p=74577"},"modified":"2026-02-16T10:10:52","modified_gmt":"2026-02-16T09:10:52","slug":"rosenbox-la-boite-a-roses-petite","status":"publish","type":"product","link":"https:\/\/www.fleurop-home.ch\/de-ch\/p\/rosenbox-la-boite-a-roses-petite","title":{"rendered":"Rosenbox &#171;La boite \u00e0 roses petite&#187;"},"content":{"rendered":"<p>Diese wundersch\u00f6ne Schachtel enth\u00e4lt 3 hellrosa Rosen, 3 rote Rosen und rosa Hortensien \u2013 ein wundersch\u00f6nes Geschenk zum Muttertag oder zu jedem anderen Anlass, dass du mit Z\u00e4rtlichkeit \u00fcberreichen kannst.<br \/>\nEs handelt sich um konservierte Blumen, die pflegeleicht sind, mehrere Jahre halten.<\/p>\n","protected":false},"excerpt":{"rendered":"<p>Weisse Herzschachtel mit Rosen<\/p>\n","protected":false},"featured_media":74578,"template":"","meta":[],"product_brand":[],"product_cat":[102,23,1023,1003,797,999,26,132],"product_tag":[1135],"woo-feed-brand":[],"class_list":{"0":"post-74577","1":"product","2":"type-product","3":"status-publish","4":"has-post-thumbnail","6":"product_cat-infinity-rosen","7":"product_cat-home-living","8":"product_cat-fuer-mama","9":"product_cat-fuer-sie","10":"product_cat-muttertag","11":"product_cat-valentinstag","12":"product_cat-blumen-pflanzen","13":"product_cat-neu","14":"product_tag-mon-reve-fleuri","16":"first","17":"instock","18":"taxable","19":"shipping-taxable","20":"purchasable","21":"product-type-simple"},"_links":{"self":[{"href":"https:\/\/www.fleurop-home.ch\/de-ch\/wp-json\/wp\/v2\/product\/74577","targetHints":{"allow":["GET"]}}],"collection":[{"href":"https:\/\/www.fleurop-home.ch\/de-ch\/wp-json\/wp\/v2\/product"}],"about":[{"href":"https:\/\/www.fleurop-home.ch\/de-ch\/wp-json\/wp\/v2\/types\/product"}],"wp:featuredmedia":[{"embeddable":true,"href":"https:\/\/www.fleurop-home.ch\/de-ch\/wp-json\/wp\/v2\/media\/74578"}],"wp:attachment":[{"href":"https:\/\/www.fleurop-home.ch\/de-ch\/wp-json\/wp\/v2\/media?parent=74577"}],"wp:term":[{"taxonomy":"product_brand","embeddable":true,"href":"https:\/\/www.fleurop-home.ch\/de-ch\/wp-json\/wp\/v2\/product_brand?post=74577"},{"taxonomy":"product_cat","embeddable":true,"href":"https:\/\/www.fleurop-home.ch\/de-ch\/wp-json\/wp\/v2\/product_cat?post=74577"},{"taxonomy":"product_tag","embeddable":true,"href":"https:\/\/www.fleurop-home.ch\/de-ch\/wp-json\/wp\/v2\/product_tag?post=74577"},{"taxonomy":"woo-feed-brand","embeddable":true,"href":"https:\/\/www.fleurop-home.ch\/de-ch\/wp-json\/wp\/v2\/woo-feed-brand?post=74577"}],"curies":[{"name":"wp","href":"https:\/\/api.w.org\/{rel}","templated":true}]}}