{"id":74081,"date":"2026-02-10T08:08:42","date_gmt":"2026-02-10T07:08:42","guid":{"rendered":"https:\/\/www.fleurop-home.ch\/?post_type=product&#038;p=74081"},"modified":"2026-02-10T08:08:42","modified_gmt":"2026-02-10T07:08:42","slug":"baby-geschenkbox-beige-estland-heller-baer","status":"publish","type":"product","link":"https:\/\/www.fleurop-home.ch\/de-ch\/p\/baby-geschenkbox-beige-estland-heller-baer","title":{"rendered":"Baby Geschenkbox Beige &#171;Estland&#187; heller B\u00e4r"},"content":{"rendered":"<p>Unsere OYKAMI Boxen sind mehr als Geschenke \u2013 sie vereinen hochwertige sch\u00f6ne Sch\u00e4tze, die Geborgenheit und Gl\u00fccksmomente ins Zuhause bringen.<\/p>\n<p>Unsere Baby Geschenkbox enth\u00e4lt:<strong><br \/>\n<\/strong>&#8211; Baby Musselin Tuch in Beige aus 100% Organischer Baumwolle der nordischen Marke &#171;Filibabba&#187;<br \/>\n&#8211; Holzplaquette &#171;hello world&#187;<br \/>\n&#8211; Schnuller-Kette<br \/>\n&#8211; geh\u00e4kelter Beissring &#171;s\u00fcsser B\u00e4r&#187; mit Glocke<br \/>\n&#8211; geh\u00e4kelter Stern in Weiss Beissring<br \/>\n&#8211; \u00dcberraschungspostkarte<\/p>\n<p>All unsere Geschenkboxen wurde mit viel Liebe und gr\u00f6sster Sorgfalt zusammengestellt, um den Bed\u00fcrfnissen des Kindes gerecht zu werden und den Eltern viel Freude zu schenken. Sie eignen sich ideal zur Geburt, f\u00fcr Baby-Partys oder einfach, um frischgebackenen Eltern zu zeigen, dass man an sie denkt \u2661<\/p>\n<p>Verpackt in einem hochwertigen, stabilen Magnetkarton mit sch\u00f6ner Schleife, ist sie sofort bereit zum Verschenken und bleibt als Erinnerungsbox lange erhalten \u2661<\/p>\n<p>Zus\u00e4tzliche Informationen:<br \/>\n&#8211; Holzart: Buchenholz der Qualit\u00e4tsstufe A<br \/>\n&#8211; F\u00fcr Babys 0+ geeignet<\/p>\n","protected":false},"excerpt":{"rendered":"<p>Unsere OYKAMI Boxen sind mehr als Geschenke \u2013 sie vereinen hochwertige sch\u00f6ne Sch\u00e4tze, die Geborgenheit und Gl\u00fccksmomente ins Zuhause bringen.<\/p>\n","protected":false},"featured_media":74131,"template":"","meta":[],"product_brand":[],"product_cat":[1233,1228,1227],"product_tag":[1222],"woo-feed-brand":[],"class_list":{"0":"post-74081","1":"product","2":"type-product","3":"status-publish","4":"has-post-thumbnail","6":"product_cat-neutral","7":"product_cat-babys","8":"product_cat-geschenkboxen","9":"product_tag-oykami-in-a-box","11":"first","12":"instock","13":"taxable","14":"shipping-taxable","15":"purchasable","16":"product-type-simple"},"_links":{"self":[{"href":"https:\/\/www.fleurop-home.ch\/de-ch\/wp-json\/wp\/v2\/product\/74081","targetHints":{"allow":["GET"]}}],"collection":[{"href":"https:\/\/www.fleurop-home.ch\/de-ch\/wp-json\/wp\/v2\/product"}],"about":[{"href":"https:\/\/www.fleurop-home.ch\/de-ch\/wp-json\/wp\/v2\/types\/product"}],"wp:featuredmedia":[{"embeddable":true,"href":"https:\/\/www.fleurop-home.ch\/de-ch\/wp-json\/wp\/v2\/media\/74131"}],"wp:attachment":[{"href":"https:\/\/www.fleurop-home.ch\/de-ch\/wp-json\/wp\/v2\/media?parent=74081"}],"wp:term":[{"taxonomy":"product_brand","embeddable":true,"href":"https:\/\/www.fleurop-home.ch\/de-ch\/wp-json\/wp\/v2\/product_brand?post=74081"},{"taxonomy":"product_cat","embeddable":true,"href":"https:\/\/www.fleurop-home.ch\/de-ch\/wp-json\/wp\/v2\/product_cat?post=74081"},{"taxonomy":"product_tag","embeddable":true,"href":"https:\/\/www.fleurop-home.ch\/de-ch\/wp-json\/wp\/v2\/product_tag?post=74081"},{"taxonomy":"woo-feed-brand","embeddable":true,"href":"https:\/\/www.fleurop-home.ch\/de-ch\/wp-json\/wp\/v2\/woo-feed-brand?post=74081"}],"curies":[{"name":"wp","href":"https:\/\/api.w.org\/{rel}","templated":true}]}}