{"id":73605,"date":"2026-01-23T14:19:14","date_gmt":"2026-01-23T13:19:14","guid":{"rendered":"https:\/\/www.fleurop-home.ch\/de-ch\/?post_type=product&#038;p=73605"},"modified":"2026-04-15T16:24:49","modified_gmt":"2026-04-15T14:24:49","slug":"sunny-rain","status":"publish","type":"product","link":"https:\/\/www.fleurop-home.ch\/de-ch\/p\/sunny-rain","title":{"rendered":"SUNNY RAIN"},"content":{"rendered":"<p>Im Leben, wie im Wetter, ist selten alles best\u00e4ndig \u2013 und genau das macht es interessant. Hinter jeder Regenwolke wartet ein Sonnenstrahl. Mehr als nur Socken! Mal Sonnenschein, mal Regen \u2013 und zum Gl\u00fcck so. Ohne ein paar Tropfen w\u00fcrdest du die Strahlen nie richtig sch\u00e4tzen, und ohne ein wenig Chaos g\u00e4be es keine Balance. Sunny Rain Socken bringen genau dieses Gef\u00fchl von Harmonie und Lebensfreude an deine F\u00fcsse<\/p>\n","protected":false},"excerpt":{"rendered":"<p>SUNNY RAIN Sportsocken by Many Mornings<\/p>\n","protected":false},"featured_media":73613,"template":"","meta":[],"product_brand":[],"product_cat":[56,1023,797,52],"product_tag":[298],"woo-feed-brand":[],"class_list":{"0":"post-73605","1":"product","2":"type-product","3":"status-publish","4":"has-post-thumbnail","6":"product_cat-bunte-socken","7":"product_cat-fuer-mama","8":"product_cat-muttertag","9":"product_cat-geschenke","10":"product_tag-sportagon-gmbh","12":"first","13":"instock","14":"taxable","15":"shipping-taxable","16":"purchasable","17":"product-type-variable"},"_links":{"self":[{"href":"https:\/\/www.fleurop-home.ch\/de-ch\/wp-json\/wp\/v2\/product\/73605","targetHints":{"allow":["GET"]}}],"collection":[{"href":"https:\/\/www.fleurop-home.ch\/de-ch\/wp-json\/wp\/v2\/product"}],"about":[{"href":"https:\/\/www.fleurop-home.ch\/de-ch\/wp-json\/wp\/v2\/types\/product"}],"wp:featuredmedia":[{"embeddable":true,"href":"https:\/\/www.fleurop-home.ch\/de-ch\/wp-json\/wp\/v2\/media\/73613"}],"wp:attachment":[{"href":"https:\/\/www.fleurop-home.ch\/de-ch\/wp-json\/wp\/v2\/media?parent=73605"}],"wp:term":[{"taxonomy":"product_brand","embeddable":true,"href":"https:\/\/www.fleurop-home.ch\/de-ch\/wp-json\/wp\/v2\/product_brand?post=73605"},{"taxonomy":"product_cat","embeddable":true,"href":"https:\/\/www.fleurop-home.ch\/de-ch\/wp-json\/wp\/v2\/product_cat?post=73605"},{"taxonomy":"product_tag","embeddable":true,"href":"https:\/\/www.fleurop-home.ch\/de-ch\/wp-json\/wp\/v2\/product_tag?post=73605"},{"taxonomy":"woo-feed-brand","embeddable":true,"href":"https:\/\/www.fleurop-home.ch\/de-ch\/wp-json\/wp\/v2\/woo-feed-brand?post=73605"}],"curies":[{"name":"wp","href":"https:\/\/api.w.org\/{rel}","templated":true}]}}