{"id":73597,"date":"2026-01-23T14:15:19","date_gmt":"2026-01-23T13:15:19","guid":{"rendered":"https:\/\/www.fleurop-home.ch\/de-ch\/?post_type=product&#038;p=73597"},"modified":"2026-04-15T16:24:54","modified_gmt":"2026-04-15T14:24:54","slug":"scroll-routine","status":"publish","type":"product","link":"https:\/\/www.fleurop-home.ch\/de-ch\/p\/scroll-routine","title":{"rendered":"SCROLL ROUTINE"},"content":{"rendered":"<p>In einer Welt, in der jeder einen Daumen wie ein Athlet hat und der Bildschirm heller strahlt als die Sonne, ist es schwer, bei nur einem Scroll zu stoppen. Benachrichtigungen blitzen, und du redest dir ein, dass das der letzte ist &#8211; vor dem Schlafengehen, vor der Arbeit&#8230; oder vor dem Fr\u00fchst\u00fcck. Manchmal kann die Welt wirklich zwischen deinen Fingern entgleiten, aber zumindest haben deine F\u00fcsse eine stabile Verbindung zur Realit\u00e4t. Mach ein kleines Update deines Outfits, bevor du weiter scrollst &#8211; schliesslich braucht deine Schublade kein Wi-Fi.<\/p>\n","protected":false},"excerpt":{"rendered":"<p>SCROLL ROUTINE Sportsocken by Many Mornings<\/p>\n","protected":false},"featured_media":73603,"template":"","meta":[],"product_brand":[],"product_cat":[56,52],"product_tag":[298],"woo-feed-brand":[],"class_list":{"0":"post-73597","1":"product","2":"type-product","3":"status-publish","4":"has-post-thumbnail","6":"product_cat-bunte-socken","7":"product_cat-geschenke","8":"product_tag-sportagon-gmbh","10":"first","11":"instock","12":"taxable","13":"shipping-taxable","14":"purchasable","15":"product-type-variable"},"_links":{"self":[{"href":"https:\/\/www.fleurop-home.ch\/de-ch\/wp-json\/wp\/v2\/product\/73597","targetHints":{"allow":["GET"]}}],"collection":[{"href":"https:\/\/www.fleurop-home.ch\/de-ch\/wp-json\/wp\/v2\/product"}],"about":[{"href":"https:\/\/www.fleurop-home.ch\/de-ch\/wp-json\/wp\/v2\/types\/product"}],"wp:featuredmedia":[{"embeddable":true,"href":"https:\/\/www.fleurop-home.ch\/de-ch\/wp-json\/wp\/v2\/media\/73603"}],"wp:attachment":[{"href":"https:\/\/www.fleurop-home.ch\/de-ch\/wp-json\/wp\/v2\/media?parent=73597"}],"wp:term":[{"taxonomy":"product_brand","embeddable":true,"href":"https:\/\/www.fleurop-home.ch\/de-ch\/wp-json\/wp\/v2\/product_brand?post=73597"},{"taxonomy":"product_cat","embeddable":true,"href":"https:\/\/www.fleurop-home.ch\/de-ch\/wp-json\/wp\/v2\/product_cat?post=73597"},{"taxonomy":"product_tag","embeddable":true,"href":"https:\/\/www.fleurop-home.ch\/de-ch\/wp-json\/wp\/v2\/product_tag?post=73597"},{"taxonomy":"woo-feed-brand","embeddable":true,"href":"https:\/\/www.fleurop-home.ch\/de-ch\/wp-json\/wp\/v2\/woo-feed-brand?post=73597"}],"curies":[{"name":"wp","href":"https:\/\/api.w.org\/{rel}","templated":true}]}}