{"id":73588,"date":"2026-01-23T14:12:29","date_gmt":"2026-01-23T13:12:29","guid":{"rendered":"https:\/\/www.fleurop-home.ch\/de-ch\/?post_type=product&#038;p=73588"},"modified":"2026-04-15T16:25:01","modified_gmt":"2026-04-15T14:25:01","slug":"rush-routine","status":"publish","type":"product","link":"https:\/\/www.fleurop-home.ch\/de-ch\/p\/rush-routine","title":{"rendered":"RUSH ROUTINE"},"content":{"rendered":"<p>Hier ist kein Platz f\u00fcr Slow Life. Es ist der schnelle Kaffee, die schnellen Entscheidungen \u2013 dein ganz eigener Rhythmus im t\u00e4glichen Chaos. Selbst wenn der Kaffee versch\u00fcttet wird, bleibt es deine Rush Routine. Der Wecker klingelt, die Maschine l\u00e4uft noch nicht, und draussen klopft schon die Welt an dein Fenster. Willkommen in einem Morgen, der nach Espresso schmeckt und sich anf\u00fchlt wie ein Wettrennen gegen die Zeit. Diese Socken fangen genau diesen Moment ein \u2013 energiegeladen, spontan und kompromisslos echt.<\/p>\n","protected":false},"excerpt":{"rendered":"<p>RUSH ROUTINE Socken by Many Mornings<\/p>\n","protected":false},"featured_media":73594,"template":"","meta":[],"product_brand":[],"product_cat":[56,1002,999,52],"product_tag":[298],"woo-feed-brand":[],"class_list":{"0":"post-73588","1":"product","2":"type-product","3":"status-publish","4":"has-post-thumbnail","6":"product_cat-bunte-socken","7":"product_cat-fuer-ihn","8":"product_cat-valentinstag","9":"product_cat-geschenke","10":"product_tag-sportagon-gmbh","12":"first","13":"instock","14":"taxable","15":"shipping-taxable","16":"purchasable","17":"product-type-variable"},"_links":{"self":[{"href":"https:\/\/www.fleurop-home.ch\/de-ch\/wp-json\/wp\/v2\/product\/73588","targetHints":{"allow":["GET"]}}],"collection":[{"href":"https:\/\/www.fleurop-home.ch\/de-ch\/wp-json\/wp\/v2\/product"}],"about":[{"href":"https:\/\/www.fleurop-home.ch\/de-ch\/wp-json\/wp\/v2\/types\/product"}],"wp:featuredmedia":[{"embeddable":true,"href":"https:\/\/www.fleurop-home.ch\/de-ch\/wp-json\/wp\/v2\/media\/73594"}],"wp:attachment":[{"href":"https:\/\/www.fleurop-home.ch\/de-ch\/wp-json\/wp\/v2\/media?parent=73588"}],"wp:term":[{"taxonomy":"product_brand","embeddable":true,"href":"https:\/\/www.fleurop-home.ch\/de-ch\/wp-json\/wp\/v2\/product_brand?post=73588"},{"taxonomy":"product_cat","embeddable":true,"href":"https:\/\/www.fleurop-home.ch\/de-ch\/wp-json\/wp\/v2\/product_cat?post=73588"},{"taxonomy":"product_tag","embeddable":true,"href":"https:\/\/www.fleurop-home.ch\/de-ch\/wp-json\/wp\/v2\/product_tag?post=73588"},{"taxonomy":"woo-feed-brand","embeddable":true,"href":"https:\/\/www.fleurop-home.ch\/de-ch\/wp-json\/wp\/v2\/woo-feed-brand?post=73588"}],"curies":[{"name":"wp","href":"https:\/\/api.w.org\/{rel}","templated":true}]}}