{"id":73545,"date":"2026-01-23T14:00:25","date_gmt":"2026-01-23T13:00:25","guid":{"rendered":"https:\/\/www.fleurop-home.ch\/de-ch\/?post_type=product&#038;p=73545"},"modified":"2026-04-15T16:25:23","modified_gmt":"2026-04-15T14:25:23","slug":"lovers-club","status":"publish","type":"product","link":"https:\/\/www.fleurop-home.ch\/de-ch\/p\/lovers-club","title":{"rendered":"LOVERS CLUB"},"content":{"rendered":"<p style=\"text-align: left;\">Ein Morgen wie aus einer romantischen Kom\u00f6die: Sonnenlicht tanzt auf den Vorh\u00e4ngen, du summst dein Lieblingslied \u2013 irgendwo zwischen Kaffee und Herz flattern kleine Schmetterlinge. Keine Eile. Nur Leichtigkeit, L\u00e4cheln und Freude an den kleinen Dingen. Lovers Club steht nicht f\u00fcr grosse Gesten, sondern f\u00fcr Momente voller W\u00e4rme, Licht und dieser m\u00fchelosen Liebe zum Leben. Ob man sich in diesen Socken verliebt? Wir k\u00f6nnen nichts versprechen \u2013 aber wir haben so ein Gef\u00fchl.<\/p>\n","protected":false},"excerpt":{"rendered":"<p>LOVERS CLUB Sportsocken by Many Mornings<\/p>\n","protected":false},"featured_media":73552,"template":"","meta":[],"product_brand":[],"product_cat":[56,52],"product_tag":[298],"woo-feed-brand":[],"class_list":{"0":"post-73545","1":"product","2":"type-product","3":"status-publish","4":"has-post-thumbnail","6":"product_cat-bunte-socken","7":"product_cat-geschenke","8":"product_tag-sportagon-gmbh","10":"first","11":"instock","12":"taxable","13":"shipping-taxable","14":"purchasable","15":"product-type-variable"},"_links":{"self":[{"href":"https:\/\/www.fleurop-home.ch\/de-ch\/wp-json\/wp\/v2\/product\/73545","targetHints":{"allow":["GET"]}}],"collection":[{"href":"https:\/\/www.fleurop-home.ch\/de-ch\/wp-json\/wp\/v2\/product"}],"about":[{"href":"https:\/\/www.fleurop-home.ch\/de-ch\/wp-json\/wp\/v2\/types\/product"}],"wp:featuredmedia":[{"embeddable":true,"href":"https:\/\/www.fleurop-home.ch\/de-ch\/wp-json\/wp\/v2\/media\/73552"}],"wp:attachment":[{"href":"https:\/\/www.fleurop-home.ch\/de-ch\/wp-json\/wp\/v2\/media?parent=73545"}],"wp:term":[{"taxonomy":"product_brand","embeddable":true,"href":"https:\/\/www.fleurop-home.ch\/de-ch\/wp-json\/wp\/v2\/product_brand?post=73545"},{"taxonomy":"product_cat","embeddable":true,"href":"https:\/\/www.fleurop-home.ch\/de-ch\/wp-json\/wp\/v2\/product_cat?post=73545"},{"taxonomy":"product_tag","embeddable":true,"href":"https:\/\/www.fleurop-home.ch\/de-ch\/wp-json\/wp\/v2\/product_tag?post=73545"},{"taxonomy":"woo-feed-brand","embeddable":true,"href":"https:\/\/www.fleurop-home.ch\/de-ch\/wp-json\/wp\/v2\/woo-feed-brand?post=73545"}],"curies":[{"name":"wp","href":"https:\/\/api.w.org\/{rel}","templated":true}]}}