{"id":73534,"date":"2026-01-23T13:58:01","date_gmt":"2026-01-23T12:58:01","guid":{"rendered":"https:\/\/www.fleurop-home.ch\/de-ch\/?post_type=product&#038;p=73534"},"modified":"2026-04-15T16:25:33","modified_gmt":"2026-04-15T14:25:33","slug":"latte-club","status":"publish","type":"product","link":"https:\/\/www.fleurop-home.ch\/de-ch\/p\/latte-club","title":{"rendered":"LATTE CLUB"},"content":{"rendered":"<p style=\"text-align: left;\">Es beginnt ganz harmlos: ein G\u00e4hnen, ein paar Schritte \u00fcber den kalten Boden und das vertraute Ger\u00e4usch, wenn der Kaffee in die leere Tasse tropft. Ein Schluck \u2013 und pl\u00f6tzlich ergibt die Welt wieder Sinn. Latte Club ist eine Hommage an das Aroma, den Milchschaum und die Kunst, das Leben auf deine eigene Weise zu br\u00fchen. Denn selbst wenn Montag ist \u2013 mit dem richtigen Nachf\u00fcllen kann sich jeder Tag ein bisschen nach Sonntag anf\u00fchlen. Diese Socken fangen genau dieses warme, vertraute Gef\u00fchl ein.<\/p>\n","protected":false},"excerpt":{"rendered":"<p>LATTE CLUB Sport Socks by Many Mornings<\/p>\n","protected":false},"featured_media":73539,"template":"","meta":[],"product_brand":[],"product_cat":[56,52],"product_tag":[298],"woo-feed-brand":[],"class_list":{"0":"post-73534","1":"product","2":"type-product","3":"status-publish","4":"has-post-thumbnail","6":"product_cat-bunte-socken","7":"product_cat-geschenke","8":"product_tag-sportagon-gmbh","10":"first","11":"instock","12":"taxable","13":"shipping-taxable","14":"purchasable","15":"product-type-variable"},"_links":{"self":[{"href":"https:\/\/www.fleurop-home.ch\/de-ch\/wp-json\/wp\/v2\/product\/73534","targetHints":{"allow":["GET"]}}],"collection":[{"href":"https:\/\/www.fleurop-home.ch\/de-ch\/wp-json\/wp\/v2\/product"}],"about":[{"href":"https:\/\/www.fleurop-home.ch\/de-ch\/wp-json\/wp\/v2\/types\/product"}],"wp:featuredmedia":[{"embeddable":true,"href":"https:\/\/www.fleurop-home.ch\/de-ch\/wp-json\/wp\/v2\/media\/73539"}],"wp:attachment":[{"href":"https:\/\/www.fleurop-home.ch\/de-ch\/wp-json\/wp\/v2\/media?parent=73534"}],"wp:term":[{"taxonomy":"product_brand","embeddable":true,"href":"https:\/\/www.fleurop-home.ch\/de-ch\/wp-json\/wp\/v2\/product_brand?post=73534"},{"taxonomy":"product_cat","embeddable":true,"href":"https:\/\/www.fleurop-home.ch\/de-ch\/wp-json\/wp\/v2\/product_cat?post=73534"},{"taxonomy":"product_tag","embeddable":true,"href":"https:\/\/www.fleurop-home.ch\/de-ch\/wp-json\/wp\/v2\/product_tag?post=73534"},{"taxonomy":"woo-feed-brand","embeddable":true,"href":"https:\/\/www.fleurop-home.ch\/de-ch\/wp-json\/wp\/v2\/woo-feed-brand?post=73534"}],"curies":[{"name":"wp","href":"https:\/\/api.w.org\/{rel}","templated":true}]}}