{"id":73527,"date":"2026-01-23T13:48:13","date_gmt":"2026-01-23T12:48:13","guid":{"rendered":"https:\/\/www.fleurop-home.ch\/de-ch\/?post_type=product&#038;p=73527"},"modified":"2026-04-15T16:25:40","modified_gmt":"2026-04-15T14:25:40","slug":"kind-routine","status":"publish","type":"product","link":"https:\/\/www.fleurop-home.ch\/de-ch\/p\/kind-routine","title":{"rendered":"KIND ROUTINE"},"content":{"rendered":"<p style=\"text-align: left;\">Nicht jeder Morgen ist ein Wettlauf gegen die Zeit. Manchmal \u00f6ffnest du einfach die Augen, l\u00e4chelst in die Welt oder drehst dich zu deinem Lieblingsmenschen f\u00fcr einen sanften Kuss. Es ist ein kleines Ritual aus W\u00e4rme und Ruhe \u2013 wenn der Kaffee nicht zu schnell kalt wird und die Gedanken ganz von selbst an ihren Platz fallen. Diese sanfteste aller Routinen schenkt dir den perfekten Start in den Tag \u2013 und genau dieses Gef\u00fchl steckt in unseren Kind Routine Socken.<\/p>\n","protected":false},"excerpt":{"rendered":"<p>KIND ROUTINE Sportsocken by Many Mornings<\/p>\n","protected":false},"featured_media":73531,"template":"","meta":[],"product_brand":[],"product_cat":[56,1002,999,52],"product_tag":[298],"woo-feed-brand":[],"class_list":{"0":"post-73527","1":"product","2":"type-product","3":"status-publish","4":"has-post-thumbnail","6":"product_cat-bunte-socken","7":"product_cat-fuer-ihn","8":"product_cat-valentinstag","9":"product_cat-geschenke","10":"product_tag-sportagon-gmbh","12":"first","13":"instock","14":"taxable","15":"shipping-taxable","16":"purchasable","17":"product-type-variable"},"_links":{"self":[{"href":"https:\/\/www.fleurop-home.ch\/de-ch\/wp-json\/wp\/v2\/product\/73527","targetHints":{"allow":["GET"]}}],"collection":[{"href":"https:\/\/www.fleurop-home.ch\/de-ch\/wp-json\/wp\/v2\/product"}],"about":[{"href":"https:\/\/www.fleurop-home.ch\/de-ch\/wp-json\/wp\/v2\/types\/product"}],"wp:featuredmedia":[{"embeddable":true,"href":"https:\/\/www.fleurop-home.ch\/de-ch\/wp-json\/wp\/v2\/media\/73531"}],"wp:attachment":[{"href":"https:\/\/www.fleurop-home.ch\/de-ch\/wp-json\/wp\/v2\/media?parent=73527"}],"wp:term":[{"taxonomy":"product_brand","embeddable":true,"href":"https:\/\/www.fleurop-home.ch\/de-ch\/wp-json\/wp\/v2\/product_brand?post=73527"},{"taxonomy":"product_cat","embeddable":true,"href":"https:\/\/www.fleurop-home.ch\/de-ch\/wp-json\/wp\/v2\/product_cat?post=73527"},{"taxonomy":"product_tag","embeddable":true,"href":"https:\/\/www.fleurop-home.ch\/de-ch\/wp-json\/wp\/v2\/product_tag?post=73527"},{"taxonomy":"woo-feed-brand","embeddable":true,"href":"https:\/\/www.fleurop-home.ch\/de-ch\/wp-json\/wp\/v2\/woo-feed-brand?post=73527"}],"curies":[{"name":"wp","href":"https:\/\/api.w.org\/{rel}","templated":true}]}}