{"id":73458,"date":"2026-02-10T08:08:44","date_gmt":"2026-02-10T07:08:44","guid":{"rendered":"https:\/\/www.fleurop-home.ch\/de-ch\/p\/tee-geschenkbox-dublin"},"modified":"2026-02-10T08:08:44","modified_gmt":"2026-02-10T07:08:44","slug":"tee-geschenkbox-dublin","status":"publish","type":"product","link":"https:\/\/www.fleurop-home.ch\/de-ch\/p\/tee-geschenkbox-dublin","title":{"rendered":"Tee Geschenkbox &#171;Dublin&#187;"},"content":{"rendered":"<p>Entdecke die Welt des Teegenusses mit unserer Tee-Geschenkbox &#171;Dublin&#187;!<\/p>\n<p>Erlebe die reiche Aromenvielfalt und die beruhigende Wirkung vom erstklassigen Tee, Kerzenschein und den passenden Accessoires in einer exquisiten Tee-Geschenkbox, die speziell f\u00fcr alle Teeliebhaber und Geniesser zusammengestellt wurde.<\/p>\n<p>In unserer sorgf\u00e4ltig zusammengestellten Box findest du eine sowohl einen feinen Tee als auch eine sch\u00f6ne Teeflasche aus Glas, die du w\u00e4hrend kalten Tagen wohlige W\u00e4rme bietet und dich durch den Tag hindurch begleitet.<\/p>\n<p>Unsere Tee-Geschenkbox enth\u00e4lt:<br \/>\n&#8211; OYKAMI Soja Wachskerze<br \/>\n&#8211; Hochwertige doppelglasige Teeflasche aus Glas mit Tee-Einsatz<br \/>\n&#8211; Tee-Herz und Tee Ei<br \/>\n&#8211; Organic Tee<br \/>\n&#8211; Stabkerzen<br \/>\n&#8211; Streichh\u00f6lzer von OYKAMI<\/p>\n<p>Unsere Tee-Geschenkbox eignet sich perfekt f\u00fcr Geburtstage, Jahrestage, Muttertage oder einfach nur, um einem besonderen Menschen zu zeigen, wie sehr du ihn sch\u00e4tzt. Verschenke puren Teegenuss und lass deine Liebsten die Vielfalt und Faszination des Teetrinkens entdecken.<\/p>\n<p>Mach dich bereit, eine aromatische Reise um die Welt zu unternehmen und die faszinierende Welt des Tees zu erkunden \u2013 mit unserem Tee-Geschenkkorb, der dir unvergessliche Genussmomente bescheren wird.<\/p>\n<p>Das Geschenk wird in einem hochwertigen weissen Karton geliefert und kann sofort verschenkt werden. Der weisse Karton enth\u00e4lt ein Magnet zum zusammenhalten, ist \u00e4usserst stabil und kann wieder verwendet werden. Er wird mit einer sch\u00f6nen Geschenk-Schleife versehen.<\/p>\n","protected":false},"excerpt":{"rendered":"<p>Entdecke die Welt des Teegenusses mit unserer Tee-Geschenkbox &#171;Dublin&#187;! Erlebe die reiche Aromenvielfalt und die beruhigende Wirkung vom erstklassigen Tee, Kerzenschein und den passenden Accessoires in einer exquisiten Tee-Geschenkbox, die speziell f\u00fcr alle Teeliebhaber und Geniesser zusammengestellt wurde.<\/p>\n","protected":false},"featured_media":73457,"template":"","meta":[],"product_brand":[],"product_cat":[53,42,956,885,52,1225],"product_tag":[1222],"woo-feed-brand":[],"class_list":{"0":"post-73458","1":"product","2":"type-product","3":"status-publish","4":"has-post-thumbnail","6":"product_cat-geschenksets","7":"product_cat-kueche","8":"product_cat-tee","9":"product_cat-koestlichkeiten","10":"product_cat-geschenke","11":"product_cat-genuss","12":"product_tag-oykami-in-a-box","14":"first","15":"instock","16":"taxable","17":"shipping-taxable","18":"purchasable","19":"product-type-simple"},"_links":{"self":[{"href":"https:\/\/www.fleurop-home.ch\/de-ch\/wp-json\/wp\/v2\/product\/73458","targetHints":{"allow":["GET"]}}],"collection":[{"href":"https:\/\/www.fleurop-home.ch\/de-ch\/wp-json\/wp\/v2\/product"}],"about":[{"href":"https:\/\/www.fleurop-home.ch\/de-ch\/wp-json\/wp\/v2\/types\/product"}],"wp:featuredmedia":[{"embeddable":true,"href":"https:\/\/www.fleurop-home.ch\/de-ch\/wp-json\/wp\/v2\/media\/73457"}],"wp:attachment":[{"href":"https:\/\/www.fleurop-home.ch\/de-ch\/wp-json\/wp\/v2\/media?parent=73458"}],"wp:term":[{"taxonomy":"product_brand","embeddable":true,"href":"https:\/\/www.fleurop-home.ch\/de-ch\/wp-json\/wp\/v2\/product_brand?post=73458"},{"taxonomy":"product_cat","embeddable":true,"href":"https:\/\/www.fleurop-home.ch\/de-ch\/wp-json\/wp\/v2\/product_cat?post=73458"},{"taxonomy":"product_tag","embeddable":true,"href":"https:\/\/www.fleurop-home.ch\/de-ch\/wp-json\/wp\/v2\/product_tag?post=73458"},{"taxonomy":"woo-feed-brand","embeddable":true,"href":"https:\/\/www.fleurop-home.ch\/de-ch\/wp-json\/wp\/v2\/woo-feed-brand?post=73458"}],"curies":[{"name":"wp","href":"https:\/\/api.w.org\/{rel}","templated":true}]}}