{"id":73238,"date":"2026-02-10T08:08:57","date_gmt":"2026-02-10T07:08:57","guid":{"rendered":"https:\/\/www.fleurop-home.ch\/de-ch\/p\/baby-geschenkbox-maedchen-rosa-madeira-mit-miffy-nachtlicht-und-elch"},"modified":"2026-02-17T10:38:23","modified_gmt":"2026-02-17T09:38:23","slug":"baby-geschenkbox-maedchen-rosa-madeira-mit-miffy-nachtlicht-und-elch","status":"publish","type":"product","link":"https:\/\/www.fleurop-home.ch\/de-ch\/p\/baby-geschenkbox-maedchen-rosa-madeira-mit-miffy-nachtlicht-und-elch","title":{"rendered":"Baby Geschenkbox M\u00e4dchen Rosa &#171;Madeira&#187; mit Miffy Nachtlicht und Elch"},"content":{"rendered":"<p>Willkommen in der Welt, kleiner Schatz! Feier mit unserer Baby-Geschenkbox die Ankunft eines neuen Lebens.<\/p>\n<p>Die Geburt eines Babys ist ein wundervolles Ereignis, das mit Freude und Liebe gefeiert werden sollte. Unsere Baby-Geschenkbox ist eine liebevolle Geste, um die Eltern zu begl\u00fcckw\u00fcnschen und das Neugeborene willkommen zu heissen.<\/p>\n<p>In unserer sorgf\u00e4ltig zusammengestellten Box findest du eine Vielzahl von liebevollen Geschenken f\u00fcr das Baby und seine stolzen Eltern. Unsere Baby-Geschenkbox ist vollgepackt mit allem, was das Herz begehrt, um den Start ins Leben zu vers\u00fcssen.<\/p>\n<p>Unsere Baby Geschenkbox\u00a0enth\u00e4lt:<br \/>\n&#8211; Baby Musselin Tuch in Rosa aus 100% Organischer Baumwolle der Marke &#171;Filibabba&#187;<br \/>\n&#8211; Holz Plaquette &#171;hello World&#187;<br \/>\n&#8211; 2 Beissringe aus Holz<br \/>\n&#8211; 2er Set Haarb\u00fcrste und Kamm aus hochwertigem Holz<br \/>\n&#8211; geh\u00e4kelter Elch Stofftier<br \/>\n&#8211; geh\u00e4kelter Beissring &#171;s\u00fcsser Elch&#187; mit Glocke<br \/>\n&#8211; geh\u00e4kelte Baby-Schuhe<br \/>\n&#8211; geh\u00e4kelter Stern in Rosa<br \/>\n&#8211; Mini Miffy Nachtlicht aus weichem Silikon der Marke &#171;Mr. Maria&#187;<br \/>\n&#8211; \u00dcberraschungs-Postkarte<\/p>\n<p>Jedes Produkt wurde mit gr\u00f6sster Sorgfalt ausgew\u00e4hlt, um den zarten Bed\u00fcrfnissen des Neugeborenen gerecht zu werden und den Eltern Freude und Unterst\u00fctzung zu schenken. Wir haben an alles gedacht, damit die ersten Tage und Wochen mit dem Baby voller Geborgenheit und Gl\u00fcck sind.<\/p>\n<p>Unsere Baby-Geschenkbox eignet sich perfekt f\u00fcr Baby-Partys, Geburten oder einfach nur, um den Eltern zu zeigen, dass du an sie denkst und sich mit ihnen \u00fcber den neuen Familienzuwachs freust. Mach dich bereit, das s\u00fcsse L\u00e4cheln eines Babys zu erleben und die Liebe einer Familie zu sp\u00fcren \u2013 mit unserer Baby-Geschenkbox, der die ersten Augenblicke des Lebens unvergesslich macht.<\/p>\n<p>Das Geschenk wird in einem hochwertigen weissen Karton geliefert und kann sofort verschenkt werden. Der weisse Karton enth\u00e4lt ein Magnet zum zusammenhalten, ist \u00e4usserst stabil und kann wieder verwendet werden. Er wird mit einer sch\u00f6nen Geschenk-Schleife versehen.<\/p>\n<p>Zus\u00e4tzliche Informationen:<br \/>\n&#8211; Holzart: Buchenholz der Qualit\u00e4tsstufe A<br \/>\n&#8211; Masse Geschenkbox: T: 35cm \/ B: 28cm \/ H: 11cm<br \/>\n&#8211; F\u00fcr Babys geeignet<\/p>\n","protected":false},"excerpt":{"rendered":"<p>Willkommen in der Welt, kleiner Schatz! Feiern Sie mit unserer Baby-Geschenkbox die Ankunft eines neuen Lebens.<\/p>\n","protected":false},"featured_media":73237,"template":"","meta":[],"product_brand":[],"product_cat":[1234,59,1228,1227,52,53],"product_tag":[1222],"woo-feed-brand":[],"class_list":{"0":"post-73238","1":"product","2":"type-product","3":"status-publish","4":"has-post-thumbnail","6":"product_cat-baby-girls","7":"product_cat-kids","8":"product_cat-babys","9":"product_cat-geschenkboxen","10":"product_cat-geschenke","11":"product_cat-geschenksets","12":"product_tag-oykami-in-a-box","14":"first","15":"instock","16":"taxable","17":"shipping-taxable","18":"purchasable","19":"product-type-simple"},"_links":{"self":[{"href":"https:\/\/www.fleurop-home.ch\/de-ch\/wp-json\/wp\/v2\/product\/73238","targetHints":{"allow":["GET"]}}],"collection":[{"href":"https:\/\/www.fleurop-home.ch\/de-ch\/wp-json\/wp\/v2\/product"}],"about":[{"href":"https:\/\/www.fleurop-home.ch\/de-ch\/wp-json\/wp\/v2\/types\/product"}],"wp:featuredmedia":[{"embeddable":true,"href":"https:\/\/www.fleurop-home.ch\/de-ch\/wp-json\/wp\/v2\/media\/73237"}],"wp:attachment":[{"href":"https:\/\/www.fleurop-home.ch\/de-ch\/wp-json\/wp\/v2\/media?parent=73238"}],"wp:term":[{"taxonomy":"product_brand","embeddable":true,"href":"https:\/\/www.fleurop-home.ch\/de-ch\/wp-json\/wp\/v2\/product_brand?post=73238"},{"taxonomy":"product_cat","embeddable":true,"href":"https:\/\/www.fleurop-home.ch\/de-ch\/wp-json\/wp\/v2\/product_cat?post=73238"},{"taxonomy":"product_tag","embeddable":true,"href":"https:\/\/www.fleurop-home.ch\/de-ch\/wp-json\/wp\/v2\/product_tag?post=73238"},{"taxonomy":"woo-feed-brand","embeddable":true,"href":"https:\/\/www.fleurop-home.ch\/de-ch\/wp-json\/wp\/v2\/woo-feed-brand?post=73238"}],"curies":[{"name":"wp","href":"https:\/\/api.w.org\/{rel}","templated":true}]}}