{"id":73155,"date":"2026-02-10T08:09:03","date_gmt":"2026-02-10T07:09:03","guid":{"rendered":"https:\/\/www.fleurop-home.ch\/de-ch\/p\/baby-geschenkbox-bora-bora"},"modified":"2026-02-17T08:33:19","modified_gmt":"2026-02-17T07:33:19","slug":"baby-geschenkbox-bora-bora","status":"publish","type":"product","link":"https:\/\/www.fleurop-home.ch\/de-ch\/p\/baby-geschenkbox-bora-bora","title":{"rendered":"Baby Geschenkbox &#171;Bora Bora&#187;"},"content":{"rendered":"<p>Willkommen auf der Welt kleiner Schatz!<\/p>\n<p>Eine Geschenkbox f\u00fcr Babys ist etwas Besonderes, weil sie die Freude \u00fcber die Ankunft eines neuen Lebens zum Ausdruck bringen und eine tiefe Bindung zwischen Familie und Freunden sowie dem Baby schaffen. Sie sind ein Ausdruck von Liebe, F\u00fcrsorge und Zuneigung, die das Baby w\u00e4hrend seines Lebens begleiten werden. Die Geburt eines Babys ist etwas ganz Besonderes und wir helfen dir dabei, ein sch\u00f6nes Baby Geschenk zu w\u00e4hlen und zu verschenken.<\/p>\n<p>Unsere Baby Geschenkbox enth\u00e4lt folgende Produkte:<br \/>\n&#8211; Beissring &#171;s\u00fcsser Hirsch&#187; mit Glocke<br \/>\n&#8211; 1 Spucktuch in Beige<br \/>\n&#8211; eine Holzplaquette &#171;hello world&#187;<br \/>\n&#8211; eine Nucki-Kette aus Holz<br \/>\n&#8211; Weiche B\u00fcrste f\u00fcr Babys erstes Haar<br \/>\n&#8211; \u00dcberraschungs-Postkarte<\/p>\n<p>Unsere Baby Geschenkbox wird in einem sch\u00f6nen weissen Karton mit Schleife geliefert und kann sofort verschenkt werden.<\/p>\n<p>Zus\u00e4tzliche Informationen:<br \/>\n&#8211; Holzart: Buchenholz der Qualit\u00e4tsstufe A Masse<br \/>\n&#8211; Geschenkbox: T: 18.5cm \/ B: 18.5cm \/ H: 7cm<br \/>\n&#8211; F\u00fcr Babys geeignet<\/p>\n","protected":false},"excerpt":{"rendered":"<p>Willkommen auf der Welt kleiner Schatz! Eine\u00a0Geschenkbox f\u00fcr Babys ist etwas Besonderes, weil sie die Freude \u00fcber die Ankunft eines neuen Lebens zum Ausdruck bringen und eine tiefe Bindung zwischen Familie und Freunden sowie dem Baby schaffen.<\/p>\n","protected":false},"featured_media":73154,"template":"","meta":[],"product_brand":[],"product_cat":[1233,59,1228,1227,52,53],"product_tag":[1222],"woo-feed-brand":[],"class_list":{"0":"post-73155","1":"product","2":"type-product","3":"status-publish","4":"has-post-thumbnail","6":"product_cat-neutral","7":"product_cat-kids","8":"product_cat-babys","9":"product_cat-geschenkboxen","10":"product_cat-geschenke","11":"product_cat-geschenksets","12":"product_tag-oykami-in-a-box","14":"first","15":"instock","16":"taxable","17":"shipping-taxable","18":"purchasable","19":"product-type-simple"},"_links":{"self":[{"href":"https:\/\/www.fleurop-home.ch\/de-ch\/wp-json\/wp\/v2\/product\/73155","targetHints":{"allow":["GET"]}}],"collection":[{"href":"https:\/\/www.fleurop-home.ch\/de-ch\/wp-json\/wp\/v2\/product"}],"about":[{"href":"https:\/\/www.fleurop-home.ch\/de-ch\/wp-json\/wp\/v2\/types\/product"}],"wp:featuredmedia":[{"embeddable":true,"href":"https:\/\/www.fleurop-home.ch\/de-ch\/wp-json\/wp\/v2\/media\/73154"}],"wp:attachment":[{"href":"https:\/\/www.fleurop-home.ch\/de-ch\/wp-json\/wp\/v2\/media?parent=73155"}],"wp:term":[{"taxonomy":"product_brand","embeddable":true,"href":"https:\/\/www.fleurop-home.ch\/de-ch\/wp-json\/wp\/v2\/product_brand?post=73155"},{"taxonomy":"product_cat","embeddable":true,"href":"https:\/\/www.fleurop-home.ch\/de-ch\/wp-json\/wp\/v2\/product_cat?post=73155"},{"taxonomy":"product_tag","embeddable":true,"href":"https:\/\/www.fleurop-home.ch\/de-ch\/wp-json\/wp\/v2\/product_tag?post=73155"},{"taxonomy":"woo-feed-brand","embeddable":true,"href":"https:\/\/www.fleurop-home.ch\/de-ch\/wp-json\/wp\/v2\/woo-feed-brand?post=73155"}],"curies":[{"name":"wp","href":"https:\/\/api.w.org\/{rel}","templated":true}]}}