{"id":73123,"date":"2026-02-10T08:09:06","date_gmt":"2026-02-10T07:09:06","guid":{"rendered":"https:\/\/www.fleurop-home.ch\/de-ch\/p\/baby-geschenkbox-junge-athen-mit-wal-nachtlicht-no-6"},"modified":"2026-02-17T10:51:35","modified_gmt":"2026-02-17T09:51:35","slug":"baby-geschenkbox-junge-athen-mit-wal-nachtlicht-no-6","status":"publish","type":"product","link":"https:\/\/www.fleurop-home.ch\/de-ch\/p\/baby-geschenkbox-junge-athen-mit-wal-nachtlicht-no-6","title":{"rendered":"Baby Geschenkbox Junge &#171;Athen&#187; mit Wal Nachtlicht No. 6"},"content":{"rendered":"<p>Willkommen in der Welt, kleiner Schatz! Feier mit unserer Baby-Geschenkbox die Ankunft eines neuen Lebens.<\/p>\n<p>Die Geburt eines Babys ist ein wundervolles Ereignis, das mit Freude und Liebe gefeiert werden sollte. Unsere Baby-Geschenkbox ist eine liebevolle Geste, um die Eltern zu begl\u00fcckw\u00fcnschen und das Neugeborene willkommen zu heissen.<\/p>\n<p>In unserer sorgf\u00e4ltig zusammengestellten Box findest du eine Vielzahl von liebevollen Geschenken f\u00fcr das Baby und seine stolzen Eltern. Unsere Baby-Geschenkbox ist vollgepackt mit allem, was das Herz begehrt, um den Start ins Leben zu vers\u00fcssen.<\/p>\n<p>Unsere Baby Geschenkbox enth\u00e4lt:<br \/>\n&#8211; Baby Musselin Tuch in Blau aus 100% Organischer Baumwolle der Marke Filibabba<br \/>\n&#8211; Nucki Kette in Blau aus Holz<br \/>\n&#8211; Weiche Haarb\u00fcrste und Kamm Set f\u00fcr Babys erstes Haar<br \/>\n&#8211; Beissring &#171;s\u00fcsser Koala&#187; mit Glocke im Innern<br \/>\n&#8211; Weiches biegsames und wiederaufladbares Nachtlicht &#171;Wal&#187; der Marke Filibabba<\/p>\n<p>Jedes Produkt wurde mit gr\u00f6sster Sorgfalt ausgew\u00e4hlt, um den zarten Bed\u00fcrfnissen des Neugeborenen gerecht zu werden und den Eltern Freude und Unterst\u00fctzung zu schenken. Wir haben an alles gedacht, damit die ersten Tage und Wochen mit dem Baby voller Geborgenheit und Gl\u00fcck sind.<\/p>\n<p>Unsere Baby-Geschenkbox eignet sich perfekt f\u00fcr Baby-Partys, Geburten oder einfach nur, um den Eltern zu zeigen, dass du an sie denkst und dich mit ihnen \u00fcber den neuen Familienzuwachs freust. Mach dich bereit, das s\u00fcsse L\u00e4cheln eines Babys zu erleben und die Liebe einer Familie zu sp\u00fcren \u2013 mit unserer Baby-Geschenkbox, der die ersten Augenblicke des Lebens unvergesslich macht.<\/p>\n<p>Das Geschenk wird in einem hochwertigen weissen Karton geliefert und kann sofort verschenkt werden. Der weisse Karton enth\u00e4lt ein Magnet zum zusammenhalten, ist \u00e4usserst stabil und kann wieder verwendet werden. Er wird mit einer sch\u00f6nen Geschenk-Schleife versehen.<\/p>\n","protected":false},"excerpt":{"rendered":"<p>Willkommen in der Welt, kleiner Schatz! Feier mit unserer Baby-Geschenkbox die Ankunft eines neuen Lebens.<\/p>\n","protected":false},"featured_media":73122,"template":"","meta":[],"product_brand":[],"product_cat":[1235,59,1228,1227,52,53],"product_tag":[1222],"woo-feed-brand":[],"class_list":{"0":"post-73123","1":"product","2":"type-product","3":"status-publish","4":"has-post-thumbnail","6":"product_cat-baby-boys","7":"product_cat-kids","8":"product_cat-babys","9":"product_cat-geschenkboxen","10":"product_cat-geschenke","11":"product_cat-geschenksets","12":"product_tag-oykami-in-a-box","14":"first","15":"instock","16":"taxable","17":"shipping-taxable","18":"purchasable","19":"product-type-simple"},"_links":{"self":[{"href":"https:\/\/www.fleurop-home.ch\/de-ch\/wp-json\/wp\/v2\/product\/73123","targetHints":{"allow":["GET"]}}],"collection":[{"href":"https:\/\/www.fleurop-home.ch\/de-ch\/wp-json\/wp\/v2\/product"}],"about":[{"href":"https:\/\/www.fleurop-home.ch\/de-ch\/wp-json\/wp\/v2\/types\/product"}],"wp:featuredmedia":[{"embeddable":true,"href":"https:\/\/www.fleurop-home.ch\/de-ch\/wp-json\/wp\/v2\/media\/73122"}],"wp:attachment":[{"href":"https:\/\/www.fleurop-home.ch\/de-ch\/wp-json\/wp\/v2\/media?parent=73123"}],"wp:term":[{"taxonomy":"product_brand","embeddable":true,"href":"https:\/\/www.fleurop-home.ch\/de-ch\/wp-json\/wp\/v2\/product_brand?post=73123"},{"taxonomy":"product_cat","embeddable":true,"href":"https:\/\/www.fleurop-home.ch\/de-ch\/wp-json\/wp\/v2\/product_cat?post=73123"},{"taxonomy":"product_tag","embeddable":true,"href":"https:\/\/www.fleurop-home.ch\/de-ch\/wp-json\/wp\/v2\/product_tag?post=73123"},{"taxonomy":"woo-feed-brand","embeddable":true,"href":"https:\/\/www.fleurop-home.ch\/de-ch\/wp-json\/wp\/v2\/woo-feed-brand?post=73123"}],"curies":[{"name":"wp","href":"https:\/\/api.w.org\/{rel}","templated":true}]}}