{"id":72933,"date":"2026-02-10T08:09:20","date_gmt":"2026-02-10T07:09:20","guid":{"rendered":"https:\/\/www.fleurop-home.ch\/de-ch\/p\/baby-geschenkbox-venezia-mit-teddybaer"},"modified":"2026-02-17T08:39:54","modified_gmt":"2026-02-17T07:39:54","slug":"baby-geschenkbox-venezia-mit-teddybaer","status":"publish","type":"product","link":"https:\/\/www.fleurop-home.ch\/de-ch\/p\/baby-geschenkbox-venezia-mit-teddybaer","title":{"rendered":"Baby Geschenkbox &#171;Venezia&#187; mit Teddyb\u00e4r"},"content":{"rendered":"<p>Willkommen in der Welt, kleiner Schatz! Feier mit unserer Baby-Geschenkbox die Ankunft eines neuen Lebens.<\/p>\n<p>Die Geburt eines Babys ist ein wundervolles Ereignis, das mit Freude und Liebe gefeiert werden sollte. Unsere Baby-Geschenkbox ist eine liebevolle Geste, um die Eltern zu begl\u00fcckw\u00fcnschen und das Neugeborene willkommen zu heissen.<\/p>\n<p>In unserer sorgf\u00e4ltig zusammengestellten Box findest du eine Vielzahl von liebevollen Geschenken f\u00fcr das Baby und seine stolzen Eltern. Unsere Baby-Geschenkbox ist vollgepackt mit allem, was das Herz begehrt, um den Start ins Leben zu vers\u00fcssen.<\/p>\n<p>Unsere Baby Geschenkbox enth\u00e4lt:<br \/>\n&#8211; Kuschelige Baby Pl\u00fcschdecke<br \/>\n&#8211; Kuscheliger Teddyb\u00e4r<br \/>\n&#8211; Holzplaquette &#171;hello world&#187;<br \/>\n&#8211; Schnullerkette in Weiss aus Holz<br \/>\n&#8211; Haarb\u00fcrste 2er Set<br \/>\n&#8211; Holz Beissring mit Kugeln<br \/>\n&#8211; Holz Herz<br \/>\n&#8211; Gestrickter Stern Weiss mit Glocke<\/p>\n<p>All unsere Geschenkboxen wurde mit viel Liebe und gr\u00f6sster Sorgfalt zusammengestellt, um den Bed\u00fcrfnissen des Kindes gerecht zu werden und den Eltern viel Freude zu schenken. Sie eignen sich ideal zur Geburt, f\u00fcr Baby-Partys oder einfach, um frischgebackenen Eltern zu zeigen, dass man an sie denkt \u2661<\/p>\n<p>Verpackt in einem hochwertigen, stabilen Magnetkarton mit sch\u00f6ner Schleife, ist sie sofort bereit zum Verschenken und bleibt als Erinnerungsbox lange erhalten \u2661<\/p>\n<p>Zus\u00e4tzliche Informationen:<br \/>\n&#8211; Holzart: Buchenholz der Qualit\u00e4tsstufe A<br \/>\n&#8211; Masse Geschenkbox: T: 26cm \/ B: 17cm \/ H: 11cm<br \/>\n&#8211; Made in Spain<\/p>\n","protected":false},"excerpt":{"rendered":"<p>Willkommen in der Welt, kleiner Schatz! Feier mit unserer Baby-Geschenkbox die Ankunft eines neuen Lebens.<\/p>\n","protected":false},"featured_media":72932,"template":"","meta":[],"product_brand":[],"product_cat":[1233,59,1228,1227,52,53],"product_tag":[1222],"woo-feed-brand":[],"class_list":{"0":"post-72933","1":"product","2":"type-product","3":"status-publish","4":"has-post-thumbnail","6":"product_cat-neutral","7":"product_cat-kids","8":"product_cat-babys","9":"product_cat-geschenkboxen","10":"product_cat-geschenke","11":"product_cat-geschenksets","12":"product_tag-oykami-in-a-box","14":"first","15":"instock","16":"taxable","17":"shipping-taxable","18":"purchasable","19":"product-type-simple"},"_links":{"self":[{"href":"https:\/\/www.fleurop-home.ch\/de-ch\/wp-json\/wp\/v2\/product\/72933","targetHints":{"allow":["GET"]}}],"collection":[{"href":"https:\/\/www.fleurop-home.ch\/de-ch\/wp-json\/wp\/v2\/product"}],"about":[{"href":"https:\/\/www.fleurop-home.ch\/de-ch\/wp-json\/wp\/v2\/types\/product"}],"wp:featuredmedia":[{"embeddable":true,"href":"https:\/\/www.fleurop-home.ch\/de-ch\/wp-json\/wp\/v2\/media\/72932"}],"wp:attachment":[{"href":"https:\/\/www.fleurop-home.ch\/de-ch\/wp-json\/wp\/v2\/media?parent=72933"}],"wp:term":[{"taxonomy":"product_brand","embeddable":true,"href":"https:\/\/www.fleurop-home.ch\/de-ch\/wp-json\/wp\/v2\/product_brand?post=72933"},{"taxonomy":"product_cat","embeddable":true,"href":"https:\/\/www.fleurop-home.ch\/de-ch\/wp-json\/wp\/v2\/product_cat?post=72933"},{"taxonomy":"product_tag","embeddable":true,"href":"https:\/\/www.fleurop-home.ch\/de-ch\/wp-json\/wp\/v2\/product_tag?post=72933"},{"taxonomy":"woo-feed-brand","embeddable":true,"href":"https:\/\/www.fleurop-home.ch\/de-ch\/wp-json\/wp\/v2\/woo-feed-brand?post=72933"}],"curies":[{"name":"wp","href":"https:\/\/api.w.org\/{rel}","templated":true}]}}