{"id":72924,"date":"2026-02-10T08:09:21","date_gmt":"2026-02-10T07:09:21","guid":{"rendered":"https:\/\/www.fleurop-home.ch\/de-ch\/p\/baby-geschenkbox-venezia-mit-husky-klein"},"modified":"2026-02-17T08:38:43","modified_gmt":"2026-02-17T07:38:43","slug":"baby-geschenkbox-venezia-mit-husky-klein","status":"publish","type":"product","link":"https:\/\/www.fleurop-home.ch\/de-ch\/p\/baby-geschenkbox-venezia-mit-husky-klein","title":{"rendered":"Baby Geschenkbox &#171;Venezia&#187; mit Husky klein"},"content":{"rendered":"<p>Willkommen in der Welt, kleiner Schatz! Feier mit unserem Baby-Geschenkbox die Ankunft eines neuen Lebens.<\/p>\n<p>Die Geburt eines Babys ist ein wundervolles Ereignis, das mit Freude und Liebe gefeiert werden sollte. Unsere Baby-Geschenkbox ist eine liebevolle Geste, um die Eltern zu begl\u00fcckw\u00fcnschen und das Neugeborene willkommen zu heissen.<\/p>\n<p>In unserer sorgf\u00e4ltig zusammengestellten Box findest du eine Vielzahl von liebevollen Geschenken f\u00fcr das Baby und seine stolzen Eltern. Unsere Baby-Geschenkbox ist vollgepackt mit allem, was das Herz begehrt, um den Start ins Leben zu vers\u00fcssen.<\/p>\n<p>Unsere Baby Geschenkbox enth\u00e4lt:<br \/>\n&#8211; Kuschelige Pl\u00fcschdecke<br \/>\n&#8211; Pl\u00fcsch-Husky<br \/>\n&#8211; Babyb\u00fcrste und Kamm f\u00fcr Babys erstes Haar<br \/>\n&#8211; Beissring &#171;Herz&#187; aus Holz<\/p>\n<p>All unsere Geschenkboxen wurden mit viel Liebe und gr\u00f6sster Sorgfalt zusammengestellt, um den Bed\u00fcrfnissen des Kindes gerecht zu werden und den Eltern viel Freude zu schenken. Sie eignen sich ideal zur Geburt, f\u00fcr Baby-Partys oder einfach, um frischgebackenen Eltern zu zeigen, dass man an sie denkt \u2661<\/p>\n<p>Verpackt in einem hochwertigen, stabilen Magnetkarton mit sch\u00f6ner Schleife, ist sie sofort bereit zum Verschenken und bleibt als Erinnerungsbox lange erhalten \u2661<\/p>\n<p>Zus\u00e4tzliche Informationen:<br \/>\n&#8211; Masse Geschenkbox: T: 26cm \/ B: 17cm \/ H: 11cm<br \/>\n&#8211; Hergestellt in Spanien<\/p>\n","protected":false},"excerpt":{"rendered":"<p>Willkommen in der Welt, kleiner Schatz! Feier mit unserem Baby-Geschenkbox die Ankunft eines neuen Lebens.<\/p>\n","protected":false},"featured_media":72923,"template":"","meta":[],"product_brand":[],"product_cat":[1233,59,1228,1227,52,53],"product_tag":[1222],"woo-feed-brand":[],"class_list":{"0":"post-72924","1":"product","2":"type-product","3":"status-publish","4":"has-post-thumbnail","6":"product_cat-neutral","7":"product_cat-kids","8":"product_cat-babys","9":"product_cat-geschenkboxen","10":"product_cat-geschenke","11":"product_cat-geschenksets","12":"product_tag-oykami-in-a-box","14":"first","15":"instock","16":"taxable","17":"shipping-taxable","18":"purchasable","19":"product-type-simple"},"_links":{"self":[{"href":"https:\/\/www.fleurop-home.ch\/de-ch\/wp-json\/wp\/v2\/product\/72924","targetHints":{"allow":["GET"]}}],"collection":[{"href":"https:\/\/www.fleurop-home.ch\/de-ch\/wp-json\/wp\/v2\/product"}],"about":[{"href":"https:\/\/www.fleurop-home.ch\/de-ch\/wp-json\/wp\/v2\/types\/product"}],"wp:featuredmedia":[{"embeddable":true,"href":"https:\/\/www.fleurop-home.ch\/de-ch\/wp-json\/wp\/v2\/media\/72923"}],"wp:attachment":[{"href":"https:\/\/www.fleurop-home.ch\/de-ch\/wp-json\/wp\/v2\/media?parent=72924"}],"wp:term":[{"taxonomy":"product_brand","embeddable":true,"href":"https:\/\/www.fleurop-home.ch\/de-ch\/wp-json\/wp\/v2\/product_brand?post=72924"},{"taxonomy":"product_cat","embeddable":true,"href":"https:\/\/www.fleurop-home.ch\/de-ch\/wp-json\/wp\/v2\/product_cat?post=72924"},{"taxonomy":"product_tag","embeddable":true,"href":"https:\/\/www.fleurop-home.ch\/de-ch\/wp-json\/wp\/v2\/product_tag?post=72924"},{"taxonomy":"woo-feed-brand","embeddable":true,"href":"https:\/\/www.fleurop-home.ch\/de-ch\/wp-json\/wp\/v2\/woo-feed-brand?post=72924"}],"curies":[{"name":"wp","href":"https:\/\/api.w.org\/{rel}","templated":true}]}}