{"id":72920,"date":"2026-02-10T08:09:53","date_gmt":"2026-02-10T07:09:53","guid":{"rendered":"https:\/\/www.fleurop-home.ch\/de-ch\/p\/geschenkbox-love"},"modified":"2026-02-10T08:09:53","modified_gmt":"2026-02-10T07:09:53","slug":"geschenkbox-love","status":"publish","type":"product","link":"https:\/\/www.fleurop-home.ch\/de-ch\/p\/geschenkbox-love","title":{"rendered":"Geschenkbox &#171;Love&#187;"},"content":{"rendered":"<p>Erlebe wahre Sch\u00f6nheit mit unserer Love-Geschenkbox.<\/p>\n<p>Tauche ein in eine Welt der Eleganz und Verf\u00fchrung mit unserer exquisiten Geschenkbox, die speziell zusammengestellt wurde, um deine Sinne zu verw\u00f6hnen und deine nat\u00fcrliche Sch\u00f6nheit zu unterstreichen. In unserer liebevoll zusammengestellten Box findest du eine Auswahl an sch\u00f6nen Produkten, die Freude machen.<\/p>\n<p>Unsere Love-Geschenkbox beinhaltet:<br \/>\n&#8211; Notizblock mit Leder in Rosa<br \/>\n&#8211; Handcreme ALTUM 50ml, Geschmack je nach Saison<br \/>\n&#8211; Badeb\u00fcrste von ALTUM<br \/>\n&#8211; OYKAMI Body-\/ Handlotion<br \/>\n&#8211; OYKAMI Sojaduftkerze XL<br \/>\n&#8211; Kleine Bambusschachtel f\u00fcr Schmuckaufbewahrung<br \/>\n&#8211; Streichholzschachtel<br \/>\n&#8211; Badesalz<br \/>\n&#8211; Taschent\u00fccher mit Herzen<br \/>\n&#8211; Postkarte mit Pinguin<br \/>\n&#8211; Grusskarte mit Herz und Couvert<\/p>\n<p>Das Geschenk wird in einem hochwertigen weissen Karton geliefert und kann sofort verschenkt werden. Der weisse Karton enth\u00e4lt ein Magnet zum zusammenhalten, ist \u00e4usserst stabil und kann wieder verwendet werden. Er wird mit einer sch\u00f6nen Geschenk-Schleife versehen.<\/p>\n<p>Zus\u00e4tzliche Informationen:<br \/>\n&#8211; Masse Geschenkbox: T: 35cm \/ B: 28cm \/ H: 11cm<br \/>\n&#8211; Kerzen hergestellt in England<br \/>\n&#8211; Bodylotions hergestellt in den USA<\/p>\n<p>\u2661 Hinweis zur Zusammenstellung der Box:<br \/>\nUnsere Geschenkboxen werden mit viel Liebe und Sorgfalt gepackt. Damit jede Box immer harmonisch und passend bleibt, k\u00f6nnen einzelne Produkte je nach Saison oder Verf\u00fcgbarkeit leicht variieren. Wir achten dabei stets darauf, dass die Alternativen in Qualit\u00e4t, Stil und Wert gleichwertig sind \u2013 so bleibt jede Geschenkbox ein besonderes Erlebnis.<\/p>\n","protected":false},"excerpt":{"rendered":"<p>Erlebe wahre Sch\u00f6nheit mit unserer Love-Geschenkbox. Tauche ein in eine Welt der Eleganz und Verf\u00fchrung mit unserer exquisiten Geschenkbox, die speziell zusammengestellt wurde, um deine Sinne zu verw\u00f6hnen und deine nat\u00fcrliche Sch\u00f6nheit zu unterstreichen.<\/p>\n","protected":false},"featured_media":72919,"template":"","meta":[],"product_brand":[],"product_cat":[53,1003,999,52,1224],"product_tag":[1222],"woo-feed-brand":[],"class_list":{"0":"post-72920","1":"product","2":"type-product","3":"status-publish","4":"has-post-thumbnail","6":"product_cat-geschenksets","7":"product_cat-fuer-sie","8":"product_cat-valentinstag","9":"product_cat-geschenke","10":"product_cat-beauty-wellness","11":"product_tag-oykami-in-a-box","13":"first","14":"instock","15":"taxable","16":"shipping-taxable","17":"purchasable","18":"product-type-simple"},"_links":{"self":[{"href":"https:\/\/www.fleurop-home.ch\/de-ch\/wp-json\/wp\/v2\/product\/72920","targetHints":{"allow":["GET"]}}],"collection":[{"href":"https:\/\/www.fleurop-home.ch\/de-ch\/wp-json\/wp\/v2\/product"}],"about":[{"href":"https:\/\/www.fleurop-home.ch\/de-ch\/wp-json\/wp\/v2\/types\/product"}],"wp:featuredmedia":[{"embeddable":true,"href":"https:\/\/www.fleurop-home.ch\/de-ch\/wp-json\/wp\/v2\/media\/72919"}],"wp:attachment":[{"href":"https:\/\/www.fleurop-home.ch\/de-ch\/wp-json\/wp\/v2\/media?parent=72920"}],"wp:term":[{"taxonomy":"product_brand","embeddable":true,"href":"https:\/\/www.fleurop-home.ch\/de-ch\/wp-json\/wp\/v2\/product_brand?post=72920"},{"taxonomy":"product_cat","embeddable":true,"href":"https:\/\/www.fleurop-home.ch\/de-ch\/wp-json\/wp\/v2\/product_cat?post=72920"},{"taxonomy":"product_tag","embeddable":true,"href":"https:\/\/www.fleurop-home.ch\/de-ch\/wp-json\/wp\/v2\/product_tag?post=72920"},{"taxonomy":"woo-feed-brand","embeddable":true,"href":"https:\/\/www.fleurop-home.ch\/de-ch\/wp-json\/wp\/v2\/woo-feed-brand?post=72920"}],"curies":[{"name":"wp","href":"https:\/\/api.w.org\/{rel}","templated":true}]}}