{"id":72907,"date":"2026-02-10T08:09:54","date_gmt":"2026-02-10T07:09:54","guid":{"rendered":"https:\/\/www.fleurop-home.ch\/de-ch\/p\/gemuetliche-stunden-geschenkbox-liverpool"},"modified":"2026-02-10T08:09:54","modified_gmt":"2026-02-10T07:09:54","slug":"gemuetliche-stunden-geschenkbox-liverpool","status":"publish","type":"product","link":"https:\/\/www.fleurop-home.ch\/de-ch\/p\/gemuetliche-stunden-geschenkbox-liverpool","title":{"rendered":"Gem\u00fctliche Stunden Geschenkbox &#171;Liverpool&#187;"},"content":{"rendered":"<p>Erlebe gem\u00fctliche Stunden mit unserer sch\u00f6nen Geschenkbox.<\/p>\n<p>Tauche ein in eine Welt der Gem\u00fctlichkeit mit unserer exquisiten &#171;Gem\u00fctliche Stunden&#187; Geschenkbox, die speziell zusammengestellt wurde, um deine Sinne zu verw\u00f6hnen und Gem\u00fctlichkeit zu schaffen. In unserer liebevoll zusammengestellten Box findest du eine Auswahl an sch\u00f6nen und hochwertigen Produkten.<\/p>\n<p>Unsere Feel Good Geschenkbox beinhaltet:<br \/>\n&#8211; Grosse weisse Kuschel-Decke<br \/>\n&#8211; Weisse Tee- oder Kaffee Tasse<br \/>\n&#8211; Goldener L\u00f6ffel<br \/>\n&#8211; Goldener Stift<br \/>\n&#8211; Notizbuch<br \/>\n&#8211; Jutes\u00e4ckchen mit Regenbogen<\/p>\n<p>Diese sch\u00f6ne Geschenkbox eignet sich perfekt f\u00fcr Geburtstage, Jubil\u00e4en, Muttertage oder einfach nur, um einem besonderen Menschen zu zeigen, wie sehr du ihn sch\u00e4tzt.<\/p>\n<p>Das Geschenk wird in einem sch\u00f6nen weissen Karton inklusive Geschenkschleife geliefert und kann sofort verschenkt werden.<\/p>\n<p>Zus\u00e4tzliche Informationen:<br \/>\n&#8211; Masse Geschenkbox: T: 23cm \/ B: 23cm \/ H: 8cm<\/p>\n","protected":false},"excerpt":{"rendered":"<p>Erlebe gem\u00fctliche Stunden mit unserer sch\u00f6nen Geschenkbox. Tauche ein in eine Welt der Gem\u00fctlichkeit mit unserer exquisiten &#171;Gem\u00fctliche Stunden&#187; Geschenkbox, die speziell zusammengestellt wurde, um deine Sinne zu verw\u00f6hnen und Gem\u00fctlichkeit zu schaffen.<\/p>\n","protected":false},"featured_media":72906,"template":"","meta":[],"product_brand":[],"product_cat":[1176,1023,1003,797,999,48,52,1224,53],"product_tag":[1222],"woo-feed-brand":[],"class_list":{"0":"post-72907","1":"product","2":"type-product","3":"status-publish","4":"has-post-thumbnail","6":"product_cat-wohlbefinden","7":"product_cat-fuer-mama","8":"product_cat-fuer-sie","9":"product_cat-muttertag","10":"product_cat-valentinstag","11":"product_cat-bad-wellness","12":"product_cat-geschenke","13":"product_cat-beauty-wellness","14":"product_cat-geschenksets","15":"product_tag-oykami-in-a-box","17":"first","18":"instock","19":"taxable","20":"shipping-taxable","21":"purchasable","22":"product-type-simple"},"_links":{"self":[{"href":"https:\/\/www.fleurop-home.ch\/de-ch\/wp-json\/wp\/v2\/product\/72907","targetHints":{"allow":["GET"]}}],"collection":[{"href":"https:\/\/www.fleurop-home.ch\/de-ch\/wp-json\/wp\/v2\/product"}],"about":[{"href":"https:\/\/www.fleurop-home.ch\/de-ch\/wp-json\/wp\/v2\/types\/product"}],"wp:featuredmedia":[{"embeddable":true,"href":"https:\/\/www.fleurop-home.ch\/de-ch\/wp-json\/wp\/v2\/media\/72906"}],"wp:attachment":[{"href":"https:\/\/www.fleurop-home.ch\/de-ch\/wp-json\/wp\/v2\/media?parent=72907"}],"wp:term":[{"taxonomy":"product_brand","embeddable":true,"href":"https:\/\/www.fleurop-home.ch\/de-ch\/wp-json\/wp\/v2\/product_brand?post=72907"},{"taxonomy":"product_cat","embeddable":true,"href":"https:\/\/www.fleurop-home.ch\/de-ch\/wp-json\/wp\/v2\/product_cat?post=72907"},{"taxonomy":"product_tag","embeddable":true,"href":"https:\/\/www.fleurop-home.ch\/de-ch\/wp-json\/wp\/v2\/product_tag?post=72907"},{"taxonomy":"woo-feed-brand","embeddable":true,"href":"https:\/\/www.fleurop-home.ch\/de-ch\/wp-json\/wp\/v2\/woo-feed-brand?post=72907"}],"curies":[{"name":"wp","href":"https:\/\/api.w.org\/{rel}","templated":true}]}}